{"id":3986,"date":"2023-05-16T23:12:54","date_gmt":"2023-05-16T21:12:54","guid":{"rendered":"https:\/\/staging.aromed.ch\/acceuil\/"},"modified":"2026-01-12T11:15:17","modified_gmt":"2026-01-12T10:15:17","slug":"aromed-berufsvorsorge-aerzte-vereinigung-stiftung","status":"publish","type":"page","link":"https:\/\/aromed.ch\/de\/","title":{"rendered":"Home &#8211; DE"},"content":{"rendered":"\n<header class=\"c-home-hero header_home_hero\">\n    <picture class=\"picture_top_header_home\">\n        <source srcset=\"https:\/\/aromed.ch\/wp-content\/uploads\/2025\/05\/aromed-home-headband-hero.webp\" type=\"image\/webp\" \/>\n        <img decoding=\"async\" \n            src=\"https:\/\/aromed.ch\/wp-content\/uploads\/2025\/05\/aromed-home-headband-hero.jpg\" \n            alt=\"\" \n            fetchpriority=\"high\"\n            width=\"1920\" height=\"1080\"\n            style=\"position: absolute; width: 100%; height: 100%; object-fit: cover; z-index: -1;\" \n        \/>\n    <\/picture>\n    <div class=\"container\">\n        <div class=\"c-home-hero__container flex-row flex-col-md-2-1\">\n\n            <div class=\"col vert-flex\">\n                <h1 data-animation=\"fadeInDown\" class=\"c-home-hero__title hf_animated fade_top\">\n                    DIE GEGENWART AUFBAUEN, UM DIE ZUKUNFT ZU SICHERN.                <\/h1>\n                <p data-animation=\"fadeInUp\" class=\"c-home-hero__subtitle hf_animated fade_bottom\">\n                    Das ist das Motto von AROMED, das sich mit der Unterst\u00fctzung der besten Experten an Ihrer Seite engagiert.                <\/p>\n            <\/div>\n\n            <div  data-animation=\"fadeInRight\" class=\"col vert-flex  hf_animated fade_right\">\n                <div class=\"c-home-hero__badge\">\n                    <span class=\"c-badge-figure--1\">3 %<\/span>\n                    <span class=\"c-badge-figure--1-text\">Verg\u00fctungszinsen per 31.12.2025<\/span>\n                    <span class=\"c-badge-figure--2\"><\/span>\n                    <span class=\"c-badge-figure--2-text\"><\/span>\n                <\/div>\n            <\/div>\n            \n        <\/div>\n    <\/div>\n<\/header>\n\n\n<div class=\"wp-block-group is-layout-constrained wp-block-group-is-layout-constrained\">\n<h2 class=\"c-heading wp-block-heading\">PR\u00c4SENTATION<\/h2>\n\n\n\n<p class=\"\"><strong>Aromed<\/strong>, ein gemeinn\u00fctziger Verein f\u00fcr Ausbildung und Information im medizinischen Bereich.<\/p>\n\n\n\n<p class=\"\"><strong>Aromed<\/strong>, eine Stiftung f\u00fcr berufliche Vorsorge (BVG) zugunsten von angestellten oder selbstst\u00e4ndigen \u00c4rzten, Zahn\u00e4rzten oder Tier\u00e4rzten, die Mitglieder der Association Romande de M\u00e9decins sind.<\/p>\n\n\n\n<div class=\"wp-block-buttons is-layout-flex wp-block-buttons-is-layout-flex\">\n<div class=\"wp-block-button is-style-ghost\"><a class=\"wp-block-button__link wp-element-button\" href=\"https:\/\/aromed.ch\/\/de\/der-verein\/\">Verein<\/a><\/div>\n\n\n\n<div class=\"wp-block-button is-style-ghost\"><a class=\"wp-block-button__link wp-element-button\" href=\"https:\/\/aromed.ch\/\/de\/die-stiftung\/\">Stiftung<\/a><\/div>\n<\/div>\n\n\n\n<div class=\"wp-block-group is-layout-constrained wp-block-group-is-layout-constrained\">\n<div class=\"wp-block-columns is-layout-flex wp-container-core-columns-is-layout-53642b31 wp-block-columns-is-layout-flex\" style=\"padding-top:0;padding-right:0;padding-bottom:0;padding-left:0\">\n<div class=\"wp-block-column c-home-presentation__cards is-layout-flow wp-block-column-is-layout-flow\">\n<div class=\"wp-block-group is-layout-constrained wp-block-group-is-layout-constrained\">\n<h3 class=\"c-heading wp-block-heading\">Vorsorgepl\u00e4ne und -l\u00f6sungen<\/h3>\n\n\n\n<p class=\"\">Die Stiftung bietet eine Vielzahl von L\u00f6sungen an, die sich den Die Stiftung bietet eine Vielzahl von L\u00f6sungen an, die sich den Lebenszielen von \u00c4rzten bestm\u00f6glich anpassen: 14 Pl\u00e4ne stehen zur Auswahl, um Ihren Bed\u00fcrfnissen gerecht zu werden und Sie in allen Lebensphasen zu begleiten.<\/p>\n\n\n\n<div class=\"wp-block-buttons is-layout-flex wp-block-buttons-is-layout-flex\">\n<div class=\"wp-block-button is-style-primary\"><a class=\"wp-block-button__link wp-element-button\" href=\"https:\/\/aromed.ch\/de\/die-stiftung\/seite-vorsorgeloesungen\/\">mehr dazu<\/a><\/div>\n<\/div>\n<\/div>\n<\/div>\n\n\n\n<div class=\"wp-block-column c-home-presentation__cards is-layout-flow wp-block-column-is-layout-flow\">\n<div class=\"wp-block-group is-layout-constrained wp-block-group-is-layout-constrained\">\n<h3 class=\"c-heading wp-block-heading\">Plan Balance Sicherheit<\/h3>\n\n\n\n<p class=\"\">Sind Sie j\u00fcnger als 50 Jahre?<br>Sie sind selbstst\u00e4ndig oder auf dem Weg dorthin?<br>Wir haben eine einzigartige L\u00f6sung f\u00fcr Sie, mit der Sie Ihre Risiken unabh\u00e4ngig von Ihrem Umsatz bis zu CHF 151.200 abdecken k\u00f6nnen.<\/p>\n\n\n\n<div class=\"wp-block-buttons is-layout-flex wp-block-buttons-is-layout-flex\">\n<div class=\"wp-block-button is-style-secondary\"><a class=\"wp-block-button__link wp-element-button\" href=\"https:\/\/aromed.ch\/de\/die-stiftung\/seite-vorsorgeloesungen\/\">MEHR DAZU<\/a><\/div>\n<\/div>\n<\/div>\n<\/div>\n<\/div>\n<\/div>\n<\/div>\n\n\n\n\n<section id=\"chiffres-cles\" class=\"c-block-key-numbers bg--gray alignfull\">\n    <div class=\"container\">\n                <div class=\"c-block-key-numbers__row\">\n                            <div class=\"col\">\n                    <div class=\"c-block-key-numbers__item\">\n                        <div class=\"c-block-key-numbers__figure\">\n                            <span class=\"counter\">1435<\/span>\n\n                                                        \n                        <\/div>\n                        <div class=\"c-block-key-numbers__text\">\n                            Versicherte                        <\/div>\n                    <\/div>\n                    \n                <\/div>\n                                <div class=\"col\">\n                    <div class=\"c-block-key-numbers__item\">\n                        <div class=\"c-block-key-numbers__figure\">\n                            <span class=\"counter\">109.7<\/span>\n\n                                                            <span>&nbsp;%<span>\n                                                        \n                        <\/div>\n                        <div class=\"c-block-key-numbers__text\">\n                            Deckungsgrad                        <\/div>\n                    <\/div>\n                    \n                <\/div>\n                                <div class=\"col\">\n                    <div class=\"c-block-key-numbers__item\">\n                        <div class=\"c-block-key-numbers__figure\">\n                            <span class=\"counter\">2.5<\/span>\n\n                                                            <span>&nbsp;%<span>\n                                                        \n                        <\/div>\n                        <div class=\"c-block-key-numbers__text\">\n                            Zinsaussch\u00fcttung \u00fcber 10 Jahre                        <\/div>\n                    <\/div>\n                    \n                <\/div>\n                                <div class=\"col\">\n                    <div class=\"c-block-key-numbers__item\">\n                        <div class=\"c-block-key-numbers__figure\">\n                            <span class=\"counter\">918<\/span>\n\n                                                        \n                        <\/div>\n                        <div class=\"c-block-key-numbers__text\">\n                            Mio. CHF Verm\u00f6gen                        <\/div>\n                    <\/div>\n                    \n                <\/div>\n                            \n        <\/div>\n    <\/div>\n<\/section>\n\n<script>\n    \/\/ ============================================================\n\/\/ Counter up init on waypoint\n\/\/ ============================================================\n\n\njQuery('.counter').counterUp({\n        delay: 10,\n        time: 1000,\n    });\n<\/script>\n\n\n<section id=\"news\" class=\"c-home-news\">\n    <div class=\"container\">\n        <div class=\"flex-row\">\n            <div class=\"c-home-news__list-container\">\n                <div class=\"c-home-news__list\">\n\n                    <h2 class=\"title__section--big\">\n                        NEWS                    <\/h2>\n\n                    <ul class=\"c-news-list\">                            <li class=\"c-news-list__item\">\n                                <a href=\"https:\/\/aromed.ch\/de\/vorsorgeloesungen-fuer-aerzte-machen-sie-sich-mit-den-moeglichkeiten-vertraut\/\">VORSORGEL\u00d6SUNGEN F\u00dcR \u00c4RZTE: MACHEN SIE SICH MIT DEN M\u00d6GLICHKEITEN VERTRAUT<\/a>\n                            <\/li>\n                                                        <li class=\"c-news-list__item\">\n                                <a href=\"https:\/\/aromed.ch\/de\/die-pandemie-hat-die-kosten-im-jahr-2020-gesenkt\/\">DIE PANDEMIE HAT DIE KOSTEN IM JAHR 2020 GESENKT<\/a>\n                            <\/li>\n                                                        <li class=\"c-news-list__item\">\n                                <a href=\"https:\/\/aromed.ch\/de\/die-stiftung-zugunsten-aromed-feiert-ihr-20-jaehriges-bestehen\/\">DIE STIFTUNG ZUGUNSTEN AROMED FEIERT IHR 20-J\u00c4HRIGES BESTEHEN<\/a>\n                            <\/li>\n                            <\/ul>\n                    <a href=\"\/news\/\" class=\"btn btn-news\">Alle news anzeigen<\/a>\n\n                <\/div>\n            <\/div>\n            <!-- \/.col -->\n            <div class=\"c-home-news__carousel-container\">\n                <div class=\"c-home-news__carousel owl-carousel\">                        <a href=\"https:\/\/aromed.ch\/de\/vorsorgeloesungen-fuer-aerzte-machen-sie-sich-mit-den-moeglichkeiten-vertraut\/\">\n                            <div class=\"c-news-carousel__item\">\n\n                                                                    <img src=\"https:\/\/aromed.ch\/wp-content\/uploads\/2023\/02\/la-prevoyance-des-medecins-aromed-2021-500x335-1.jpg\" srcset=\"https:\/\/aromed.ch\/wp-content\/uploads\/2023\/02\/la-prevoyance-des-medecins-aromed-2021-500x335-1.jpg 500w, https:\/\/aromed.ch\/wp-content\/uploads\/2023\/02\/la-prevoyance-des-medecins-aromed-2021-500x335-1-300x201.jpg 300w\" alt=\"La Prevoyance Des Medecins Aromed 2021 500x335\"\n                                        sizes=\"(max-width: 350px) 100vw, 350px\" decoding=\"async\" loading=\"lazy\" \/>\n                                    \n                                <div class=\"c-news-carousel__desc\">\n\n                                    \n                                    <h3 class=\"c-news-carousel__title title__small text--accent\">\n                                        VORSORGEL\u00d6SUNGEN F\u00dcR \u00c4RZTE: MACHEN SIE SICH MIT DEN M\u00d6GLICHKEITEN VERTRAUT                                    <\/h3>\n                                    <p><p>Ob Sie nun Arzt, Zahnarzt, Tierarzt oder Praxisinhaber sind, es ist wichtig, dass Sie Ihre Vorsorgel\u00f6sungen kennen und diejenige finden, die Ihren Bed\u00fcrfnissen am besten entspricht, indem Sie Ihre Ziele und Priorit\u00e4ten ber\u00fccksichtigen.\u00a0\u00a0 Als Mitglied des AROMED-Verbands stehen Ihnen zahlreiche M\u00f6glichkeiten zur Verf\u00fcgung. Obwohl diese Vorsorgepl\u00e4ne nach vielen Kriterien individuell gestaltet werden k\u00f6nnen, folgt nun [&hellip;]<\/p>\n<\/p>\n                                <\/div>\n                            <\/div>\n                        <\/a>\n                                                <a href=\"https:\/\/aromed.ch\/de\/die-pandemie-hat-die-kosten-im-jahr-2020-gesenkt\/\">\n                            <div class=\"c-news-carousel__item\">\n\n                                                                    <img src=\"https:\/\/aromed.ch\/wp-content\/uploads\/2023\/02\/pandemie-depense-sante-2020-500x335-1.jpg\" srcset=\"https:\/\/aromed.ch\/wp-content\/uploads\/2023\/02\/pandemie-depense-sante-2020-500x335-1.jpg 500w, https:\/\/aromed.ch\/wp-content\/uploads\/2023\/02\/pandemie-depense-sante-2020-500x335-1-300x201.jpg 300w\" alt=\"Pandemie Depense Sante 2020 500x335\"\n                                        sizes=\"(max-width: 350px) 100vw, 350px\" decoding=\"async\" loading=\"lazy\" \/>\n                                    \n                                <div class=\"c-news-carousel__desc\">\n\n                                    \n                                    <h3 class=\"c-news-carousel__title title__small text--accent\">\n                                        DIE PANDEMIE HAT DIE KOSTEN IM JAHR 2020 GESENKT                                    <\/h3>\n                                    <p><p>Die Coronavirus-Pandemie hat insgesamt zu einer Senkung der Gesundheitskosten im Jahr 2020 gef\u00fchrt, so die Ergebnisse der &#8222;Studie \u00fcber die Krankenversicherungen in der Schweiz&#8220;. Mit einem Anstieg von 1. 2 % im Vergleich zum Vorjahr stiegen die Kosten der obligatorischen Krankenpflegeversicherung (OKP) im Jahr 2020 deutlich weniger als der langfristige Durchschnitt von +3.9 % pro [&hellip;]<\/p>\n<\/p>\n                                <\/div>\n                            <\/div>\n                        <\/a>\n                                                <a href=\"https:\/\/aromed.ch\/de\/die-stiftung-zugunsten-aromed-feiert-ihr-20-jaehriges-bestehen\/\">\n                            <div class=\"c-news-carousel__item\">\n\n                                                                    <img src=\"https:\/\/aromed.ch\/wp-content\/uploads\/2023\/05\/aromed-fondation-video-poster-1-350x235.jpg\" srcset=\"https:\/\/aromed.ch\/wp-content\/uploads\/2023\/05\/aromed-fondation-video-poster-1-350x235.jpg 350w, https:\/\/aromed.ch\/wp-content\/uploads\/2023\/05\/aromed-fondation-video-poster-1-300x200.jpg 300w, https:\/\/aromed.ch\/wp-content\/uploads\/2023\/05\/aromed-fondation-video-poster-1-500x335.jpg 500w\" alt=\"Aromed Fondation Video Poster (1)\"\n                                        sizes=\"(max-width: 350px) 100vw, 350px\" decoding=\"async\" loading=\"lazy\" \/>\n                                    \n                                <div class=\"c-news-carousel__desc\">\n\n                                    \n                                    <h3 class=\"c-news-carousel__title title__small text--accent\">\n                                        DIE STIFTUNG ZUGUNSTEN AROMED FEIERT IHR 20-J\u00c4HRIGES BESTEHEN                                    <\/h3>\n                                    <p><p>Die Stiftung zugunsten Aromed feiert dieses Jahr ihr 20-j\u00e4hriges Bestehen. Seit ihrer Gr\u00fcndung hat sie immer wieder ma\u00dfgeschneiderte Vorsorgel\u00f6sungen und Altersleistungen f\u00fcr \u00c4rzte, Zahn\u00e4rzte und Tier\u00e4rzte bereitgestellt..<\/p>\n<\/p>\n                                <\/div>\n                            <\/div>\n                        <\/a>\n                                                <a href=\"https:\/\/aromed.ch\/de\/newsletter-februar-2021\/\">\n                            <div class=\"c-news-carousel__item\">\n\n                                                                    <img src=\"https:\/\/aromed.ch\/wp-content\/uploads\/2023\/02\/newsletter-aromed-fevrier-2021-500x335-1.jpg\" srcset=\"https:\/\/aromed.ch\/wp-content\/uploads\/2023\/02\/newsletter-aromed-fevrier-2021-500x335-1.jpg 500w, https:\/\/aromed.ch\/wp-content\/uploads\/2023\/02\/newsletter-aromed-fevrier-2021-500x335-1-300x201.jpg 300w\" alt=\"newsletter - februar - Aromed - 2021 500x335\"\n                                        sizes=\"(max-width: 350px) 100vw, 350px\" decoding=\"async\" loading=\"lazy\" \/>\n                                    \n                                <div class=\"c-news-carousel__desc\">\n\n                                    \n                                    <h3 class=\"c-news-carousel__title title__small text--accent\">\n                                        NEWSLETTER &#8211; FEBRUAR 2021                                    <\/h3>\n                                    <p><p>Sehr geehrte Kundinnen und Kunden, zu Beginn des neuen Jahres m\u00f6chten wir Ihnen einige Informationen \u00fcber die Entwicklung der Vorsorgestiftung zugunsten Aromed geben.<\/p>\n<\/p>\n                                <\/div>\n                            <\/div>\n                        <\/a>\n                        <\/div>\n            <\/div>\n        <\/div>\n    <\/div>\n<\/section>\n\n<!-- Carousel init + options -->\n<script>\n    jQuery(document).ready(function () {\n\n        jQuery(\".owl-carousel.c-home-news__carousel\").owlCarousel({\n\n            items: 1,\n            autoplay: true,\n            autoplayTimeout: 3000,\n            autoplayHoverPause: false,\n            \/\/ margin: 40,\n            loop: true,\n            dots: true,\n            responsiveClass: true,\n            responsive: {\n                \/\/ breakpoint from 0 up\n                0: {\n                    items: 1,\n                },\n                \/\/ breakpoint from 480 up\n                560: {\n                    items: 2,\n                },\n                \/\/ breakpoint from 768 up\n                768: {\n                    items: 2,\n                }\n            }\n        });\n    });\n<\/script>","protected":false},"excerpt":{"rendered":"<p>PR\u00c4SENTATION Aromed, ein gemeinn\u00fctziger Verein f\u00fcr Ausbildung und Information im medizinischen Bereich. Aromed, eine Stiftung f\u00fcr berufliche Vorsorge (BVG) zugunsten von angestellten oder selbstst\u00e4ndigen \u00c4rzten, Zahn\u00e4rzten oder Tier\u00e4rzten, die Mitglieder der Association Romande de M\u00e9decins sind. Vorsorgepl\u00e4ne und -l\u00f6sungen Die Stiftung bietet eine Vielzahl von L\u00f6sungen an, die sich den Die Stiftung bietet eine Vielzahl [&hellip;]<\/p>\n","protected":false},"author":1,"featured_media":0,"parent":0,"menu_order":0,"comment_status":"closed","ping_status":"closed","template":"","meta":{"_acf_changed":false,"_habefastfse_class":"","footnotes":""},"class_list":["post-3986","page","type-page","status-publish","hentry"],"acf":[],"yoast_head":"<!-- This site is optimized with the Yoast SEO plugin v27.1.1 - https:\/\/yoast.com\/product\/yoast-seo-wordpress\/ -->\n<meta name=\"description\" content=\"Westschweizer \u00c4rzteverband und Stiftung f\u00fcr berufliche Vorsorge f\u00fcr \u00c4rzte, angestellte oder selbstst\u00e4ndige Tier\u00e4rzte, die Mitglieder des Verbands sind.\" \/>\n<meta name=\"robots\" content=\"index, follow, max-snippet:-1, max-image-preview:large, max-video-preview:-1\" \/>\n<link rel=\"canonical\" href=\"https:\/\/aromed.ch\/de\/\" \/>\n<meta property=\"og:locale\" content=\"de_DE\" \/>\n<meta property=\"og:type\" content=\"article\" \/>\n<meta property=\"og:title\" content=\"AROMED | Vorsorgeverband f\u00fcr medizinische Berufe\" \/>\n<meta property=\"og:description\" content=\"Westschweizer \u00c4rzteverband und Stiftung f\u00fcr berufliche Vorsorge f\u00fcr \u00c4rzte, angestellte oder selbstst\u00e4ndige Tier\u00e4rzte, die Mitglieder des Verbands sind.\" \/>\n<meta property=\"og:url\" content=\"https:\/\/aromed.ch\/de\/\" \/>\n<meta property=\"og:site_name\" content=\"Aromed\" \/>\n<meta property=\"article:modified_time\" content=\"2026-01-12T10:15:17+00:00\" \/>\n<meta name=\"twitter:card\" content=\"summary_large_image\" \/>\n<meta name=\"twitter:label1\" content=\"Gesch\u00e4tzte Lesezeit\" \/>\n\t<meta name=\"twitter:data1\" content=\"1\u00a0Minute\" \/>\n<script type=\"application\/ld+json\" class=\"yoast-schema-graph\">{\"@context\":\"https:\/\/schema.org\",\"@graph\":[{\"@type\":\"WebPage\",\"@id\":\"https:\/\/aromed.ch\/de\/\",\"url\":\"https:\/\/aromed.ch\/de\/\",\"name\":\"AROMED | Vorsorgeverband f\u00fcr medizinische Berufe\",\"isPartOf\":{\"@id\":\"https:\/\/aromed.ch\/de\/#website\"},\"datePublished\":\"2023-05-16T21:12:54+00:00\",\"dateModified\":\"2026-01-12T10:15:17+00:00\",\"description\":\"Westschweizer \u00c4rzteverband und Stiftung f\u00fcr berufliche Vorsorge f\u00fcr \u00c4rzte, angestellte oder selbstst\u00e4ndige Tier\u00e4rzte, die Mitglieder des Verbands sind.\",\"breadcrumb\":{\"@id\":\"https:\/\/aromed.ch\/de\/#breadcrumb\"},\"inLanguage\":\"de\",\"potentialAction\":[{\"@type\":\"ReadAction\",\"target\":[\"https:\/\/aromed.ch\/de\/\"]}]},{\"@type\":\"BreadcrumbList\",\"@id\":\"https:\/\/aromed.ch\/de\/#breadcrumb\",\"itemListElement\":[{\"@type\":\"ListItem\",\"position\":1,\"name\":\"Home\",\"item\":\"https:\/\/aromed.ch\/de\/\"},{\"@type\":\"ListItem\",\"position\":2,\"name\":\"Home &#8211; DE\"}]},{\"@type\":\"WebSite\",\"@id\":\"https:\/\/aromed.ch\/de\/#website\",\"url\":\"https:\/\/aromed.ch\/de\/\",\"name\":\"Aromed\",\"description\":\"\/sc\",\"publisher\":{\"@id\":\"https:\/\/aromed.ch\/de\/#organization\"},\"potentialAction\":[{\"@type\":\"SearchAction\",\"target\":{\"@type\":\"EntryPoint\",\"urlTemplate\":\"https:\/\/aromed.ch\/de\/?s={search_term_string}\"},\"query-input\":{\"@type\":\"PropertyValueSpecification\",\"valueRequired\":true,\"valueName\":\"search_term_string\"}}],\"inLanguage\":\"de\"},{\"@type\":\"Organization\",\"@id\":\"https:\/\/aromed.ch\/de\/#organization\",\"name\":\"Aromed\",\"url\":\"https:\/\/aromed.ch\/de\/\",\"logo\":{\"@type\":\"ImageObject\",\"inLanguage\":\"de\",\"@id\":\"https:\/\/aromed.ch\/de\/#\/schema\/logo\/image\/\",\"url\":\"https:\/\/aromed.ch\/wp-content\/uploads\/2023\/06\/aromed-logotype-fondation-de.svg\",\"contentUrl\":\"https:\/\/aromed.ch\/wp-content\/uploads\/2023\/06\/aromed-logotype-fondation-de.svg\",\"width\":960,\"height\":83,\"caption\":\"Aromed\"},\"image\":{\"@id\":\"https:\/\/aromed.ch\/de\/#\/schema\/logo\/image\/\"}}]}<\/script>\n<!-- \/ Yoast SEO plugin. -->","yoast_head_json":{"description":"Westschweizer \u00c4rzteverband und Stiftung f\u00fcr berufliche Vorsorge f\u00fcr \u00c4rzte, angestellte oder selbstst\u00e4ndige Tier\u00e4rzte, die Mitglieder des Verbands sind.","robots":{"index":"index","follow":"follow","max-snippet":"max-snippet:-1","max-image-preview":"max-image-preview:large","max-video-preview":"max-video-preview:-1"},"canonical":"https:\/\/aromed.ch\/de\/","og_locale":"de_DE","og_type":"article","og_title":"AROMED | Vorsorgeverband f\u00fcr medizinische Berufe","og_description":"Westschweizer \u00c4rzteverband und Stiftung f\u00fcr berufliche Vorsorge f\u00fcr \u00c4rzte, angestellte oder selbstst\u00e4ndige Tier\u00e4rzte, die Mitglieder des Verbands sind.","og_url":"https:\/\/aromed.ch\/de\/","og_site_name":"Aromed","article_modified_time":"2026-01-12T10:15:17+00:00","twitter_card":"summary_large_image","twitter_misc":{"Gesch\u00e4tzte Lesezeit":"1\u00a0Minute"},"schema":{"@context":"https:\/\/schema.org","@graph":[{"@type":"WebPage","@id":"https:\/\/aromed.ch\/de\/","url":"https:\/\/aromed.ch\/de\/","name":"AROMED | Vorsorgeverband f\u00fcr medizinische Berufe","isPartOf":{"@id":"https:\/\/aromed.ch\/de\/#website"},"datePublished":"2023-05-16T21:12:54+00:00","dateModified":"2026-01-12T10:15:17+00:00","description":"Westschweizer \u00c4rzteverband und Stiftung f\u00fcr berufliche Vorsorge f\u00fcr \u00c4rzte, angestellte oder selbstst\u00e4ndige Tier\u00e4rzte, die Mitglieder des Verbands sind.","breadcrumb":{"@id":"https:\/\/aromed.ch\/de\/#breadcrumb"},"inLanguage":"de","potentialAction":[{"@type":"ReadAction","target":["https:\/\/aromed.ch\/de\/"]}]},{"@type":"BreadcrumbList","@id":"https:\/\/aromed.ch\/de\/#breadcrumb","itemListElement":[{"@type":"ListItem","position":1,"name":"Home","item":"https:\/\/aromed.ch\/de\/"},{"@type":"ListItem","position":2,"name":"Home &#8211; DE"}]},{"@type":"WebSite","@id":"https:\/\/aromed.ch\/de\/#website","url":"https:\/\/aromed.ch\/de\/","name":"Aromed","description":"\/sc","publisher":{"@id":"https:\/\/aromed.ch\/de\/#organization"},"potentialAction":[{"@type":"SearchAction","target":{"@type":"EntryPoint","urlTemplate":"https:\/\/aromed.ch\/de\/?s={search_term_string}"},"query-input":{"@type":"PropertyValueSpecification","valueRequired":true,"valueName":"search_term_string"}}],"inLanguage":"de"},{"@type":"Organization","@id":"https:\/\/aromed.ch\/de\/#organization","name":"Aromed","url":"https:\/\/aromed.ch\/de\/","logo":{"@type":"ImageObject","inLanguage":"de","@id":"https:\/\/aromed.ch\/de\/#\/schema\/logo\/image\/","url":"https:\/\/aromed.ch\/wp-content\/uploads\/2023\/06\/aromed-logotype-fondation-de.svg","contentUrl":"https:\/\/aromed.ch\/wp-content\/uploads\/2023\/06\/aromed-logotype-fondation-de.svg","width":960,"height":83,"caption":"Aromed"},"image":{"@id":"https:\/\/aromed.ch\/de\/#\/schema\/logo\/image\/"}}]}},"_links":{"self":[{"href":"https:\/\/aromed.ch\/de\/wp-json\/wp\/v2\/pages\/3986","targetHints":{"allow":["GET"]}}],"collection":[{"href":"https:\/\/aromed.ch\/de\/wp-json\/wp\/v2\/pages"}],"about":[{"href":"https:\/\/aromed.ch\/de\/wp-json\/wp\/v2\/types\/page"}],"author":[{"embeddable":true,"href":"https:\/\/aromed.ch\/de\/wp-json\/wp\/v2\/users\/1"}],"replies":[{"embeddable":true,"href":"https:\/\/aromed.ch\/de\/wp-json\/wp\/v2\/comments?post=3986"}],"version-history":[{"count":36,"href":"https:\/\/aromed.ch\/de\/wp-json\/wp\/v2\/pages\/3986\/revisions"}],"predecessor-version":[{"id":12882,"href":"https:\/\/aromed.ch\/de\/wp-json\/wp\/v2\/pages\/3986\/revisions\/12882"}],"wp:attachment":[{"href":"https:\/\/aromed.ch\/de\/wp-json\/wp\/v2\/media?parent=3986"}],"curies":[{"name":"wp","href":"https:\/\/api.w.org\/{rel}","templated":true}]}}