{"id":4151,"date":"2023-05-16T11:47:47","date_gmt":"2023-05-16T09:47:47","guid":{"rendered":"https:\/\/staging.aromed.ch\/contactez-nous-repondre-questions-aromed\/"},"modified":"2023-08-04T14:05:06","modified_gmt":"2023-08-04T12:05:06","slug":"kontakt","status":"publish","type":"page","link":"https:\/\/aromed.ch\/de\/kontakt\/","title":{"rendered":"Kontakt"},"content":{"rendered":"\n \n <header class=\"c-page-hero alignfull c-page-hero--has-bg\"  style=\"background-image:url(' https:\/\/aromed.ch\/wp-content\/uploads\/2023\/06\/aromed-bandeau-pages-internes-desktop-4.jpg')\"  >\n    <div class=\"c-page-hero__container\">\n        <!-- <h1 class=\"title__page mb-xs-20\">KONTAKT<\/h1> -->\n        <h1 class=\"title__page mb-xs-20\"  style=\"color:#4d4e50;\">KONTAKT<\/h1>\n    <\/div>\n<\/header>\n\n\n\n<div style=\"height:70px\" aria-hidden=\"true\" class=\"wp-block-spacer  \"><\/div>\n\n\n\n<div class=\"wp-block-columns container--narrow is-layout-flex wp-container-core-columns-is-layout-9d6595d7 wp-block-columns-is-layout-flex\">\n<div class=\"wp-block-column is-layout-flow wp-block-column-is-layout-flow\">\n<h2 class=\"c-heading wp-block-heading is-style-title-smaller has-theme-primary-color has-text-color  \">UNSERE ADRESSE<\/h2>\n\n\n\n<p class=\"\">Aromed<br>Route des Avouillons 30<br>1196 Gland<br>E-mail:&nbsp;<em><a href=\"mailto:info@aromed.ch\">info@aromed.ch<\/a><\/em><\/p>\n<\/div>\n\n\n\n<div class=\"wp-block-column is-layout-flow wp-block-column-is-layout-flow\">\n<h2 class=\"c-heading wp-block-heading is-style-title-smaller has-theme-primary-color has-text-color  \">TELEFON<\/h2>\n\n\n\n<figure class=\"wp-block-table  \"><table style=\"border-style:none;border-width:0px\"><tbody><tr><td>Sekretariat:<\/td><td><a href=\"tel:022 365 66 67\">022 365 66 67<\/a><\/td><\/tr><tr><td>Fax:<\/td><td><a href=\"tel:022 361 50 25\">022 361 50 25<\/a><\/td><\/tr><\/tbody><\/table><\/figure>\n<\/div>\n<\/div>\n\n\n\n<div class=\"wp-block-group container--narrow is-layout-constrained wp-block-group-is-layout-constrained\">\n<h2 class=\"c-heading wp-block-heading is-style-title-smaller has-theme-primary-color has-text-color  \">NEHMEN SIE KONTAKT MIT AROMED AUF<\/h2>\n\n\n\n<p class=\"\"><\/p>\n\n\n\n<div class=\"wp-block-contact-form-7-contact-form-selector  \">\n<div class=\"wpcf7 no-js\" id=\"wpcf7-f5539-o1\" lang=\"de-DE\" dir=\"ltr\" data-wpcf7-id=\"5539\">\n<div class=\"screen-reader-response\"><p role=\"status\" aria-live=\"polite\" aria-atomic=\"true\"><\/p> <ul><\/ul><\/div>\n<form action=\"\/de\/wp-json\/wp\/v2\/pages\/4151#wpcf7-f5539-o1\" method=\"post\" class=\"wpcf7-form init\" aria-label=\"Kontaktformular\" novalidate=\"novalidate\" data-status=\"init\">\n<fieldset class=\"hidden-fields-container\"><input type=\"hidden\" name=\"_wpcf7\" value=\"5539\" \/><input type=\"hidden\" name=\"_wpcf7_version\" value=\"6.1.5\" \/><input type=\"hidden\" name=\"_wpcf7_locale\" value=\"de_DE\" \/><input type=\"hidden\" name=\"_wpcf7_unit_tag\" value=\"wpcf7-f5539-o1\" \/><input type=\"hidden\" name=\"_wpcf7_container_post\" value=\"0\" \/><input type=\"hidden\" name=\"_wpcf7_posted_data_hash\" value=\"\" \/><input type=\"hidden\" name=\"_wpcf7cf_hidden_group_fields\" value=\"[]\" \/><input type=\"hidden\" name=\"_wpcf7cf_hidden_groups\" value=\"[]\" \/><input type=\"hidden\" name=\"_wpcf7cf_visible_groups\" value=\"[]\" \/><input type=\"hidden\" name=\"_wpcf7cf_repeaters\" value=\"[]\" \/><input type=\"hidden\" name=\"_wpcf7cf_steps\" value=\"{}\" \/><input type=\"hidden\" name=\"_wpcf7cf_options\" value=\"{&quot;form_id&quot;:5539,&quot;conditions&quot;:[],&quot;settings&quot;:{&quot;animation&quot;:&quot;yes&quot;,&quot;animation_intime&quot;:200,&quot;animation_outtime&quot;:200,&quot;conditions_ui&quot;:&quot;normal&quot;,&quot;notice_dismissed&quot;:false,&quot;notice_dismissed_update-cf7-5.7.7&quot;:true}}\" \/><input type=\"hidden\" name=\"_wpcf7_recaptcha_response\" value=\"\" \/>\n<\/fieldset>\n<div class=\"flex-row flex-col-md-2\">\n<div class=\"col\"><span class=\"wpcf7-form-control-wrap\" data-name=\"your-firstname\"><input size=\"40\" maxlength=\"400\" class=\"wpcf7-form-control wpcf7-text wpcf7-validates-as-required\" aria-required=\"true\" aria-invalid=\"false\" placeholder=\"Vorname*\" value=\"\" type=\"text\" name=\"your-firstname\" \/><\/span><\/div>\n<div class=\"col\"><span class=\"wpcf7-form-control-wrap\" data-name=\"your-surname\"><input size=\"40\" maxlength=\"400\" class=\"wpcf7-form-control wpcf7-text wpcf7-validates-as-required\" aria-required=\"true\" aria-invalid=\"false\" placeholder=\"Name*\" value=\"\" type=\"text\" name=\"your-surname\" \/><\/span><\/div>\n<\/div>\n<div class=\"flex-row flex-col-md-2\">\n<div class=\"col\"><span class=\"wpcf7-form-control-wrap\" data-name=\"your-email\"><input size=\"40\" maxlength=\"400\" class=\"wpcf7-form-control wpcf7-email wpcf7-validates-as-required wpcf7-text wpcf7-validates-as-email\" aria-required=\"true\" aria-invalid=\"false\" placeholder=\"Ihre E-Mail-Adresse*\" value=\"\" type=\"email\" name=\"your-email\" \/><\/span><\/div>\n<div class=\"col\"><span class=\"wpcf7-form-control-wrap\" data-name=\"your-number\"><input class=\"wpcf7-form-control wpcf7-number wpcf7-validates-as-required wpcf7-validates-as-number\" aria-required=\"true\" aria-invalid=\"false\" placeholder=\"Telefonnummer*\" value=\"\" type=\"number\" name=\"your-number\" \/><\/span><\/div>\n<\/div>\n<div>\n<label class=\"inline\"> Ihr Anliegen... <\/label><span class=\"wpcf7-form-control-wrap\" data-name=\"your-motif\"><select class=\"wpcf7-form-control wpcf7-select wpcf7-validates-as-required\" aria-required=\"true\" aria-invalid=\"false\" name=\"your-motif\"><option value=\"Anfrage f\u00fcr einen physischen Termin\">Anfrage f\u00fcr einen physischen Termin<\/option><option value=\"Anfrage f\u00fcr einen telefonischen Termin\">Anfrage f\u00fcr einen telefonischen Termin<\/option><option value=\"Anfrage f\u00fcr ein Angebot\">Anfrage f\u00fcr ein Angebot<\/option><option value=\"Verschiedene Fragen\">Verschiedene Fragen<\/option><option value=\"Anfrage nach einem Dokument\">Anfrage nach einem Dokument<\/option><\/select><\/span>\n<\/div>\n<div>\n<span class=\"wpcf7-form-control-wrap\" data-name=\"your-message\"><textarea cols=\"40\" rows=\"6\" maxlength=\"2000\" class=\"wpcf7-form-control wpcf7-textarea\" aria-invalid=\"false\" placeholder=\"Ihre Nachricht\" name=\"your-message\"><\/textarea><\/span>\n<\/div>\n   <div class=\"acceptance\"><span class=\"wpcf7-form-control-wrap\" data-name=\"validation\"><span class=\"wpcf7-form-control wpcf7-acceptance optional\"><span class=\"wpcf7-list-item\"><input type=\"checkbox\" name=\"validation\" value=\"1\" aria-invalid=\"false\" \/><\/span><\/span><\/span><label>Indem ich dieses K\u00e4stchen ankreuze und auf \"Senden\" dr\u00fccke, stimme ich zu, dass die in diesem Formular erfassten Informationen ausschlie\u00dflich im Zusammenhang mit meiner Anfrage und der ethischen und personalisierten Gesch\u00e4ftsbeziehung, die sich daraus ergeben k\u00f6nnte, verwendet werden. Um Ihre Rechte zu erfahren und auszu\u00fcben, insbesondere Ihre Zustimmung zur Verwendung der mit diesem Formular erhobenen Daten zu widerrufen, lesen Sie bitte unsere <a title=\"Datenschutzbestimmungen\" href=\"\/de\/datenschutzrichtlinie\/\">Datenschutzbestimmungen<\/a>.<\/label><\/div>\n<div class=\"wpcf7-response-output\" aria-hidden=\"true\"><\/div>\n<button class=\"wpcf7-form-control wpcf7-submit btn btn-primary--fondation\" type=\"submit\">SENDEN<\/button>\n<\/form>\n<\/div>\n<\/div>\n<\/div>\n\n\n\n<div style=\"height:100px\" aria-hidden=\"true\" class=\"wp-block-spacer  \"><\/div>\n","protected":false},"excerpt":{"rendered":"<p>UNSERE ADRESSE AromedRoute des Avouillons 301196 GlandE-mail:&nbsp;info@aromed.ch TELEFON Sekretariat: 022 365 66 67 Fax: 022 361 50 25 NEHMEN SIE KONTAKT MIT AROMED AUF<\/p>\n","protected":false},"author":1,"featured_media":0,"parent":0,"menu_order":0,"comment_status":"closed","ping_status":"closed","template":"","meta":{"_acf_changed":false,"_habefastfse_class":"","footnotes":""},"class_list":["post-4151","page","type-page","status-publish","hentry"],"acf":[],"yoast_head":"<!-- This site is optimized with the Yoast SEO plugin v27.3 - https:\/\/yoast.com\/product\/yoast-seo-wordpress\/ -->\n<meta name=\"description\" content=\"Wenn Sie Arzt sind und Fragen zur beruflichen Vorsorge oder zur Rentenversicherung haben, wenden Sie sich an AROMED.\" \/>\n<meta name=\"robots\" content=\"index, follow, max-snippet:-1, max-image-preview:large, max-video-preview:-1\" \/>\n<link rel=\"canonical\" href=\"https:\/\/aromed.ch\/de\/kontakt\/\" \/>\n<meta property=\"og:locale\" content=\"de_DE\" \/>\n<meta property=\"og:type\" content=\"article\" \/>\n<meta property=\"og:title\" content=\"Kontaktieren Sie uns, wir freuen uns auf Ihre Anfrage | AROMED\" \/>\n<meta property=\"og:description\" content=\"Wenn Sie Arzt sind und Fragen zur beruflichen Vorsorge oder zur Rentenversicherung haben, wenden Sie sich an AROMED.\" \/>\n<meta property=\"og:url\" content=\"https:\/\/aromed.ch\/de\/kontakt\/\" \/>\n<meta property=\"og:site_name\" content=\"Aromed\" \/>\n<meta property=\"article:modified_time\" content=\"2023-08-04T12:05:06+00:00\" \/>\n<meta name=\"twitter:card\" content=\"summary_large_image\" \/>\n<meta name=\"twitter:label1\" content=\"Gesch\u00e4tzte Lesezeit\" \/>\n\t<meta name=\"twitter:data1\" content=\"1\u00a0Minute\" \/>\n<script type=\"application\/ld+json\" class=\"yoast-schema-graph\">{\"@context\":\"https:\\\/\\\/schema.org\",\"@graph\":[{\"@type\":\"WebPage\",\"@id\":\"https:\\\/\\\/aromed.ch\\\/de\\\/kontakt\\\/\",\"url\":\"https:\\\/\\\/aromed.ch\\\/de\\\/kontakt\\\/\",\"name\":\"Kontaktieren Sie uns, wir freuen uns auf Ihre Anfrage | AROMED\",\"isPartOf\":{\"@id\":\"https:\\\/\\\/aromed.ch\\\/de\\\/#website\"},\"datePublished\":\"2023-05-16T09:47:47+00:00\",\"dateModified\":\"2023-08-04T12:05:06+00:00\",\"description\":\"Wenn Sie Arzt sind und Fragen zur beruflichen Vorsorge oder zur Rentenversicherung haben, wenden Sie sich an AROMED.\",\"breadcrumb\":{\"@id\":\"https:\\\/\\\/aromed.ch\\\/de\\\/kontakt\\\/#breadcrumb\"},\"inLanguage\":\"de\",\"potentialAction\":[{\"@type\":\"ReadAction\",\"target\":[\"https:\\\/\\\/aromed.ch\\\/de\\\/kontakt\\\/\"]}]},{\"@type\":\"BreadcrumbList\",\"@id\":\"https:\\\/\\\/aromed.ch\\\/de\\\/kontakt\\\/#breadcrumb\",\"itemListElement\":[{\"@type\":\"ListItem\",\"position\":1,\"name\":\"Home\",\"item\":\"https:\\\/\\\/aromed.ch\\\/de\\\/\"},{\"@type\":\"ListItem\",\"position\":2,\"name\":\"Kontakt\"}]},{\"@type\":\"WebSite\",\"@id\":\"https:\\\/\\\/aromed.ch\\\/de\\\/#website\",\"url\":\"https:\\\/\\\/aromed.ch\\\/de\\\/\",\"name\":\"Aromed\",\"description\":\"\\\/sc\",\"publisher\":{\"@id\":\"https:\\\/\\\/aromed.ch\\\/de\\\/#organization\"},\"potentialAction\":[{\"@type\":\"SearchAction\",\"target\":{\"@type\":\"EntryPoint\",\"urlTemplate\":\"https:\\\/\\\/aromed.ch\\\/de\\\/?s={search_term_string}\"},\"query-input\":{\"@type\":\"PropertyValueSpecification\",\"valueRequired\":true,\"valueName\":\"search_term_string\"}}],\"inLanguage\":\"de\"},{\"@type\":\"Organization\",\"@id\":\"https:\\\/\\\/aromed.ch\\\/de\\\/#organization\",\"name\":\"Aromed\",\"url\":\"https:\\\/\\\/aromed.ch\\\/de\\\/\",\"logo\":{\"@type\":\"ImageObject\",\"inLanguage\":\"de\",\"@id\":\"https:\\\/\\\/aromed.ch\\\/de\\\/#\\\/schema\\\/logo\\\/image\\\/\",\"url\":\"https:\\\/\\\/aromed.ch\\\/wp-content\\\/uploads\\\/2023\\\/06\\\/aromed-logotype-fondation-de.svg\",\"contentUrl\":\"https:\\\/\\\/aromed.ch\\\/wp-content\\\/uploads\\\/2023\\\/06\\\/aromed-logotype-fondation-de.svg\",\"width\":960,\"height\":83,\"caption\":\"Aromed\"},\"image\":{\"@id\":\"https:\\\/\\\/aromed.ch\\\/de\\\/#\\\/schema\\\/logo\\\/image\\\/\"}}]}<\/script>\n<!-- \/ Yoast SEO plugin. -->","yoast_head_json":{"description":"Wenn Sie Arzt sind und Fragen zur beruflichen Vorsorge oder zur Rentenversicherung haben, wenden Sie sich an AROMED.","robots":{"index":"index","follow":"follow","max-snippet":"max-snippet:-1","max-image-preview":"max-image-preview:large","max-video-preview":"max-video-preview:-1"},"canonical":"https:\/\/aromed.ch\/de\/kontakt\/","og_locale":"de_DE","og_type":"article","og_title":"Kontaktieren Sie uns, wir freuen uns auf Ihre Anfrage | AROMED","og_description":"Wenn Sie Arzt sind und Fragen zur beruflichen Vorsorge oder zur Rentenversicherung haben, wenden Sie sich an AROMED.","og_url":"https:\/\/aromed.ch\/de\/kontakt\/","og_site_name":"Aromed","article_modified_time":"2023-08-04T12:05:06+00:00","twitter_card":"summary_large_image","twitter_misc":{"Gesch\u00e4tzte Lesezeit":"1\u00a0Minute"},"schema":{"@context":"https:\/\/schema.org","@graph":[{"@type":"WebPage","@id":"https:\/\/aromed.ch\/de\/kontakt\/","url":"https:\/\/aromed.ch\/de\/kontakt\/","name":"Kontaktieren Sie uns, wir freuen uns auf Ihre Anfrage | AROMED","isPartOf":{"@id":"https:\/\/aromed.ch\/de\/#website"},"datePublished":"2023-05-16T09:47:47+00:00","dateModified":"2023-08-04T12:05:06+00:00","description":"Wenn Sie Arzt sind und Fragen zur beruflichen Vorsorge oder zur Rentenversicherung haben, wenden Sie sich an AROMED.","breadcrumb":{"@id":"https:\/\/aromed.ch\/de\/kontakt\/#breadcrumb"},"inLanguage":"de","potentialAction":[{"@type":"ReadAction","target":["https:\/\/aromed.ch\/de\/kontakt\/"]}]},{"@type":"BreadcrumbList","@id":"https:\/\/aromed.ch\/de\/kontakt\/#breadcrumb","itemListElement":[{"@type":"ListItem","position":1,"name":"Home","item":"https:\/\/aromed.ch\/de\/"},{"@type":"ListItem","position":2,"name":"Kontakt"}]},{"@type":"WebSite","@id":"https:\/\/aromed.ch\/de\/#website","url":"https:\/\/aromed.ch\/de\/","name":"Aromed","description":"\/sc","publisher":{"@id":"https:\/\/aromed.ch\/de\/#organization"},"potentialAction":[{"@type":"SearchAction","target":{"@type":"EntryPoint","urlTemplate":"https:\/\/aromed.ch\/de\/?s={search_term_string}"},"query-input":{"@type":"PropertyValueSpecification","valueRequired":true,"valueName":"search_term_string"}}],"inLanguage":"de"},{"@type":"Organization","@id":"https:\/\/aromed.ch\/de\/#organization","name":"Aromed","url":"https:\/\/aromed.ch\/de\/","logo":{"@type":"ImageObject","inLanguage":"de","@id":"https:\/\/aromed.ch\/de\/#\/schema\/logo\/image\/","url":"https:\/\/aromed.ch\/wp-content\/uploads\/2023\/06\/aromed-logotype-fondation-de.svg","contentUrl":"https:\/\/aromed.ch\/wp-content\/uploads\/2023\/06\/aromed-logotype-fondation-de.svg","width":960,"height":83,"caption":"Aromed"},"image":{"@id":"https:\/\/aromed.ch\/de\/#\/schema\/logo\/image\/"}}]}},"_links":{"self":[{"href":"https:\/\/aromed.ch\/de\/wp-json\/wp\/v2\/pages\/4151","targetHints":{"allow":["GET"]}}],"collection":[{"href":"https:\/\/aromed.ch\/de\/wp-json\/wp\/v2\/pages"}],"about":[{"href":"https:\/\/aromed.ch\/de\/wp-json\/wp\/v2\/types\/page"}],"author":[{"embeddable":true,"href":"https:\/\/aromed.ch\/de\/wp-json\/wp\/v2\/users\/1"}],"replies":[{"embeddable":true,"href":"https:\/\/aromed.ch\/de\/wp-json\/wp\/v2\/comments?post=4151"}],"version-history":[{"count":8,"href":"https:\/\/aromed.ch\/de\/wp-json\/wp\/v2\/pages\/4151\/revisions"}],"predecessor-version":[{"id":5540,"href":"https:\/\/aromed.ch\/de\/wp-json\/wp\/v2\/pages\/4151\/revisions\/5540"}],"wp:attachment":[{"href":"https:\/\/aromed.ch\/de\/wp-json\/wp\/v2\/media?parent=4151"}],"curies":[{"name":"wp","href":"https:\/\/api.w.org\/{rel}","templated":true}]}}