{"id":4176,"date":"2023-05-16T11:47:48","date_gmt":"2023-05-16T09:47:48","guid":{"rendered":"https:\/\/staging.aromed.ch\/prevoyance-solutions-lpp-pilier-actualites\/"},"modified":"2023-06-13T16:27:24","modified_gmt":"2023-06-13T14:27:24","slug":"news","status":"publish","type":"page","link":"https:\/\/aromed.ch\/de\/news\/","title":{"rendered":"News"},"content":{"rendered":"\n \n <header class=\"c-page-hero alignfull \"   >\n    <div class=\"c-page-hero__container\">\n        <!-- <h1 class=\"title__page mb-xs-20\">News<\/h1> -->\n        <h1 class=\"title__page mb-xs-20\" >News<\/h1>\n    <\/div>\n<\/header>\n\n\n\n<div style=\"height:70px\" aria-hidden=\"true\" class=\"wp-block-spacer  \"><\/div>\n\n\n<div class=\"c-block-news\">\n<h2 class=\"title__section--small\" >2021<\/h2><div class=\"c-news__grid\">    \n    <div class=\"c-news__item--big\">\n        <a href=\"https:\/\/aromed.ch\/de\/vorsorgeloesungen-fuer-aerzte-machen-sie-sich-mit-den-moeglichkeiten-vertraut\/\"><img loading=\"lazy\" decoding=\"async\" width=\"500\" height=\"335\" src=\"https:\/\/aromed.ch\/wp-content\/uploads\/2023\/02\/la-prevoyance-des-medecins-aromed-2021-500x335-1.jpg\" class=\"attachment-post-thumbnail size-post-thumbnail wp-post-image\" alt=\"La Prevoyance Des Medecins Aromed 2021 500x335\" srcset=\"https:\/\/aromed.ch\/wp-content\/uploads\/2023\/02\/la-prevoyance-des-medecins-aromed-2021-500x335-1.jpg 500w, https:\/\/aromed.ch\/wp-content\/uploads\/2023\/02\/la-prevoyance-des-medecins-aromed-2021-500x335-1-300x201.jpg 300w\" sizes=\"(max-width: 500px) 100vw, 500px\" \/><div class=\"c-news-item__content\"><a href=\"https:\/\/aromed.ch\/de\/vorsorgeloesungen-fuer-aerzte-machen-sie-sich-mit-den-moeglichkeiten-vertraut\/\"><h3 class=\"title__smaller--upper text--accent\">VORSORGEL\u00d6SUNGEN F\u00dcR \u00c4RZTE: MACHEN SIE SICH MIT DEN M\u00d6GLICHKEITEN VERTRAUT<\/h3><p>Ob Sie nun Arzt, Zahnarzt, Tierarzt oder Praxisinhaber sind, es ist wichtig, dass Sie Ihre Vorsorgel\u00f6sungen kennen und diejenige finden, die Ihren Bed\u00fcrfnissen am besten entspricht, indem Sie Ihre Ziele und Priorit\u00e4ten ber\u00fccksichtigen.\u00a0\u00a0 Als Mitglied des AROMED-Verbands stehen Ihnen zahlreiche M\u00f6glichkeiten zur Verf\u00fcgung. Obwohl diese Vorsorgepl\u00e4ne nach vielen Kriterien individuell gestaltet werden k\u00f6nnen, folgt nun [&hellip;]<\/p>\n<\/div><\/a>    <\/div>\n        \n    <div class=\"c-news__item--big\">\n        <a href=\"https:\/\/aromed.ch\/de\/die-pandemie-hat-die-kosten-im-jahr-2020-gesenkt\/\"><img loading=\"lazy\" decoding=\"async\" width=\"500\" height=\"335\" src=\"https:\/\/aromed.ch\/wp-content\/uploads\/2023\/02\/pandemie-depense-sante-2020-500x335-1.jpg\" class=\"attachment-post-thumbnail size-post-thumbnail wp-post-image\" alt=\"Pandemie Depense Sante 2020 500x335\" srcset=\"https:\/\/aromed.ch\/wp-content\/uploads\/2023\/02\/pandemie-depense-sante-2020-500x335-1.jpg 500w, https:\/\/aromed.ch\/wp-content\/uploads\/2023\/02\/pandemie-depense-sante-2020-500x335-1-300x201.jpg 300w\" sizes=\"(max-width: 500px) 100vw, 500px\" \/><div class=\"c-news-item__content\"><a href=\"https:\/\/aromed.ch\/de\/die-pandemie-hat-die-kosten-im-jahr-2020-gesenkt\/\"><h3 class=\"title__smaller--upper text--accent\">DIE PANDEMIE HAT DIE KOSTEN IM JAHR 2020 GESENKT<\/h3><p>Die Coronavirus-Pandemie hat insgesamt zu einer Senkung der Gesundheitskosten im Jahr 2020 gef\u00fchrt, so die Ergebnisse der &#8222;Studie \u00fcber die Krankenversicherungen in der Schweiz&#8220;. Mit einem Anstieg von 1. 2 % im Vergleich zum Vorjahr stiegen die Kosten der obligatorischen Krankenpflegeversicherung (OKP) im Jahr 2020 deutlich weniger als der langfristige Durchschnitt von +3.9 % pro [&hellip;]<\/p>\n<\/div><\/a>    <\/div>\n        \n    <div class=\"c-news__item--big\">\n        <a href=\"https:\/\/aromed.ch\/de\/die-stiftung-zugunsten-aromed-feiert-ihr-20-jaehriges-bestehen\/\"><img loading=\"lazy\" decoding=\"async\" width=\"1000\" height=\"667\" src=\"https:\/\/aromed.ch\/wp-content\/uploads\/2023\/05\/aromed-fondation-video-poster-1.jpg\" class=\"attachment-post-thumbnail size-post-thumbnail wp-post-image\" alt=\"Aromed Fondation Video Poster (1)\" srcset=\"https:\/\/aromed.ch\/wp-content\/uploads\/2023\/05\/aromed-fondation-video-poster-1.jpg 1000w, https:\/\/aromed.ch\/wp-content\/uploads\/2023\/05\/aromed-fondation-video-poster-1-300x200.jpg 300w, https:\/\/aromed.ch\/wp-content\/uploads\/2023\/05\/aromed-fondation-video-poster-1-768x512.jpg 768w, https:\/\/aromed.ch\/wp-content\/uploads\/2023\/05\/aromed-fondation-video-poster-1-500x335.jpg 500w\" sizes=\"(max-width: 1000px) 100vw, 1000px\" \/><div class=\"c-news-item__content\"><a href=\"https:\/\/aromed.ch\/de\/die-stiftung-zugunsten-aromed-feiert-ihr-20-jaehriges-bestehen\/\"><h3 class=\"title__smaller--upper text--accent\">DIE STIFTUNG ZUGUNSTEN AROMED FEIERT IHR 20-J\u00c4HRIGES BESTEHEN<\/h3><p>Die Stiftung zugunsten Aromed feiert dieses Jahr ihr 20-j\u00e4hriges Bestehen. Seit ihrer Gr\u00fcndung hat sie immer wieder ma\u00dfgeschneiderte Vorsorgel\u00f6sungen und Altersleistungen f\u00fcr \u00c4rzte, Zahn\u00e4rzte und Tier\u00e4rzte bereitgestellt..<\/p>\n<\/div><\/a>    <\/div>\n        \n    <div class=\"c-news__item--big\">\n        <a href=\"https:\/\/aromed.ch\/de\/newsletter-februar-2021\/\"><img loading=\"lazy\" decoding=\"async\" width=\"500\" height=\"335\" src=\"https:\/\/aromed.ch\/wp-content\/uploads\/2023\/02\/newsletter-aromed-fevrier-2021-500x335-1.jpg\" class=\"attachment-post-thumbnail size-post-thumbnail wp-post-image\" alt=\"newsletter - februar - Aromed - 2021 500x335\" srcset=\"https:\/\/aromed.ch\/wp-content\/uploads\/2023\/02\/newsletter-aromed-fevrier-2021-500x335-1.jpg 500w, https:\/\/aromed.ch\/wp-content\/uploads\/2023\/02\/newsletter-aromed-fevrier-2021-500x335-1-300x201.jpg 300w\" sizes=\"(max-width: 500px) 100vw, 500px\" \/><div class=\"c-news-item__content\"><a href=\"https:\/\/aromed.ch\/de\/newsletter-februar-2021\/\"><h3 class=\"title__smaller--upper text--accent\">NEWSLETTER &#8211; FEBRUAR 2021<\/h3><p>Sehr geehrte Kundinnen und Kunden, zu Beginn des neuen Jahres m\u00f6chten wir Ihnen einige Informationen \u00fcber die Entwicklung der Vorsorgestiftung zugunsten Aromed geben.<\/p>\n<\/div><\/a>    <\/div>\n    <\/div><\/div>","protected":false},"excerpt":{"rendered":"","protected":false},"author":1,"featured_media":0,"parent":0,"menu_order":0,"comment_status":"closed","ping_status":"closed","template":"","meta":{"_acf_changed":false,"_habefastfse_class":"","footnotes":""},"class_list":["post-4176","page","type-page","status-publish","hentry"],"acf":[],"yoast_head":"<!-- This site is optimized with the Yoast SEO plugin v27.1.1 - https:\/\/yoast.com\/product\/yoast-seo-wordpress\/ -->\n<meta name=\"description\" content=\"Erfahren Sie Aktuelles \u00fcber die AROMED Stiftung f\u00fcr berufliche Vorsorge: unsere Entwicklungsperspektiven und unsere L\u00f6sungen f\u00fcr \u00c4rzte.\" \/>\n<meta name=\"robots\" content=\"index, follow, max-snippet:-1, max-image-preview:large, max-video-preview:-1\" \/>\n<link rel=\"canonical\" href=\"https:\/\/aromed.ch\/de\/news\/\" \/>\n<meta property=\"og:locale\" content=\"de_DE\" \/>\n<meta property=\"og:type\" content=\"article\" \/>\n<meta property=\"og:title\" content=\"Vorsorge: BVG-L\u00f6sungen, 2. S\u00e4ule: unsere News | AROMED\" \/>\n<meta property=\"og:description\" content=\"Erfahren Sie Aktuelles \u00fcber die AROMED Stiftung f\u00fcr berufliche Vorsorge: unsere Entwicklungsperspektiven und unsere L\u00f6sungen f\u00fcr \u00c4rzte.\" \/>\n<meta property=\"og:url\" content=\"https:\/\/aromed.ch\/de\/news\/\" \/>\n<meta property=\"og:site_name\" content=\"Aromed\" \/>\n<meta property=\"article:modified_time\" content=\"2023-06-13T14:27:24+00:00\" \/>\n<meta name=\"twitter:card\" content=\"summary_large_image\" \/>\n<script type=\"application\/ld+json\" class=\"yoast-schema-graph\">{\"@context\":\"https:\/\/schema.org\",\"@graph\":[{\"@type\":\"WebPage\",\"@id\":\"https:\/\/aromed.ch\/de\/news\/\",\"url\":\"https:\/\/aromed.ch\/de\/news\/\",\"name\":\"Vorsorge: BVG-L\u00f6sungen, 2. S\u00e4ule: unsere News | AROMED\",\"isPartOf\":{\"@id\":\"https:\/\/aromed.ch\/de\/#website\"},\"datePublished\":\"2023-05-16T09:47:48+00:00\",\"dateModified\":\"2023-06-13T14:27:24+00:00\",\"description\":\"Erfahren Sie Aktuelles \u00fcber die AROMED Stiftung f\u00fcr berufliche Vorsorge: unsere Entwicklungsperspektiven und unsere L\u00f6sungen f\u00fcr \u00c4rzte.\",\"breadcrumb\":{\"@id\":\"https:\/\/aromed.ch\/de\/news\/#breadcrumb\"},\"inLanguage\":\"de\",\"potentialAction\":[{\"@type\":\"ReadAction\",\"target\":[\"https:\/\/aromed.ch\/de\/news\/\"]}]},{\"@type\":\"BreadcrumbList\",\"@id\":\"https:\/\/aromed.ch\/de\/news\/#breadcrumb\",\"itemListElement\":[{\"@type\":\"ListItem\",\"position\":1,\"name\":\"Home\",\"item\":\"https:\/\/aromed.ch\/de\/\"},{\"@type\":\"ListItem\",\"position\":2,\"name\":\"News\"}]},{\"@type\":\"WebSite\",\"@id\":\"https:\/\/aromed.ch\/de\/#website\",\"url\":\"https:\/\/aromed.ch\/de\/\",\"name\":\"Aromed\",\"description\":\"\/sc\",\"publisher\":{\"@id\":\"https:\/\/aromed.ch\/de\/#organization\"},\"potentialAction\":[{\"@type\":\"SearchAction\",\"target\":{\"@type\":\"EntryPoint\",\"urlTemplate\":\"https:\/\/aromed.ch\/de\/?s={search_term_string}\"},\"query-input\":{\"@type\":\"PropertyValueSpecification\",\"valueRequired\":true,\"valueName\":\"search_term_string\"}}],\"inLanguage\":\"de\"},{\"@type\":\"Organization\",\"@id\":\"https:\/\/aromed.ch\/de\/#organization\",\"name\":\"Aromed\",\"url\":\"https:\/\/aromed.ch\/de\/\",\"logo\":{\"@type\":\"ImageObject\",\"inLanguage\":\"de\",\"@id\":\"https:\/\/aromed.ch\/de\/#\/schema\/logo\/image\/\",\"url\":\"https:\/\/aromed.ch\/wp-content\/uploads\/2023\/06\/aromed-logotype-fondation-de.svg\",\"contentUrl\":\"https:\/\/aromed.ch\/wp-content\/uploads\/2023\/06\/aromed-logotype-fondation-de.svg\",\"width\":960,\"height\":83,\"caption\":\"Aromed\"},\"image\":{\"@id\":\"https:\/\/aromed.ch\/de\/#\/schema\/logo\/image\/\"}}]}<\/script>\n<!-- \/ Yoast SEO plugin. -->","yoast_head_json":{"description":"Erfahren Sie Aktuelles \u00fcber die AROMED Stiftung f\u00fcr berufliche Vorsorge: unsere Entwicklungsperspektiven und unsere L\u00f6sungen f\u00fcr \u00c4rzte.","robots":{"index":"index","follow":"follow","max-snippet":"max-snippet:-1","max-image-preview":"max-image-preview:large","max-video-preview":"max-video-preview:-1"},"canonical":"https:\/\/aromed.ch\/de\/news\/","og_locale":"de_DE","og_type":"article","og_title":"Vorsorge: BVG-L\u00f6sungen, 2. S\u00e4ule: unsere News | AROMED","og_description":"Erfahren Sie Aktuelles \u00fcber die AROMED Stiftung f\u00fcr berufliche Vorsorge: unsere Entwicklungsperspektiven und unsere L\u00f6sungen f\u00fcr \u00c4rzte.","og_url":"https:\/\/aromed.ch\/de\/news\/","og_site_name":"Aromed","article_modified_time":"2023-06-13T14:27:24+00:00","twitter_card":"summary_large_image","schema":{"@context":"https:\/\/schema.org","@graph":[{"@type":"WebPage","@id":"https:\/\/aromed.ch\/de\/news\/","url":"https:\/\/aromed.ch\/de\/news\/","name":"Vorsorge: BVG-L\u00f6sungen, 2. S\u00e4ule: unsere News | AROMED","isPartOf":{"@id":"https:\/\/aromed.ch\/de\/#website"},"datePublished":"2023-05-16T09:47:48+00:00","dateModified":"2023-06-13T14:27:24+00:00","description":"Erfahren Sie Aktuelles \u00fcber die AROMED Stiftung f\u00fcr berufliche Vorsorge: unsere Entwicklungsperspektiven und unsere L\u00f6sungen f\u00fcr \u00c4rzte.","breadcrumb":{"@id":"https:\/\/aromed.ch\/de\/news\/#breadcrumb"},"inLanguage":"de","potentialAction":[{"@type":"ReadAction","target":["https:\/\/aromed.ch\/de\/news\/"]}]},{"@type":"BreadcrumbList","@id":"https:\/\/aromed.ch\/de\/news\/#breadcrumb","itemListElement":[{"@type":"ListItem","position":1,"name":"Home","item":"https:\/\/aromed.ch\/de\/"},{"@type":"ListItem","position":2,"name":"News"}]},{"@type":"WebSite","@id":"https:\/\/aromed.ch\/de\/#website","url":"https:\/\/aromed.ch\/de\/","name":"Aromed","description":"\/sc","publisher":{"@id":"https:\/\/aromed.ch\/de\/#organization"},"potentialAction":[{"@type":"SearchAction","target":{"@type":"EntryPoint","urlTemplate":"https:\/\/aromed.ch\/de\/?s={search_term_string}"},"query-input":{"@type":"PropertyValueSpecification","valueRequired":true,"valueName":"search_term_string"}}],"inLanguage":"de"},{"@type":"Organization","@id":"https:\/\/aromed.ch\/de\/#organization","name":"Aromed","url":"https:\/\/aromed.ch\/de\/","logo":{"@type":"ImageObject","inLanguage":"de","@id":"https:\/\/aromed.ch\/de\/#\/schema\/logo\/image\/","url":"https:\/\/aromed.ch\/wp-content\/uploads\/2023\/06\/aromed-logotype-fondation-de.svg","contentUrl":"https:\/\/aromed.ch\/wp-content\/uploads\/2023\/06\/aromed-logotype-fondation-de.svg","width":960,"height":83,"caption":"Aromed"},"image":{"@id":"https:\/\/aromed.ch\/de\/#\/schema\/logo\/image\/"}}]}},"_links":{"self":[{"href":"https:\/\/aromed.ch\/de\/wp-json\/wp\/v2\/pages\/4176","targetHints":{"allow":["GET"]}}],"collection":[{"href":"https:\/\/aromed.ch\/de\/wp-json\/wp\/v2\/pages"}],"about":[{"href":"https:\/\/aromed.ch\/de\/wp-json\/wp\/v2\/types\/page"}],"author":[{"embeddable":true,"href":"https:\/\/aromed.ch\/de\/wp-json\/wp\/v2\/users\/1"}],"replies":[{"embeddable":true,"href":"https:\/\/aromed.ch\/de\/wp-json\/wp\/v2\/comments?post=4176"}],"version-history":[{"count":2,"href":"https:\/\/aromed.ch\/de\/wp-json\/wp\/v2\/pages\/4176\/revisions"}],"predecessor-version":[{"id":4797,"href":"https:\/\/aromed.ch\/de\/wp-json\/wp\/v2\/pages\/4176\/revisions\/4797"}],"wp:attachment":[{"href":"https:\/\/aromed.ch\/de\/wp-json\/wp\/v2\/media?parent=4176"}],"curies":[{"name":"wp","href":"https:\/\/api.w.org\/{rel}","templated":true}]}}