{"id":4206,"date":"2023-05-16T11:47:45","date_gmt":"2023-05-16T09:47:45","guid":{"rendered":"https:\/\/staging.aromed.ch\/solution-prevoyance-fondation\/"},"modified":"2026-04-08T09:35:19","modified_gmt":"2026-04-08T07:35:19","slug":"die-stiftung","status":"publish","type":"page","link":"https:\/\/aromed.ch\/de\/die-stiftung\/","title":{"rendered":"Stiftung"},"content":{"rendered":"\n \n <header class=\"c-page-hero alignfull c-page-hero--has-bg\"  style=\"background-image:url(' https:\/\/aromed.ch\/wp-content\/uploads\/2023\/06\/aromed-bandeau-pages-internes-desktop.jpg')\"  >\n    <div class=\"c-page-hero__container\">\n        <!-- <h1 class=\"title__page mb-xs-20\">Die Stiftung<\/h1> -->\n        <h1 class=\"title__page mb-xs-20\"  style=\"color:#4d4e50;\">Die Stiftung<\/h1>\n    <\/div>\n<\/header>\n\n\n\n<div class=\"wp-block-group container--narrow is-layout-constrained wp-block-group-is-layout-constrained\">\n<h2 class=\"c-heading wp-block-heading has-theme-secondary-color has-text-color\">Die Stiftung f\u00fcr die Berufliche Vorsorge zugunsten AROMED<\/h2>\n\n\n\n<p class=\"\">Die Vorsorgestiftung wurde 2001 von der Association Romande des M\u00e9decins mit dem Ziel gegr\u00fcndet, eine innovative und unabh\u00e4ngige L\u00f6sung f\u00fcr die berufliche Vorsorge von angestellten oder selbstst\u00e4ndigen \u00c4rzten, Zahn\u00e4rzten oder Tier\u00e4rzten zu bieten.<\/p>\n\n\n\n<p class=\"\">Gem\u00e4\u00df den gesetzlichen Bestimmungen hat der selbstst\u00e4ndige Arzt die Wahl, sich allein der Vorsorgestiftung seines Berufsverbandes oder gemeinsam mit seinem medizinischen Personal anzuschlie\u00dfen.<\/p>\n\n\n\n<p class=\"\">Der Stiftungsrat, das oberste Organ, besteht mehrheitlich aus \u00c4rzten und vertritt die Interessen der \u00c4rzte, die der Vorsorgekasse angeschlossen sind.<\/p>\n\n\n\n<p class=\"\">Heute hat einer von vier selbstst\u00e4ndigen \u00c4rzten in der Westschweiz die Aromed-Stiftung f\u00fcr seine berufliche Vorsorge gew\u00e4hlt.<\/p>\n\n\n\n<div style=\"height:30px\" aria-hidden=\"true\" class=\"wp-block-spacer  \"><\/div>\n\n\n\n<p class=\"\">Der Schl\u00fcssel zu diesem Erfolg ist ihre langfristige, auf Sicherheit ausgerichtete Vision: Ihr Deckungsgrad lag in den letzten zehn Jahren stets \u00fcber 100 %.<\/p>\n\n\n\n<p class=\"\">Durch diese finanzielle Solidit\u00e4t ist sie zu einer bedeutenden Umverteilung der erzielten Rendite in der Lage, wie z. B. 5,25 % im Jahr 2019 und 2,5 % im Jahr 2020 trotz des sehr speziellen wirtschaftlichen Kontextes.<\/p>\n\n\n\n<p class=\"\">Der Gesch\u00e4ftsf\u00fchrer Yves Ducommun, erz\u00e4hlt in einem Interview, das k\u00fcrzlich im Rahmen der 20-Jahr-Feier von Aromed gef\u00fchrt wurde, von der Entstehung der Stiftung, ihren St\u00e4rken und Leistungen seit 2001.<\/p>\n\n\n\n<figure class=\"wp-block-video  \"><video height=\"1080\" style=\"aspect-ratio: 1920 \/ 1080;\" width=\"1920\" controls poster=\"https:\/\/aromed.ch\/wp-content\/uploads\/2023\/05\/aromed-fondation-video-poster-2.jpg\" src=\"https:\/\/aromed.ch\/wp-content\/uploads\/2023\/05\/aromed-video-fondation-web-1.mp4\"><\/video><\/figure>\n<\/div>\n\n\n\n\n<section id=\"chiffres-cles\" class=\"c-block-key-numbers bg--secondary alignfull\">\n    <div class=\"container\">\n        <h2 class=\"text--center\">Die wichtigsten Zahlen 2024 der Stiftung<\/h2>        <div class=\"c-block-key-numbers__row\">\n                            <div class=\"col\">\n                    <div class=\"c-block-key-numbers__item\">\n                        <div class=\"c-block-key-numbers__figure\">\n                            <span class=\"counter\">1435<\/span>\n\n                                                        \n                        <\/div>\n                        <div class=\"c-block-key-numbers__text\">\n                            ANGESCHLOSSENE \u00c4RZTE                        <\/div>\n                    <\/div>\n                    \n                <\/div>\n                                <div class=\"col\">\n                    <div class=\"c-block-key-numbers__item\">\n                        <div class=\"c-block-key-numbers__figure\">\n                            <span class=\"counter\">109.7<\/span>\n\n                                                            <span>&nbsp;%<span>\n                                                        \n                        <\/div>\n                        <div class=\"c-block-key-numbers__text\">\n                            DECKUNGSGRAD                        <\/div>\n                    <\/div>\n                    \n                <\/div>\n                                <div class=\"col\">\n                    <div class=\"c-block-key-numbers__item\">\n                        <div class=\"c-block-key-numbers__figure\">\n                            <span class=\"counter\">2.5<\/span>\n\n                                                            <span>&nbsp;%<span>\n                                                        \n                        <\/div>\n                        <div class=\"c-block-key-numbers__text\">\n                            DURCHSCHNITTLICH ZUGEWIESENE ZINSEN                        <\/div>\n                    <\/div>\n                    \n                <\/div>\n                                <div class=\"col\">\n                    <div class=\"c-block-key-numbers__item\">\n                        <div class=\"c-block-key-numbers__figure\">\n                            <span class=\"counter\">918<\/span>\n\n                                                            <span>&nbsp;M<span>\n                                                        \n                        <\/div>\n                        <div class=\"c-block-key-numbers__text\">\n                            GESAMTVERM\u00d6GEN                        <\/div>\n                    <\/div>\n                    \n                <\/div>\n                            \n        <\/div>\n    <\/div>\n<\/section>\n\n<script>\n    \/\/ ============================================================\n\/\/ Counter up init on waypoint\n\/\/ ============================================================\n\n\njQuery('.counter').counterUp({\n        delay: 10,\n        time: 1000,\n    });\n<\/script>\n\n\n<div style=\"height:70px\" aria-hidden=\"true\" class=\"wp-block-spacer  \"><\/div>\n\n\n\n<div class=\"wp-block-group container--narrow is-layout-constrained wp-block-group-is-layout-constrained\">\n<h2 class=\"c-heading wp-block-heading has-theme-secondary-color has-text-color\">Wie wird man Mitglied?<\/h2>\n\n\n\n<p class=\"\">Wenn Sie eine Mitgliedschaft beantragen m\u00f6chten, beziehen Sie sich bitte auf den Abschnitt <a href=\"https:\/\/aromed.ch\/de\/loesung-vorsorgeloesung-stiftung\/loesungen-fuer-vorsorgeversicherungen-beitritt-fondation-aromed\/\">Mitgliedschaft<\/a> und f\u00fcllen Sie die dortigen Formulare aus.<\/p>\n<\/div>\n\n\n\n<div class=\"wp-block-group container--narrow is-layout-constrained wp-block-group-is-layout-constrained\">\n<h2 class=\"c-heading wp-block-heading has-theme-secondary-color has-text-color\">Unsere Experten begleiten Sie<\/h2>\n\n\n\n<p class=\"\">Wenn Sie Fragen haben, wenden Sie sich <a href=\"https:\/\/aromed.ch\/de\/kontakt\/\">bitte an sie<\/a><\/p>\n\n\n\n<div class=\"wp-block-columns is-layout-flex wp-container-core-columns-is-layout-9d6595d7 wp-block-columns-is-layout-flex\">\n<div class=\"wp-block-column is-layout-flow wp-block-column-is-layout-flow\" style=\"padding-top:var(--wp--preset--spacing--10);padding-right:var(--wp--preset--spacing--10);padding-bottom:var(--wp--preset--spacing--10);padding-left:var(--wp--preset--spacing--10);flex-basis:33.33%\">\n<figure class=\"wp-block-image size-full is-resized  \"><img loading=\"lazy\" decoding=\"async\" width=\"460\" height=\"400\" src=\"https:\/\/aromed.ch\/wp-content\/uploads\/2023\/05\/aromed-yves-ducommun.jpg\" alt=\"\" class=\"wp-image-3644\" style=\"width:258px\" srcset=\"https:\/\/aromed.ch\/wp-content\/uploads\/2023\/05\/aromed-yves-ducommun.jpg 460w, https:\/\/aromed.ch\/wp-content\/uploads\/2023\/05\/aromed-yves-ducommun-300x261.jpg 300w\" sizes=\"(max-width: 460px) 100vw, 460px\" \/><\/figure>\n\n\n\n<div style=\"height:20px\" aria-hidden=\"true\" class=\"wp-block-spacer  \"><\/div>\n\n\n\n<h3 class=\"c-heading wp-block-heading has-theme-secondary-color has-text-color\">YVES DUCOMMUN<\/h3>\n\n\n\n<p class=\"\"><strong><strong><strong>Direktor<\/strong><\/strong><\/strong><\/p>\n<\/div>\n\n\n\n<div class=\"wp-block-column is-layout-flow wp-block-column-is-layout-flow\" style=\"padding-top:var(--wp--preset--spacing--10);padding-right:var(--wp--preset--spacing--10);padding-bottom:var(--wp--preset--spacing--10);padding-left:var(--wp--preset--spacing--10);flex-basis:33%\">\n<figure class=\"wp-block-image size-full is-resized  \"><img loading=\"lazy\" decoding=\"async\" width=\"460\" height=\"400\" src=\"https:\/\/aromed.ch\/wp-content\/uploads\/2023\/05\/aromed-marie-line-devries.jpg\" alt=\"\" class=\"wp-image-3642\" style=\"width:258px\" srcset=\"https:\/\/aromed.ch\/wp-content\/uploads\/2023\/05\/aromed-marie-line-devries.jpg 460w, https:\/\/aromed.ch\/wp-content\/uploads\/2023\/05\/aromed-marie-line-devries-300x261.jpg 300w\" sizes=\"(max-width: 460px) 100vw, 460px\" \/><\/figure>\n\n\n\n<div style=\"height:20px\" aria-hidden=\"true\" class=\"wp-block-spacer  \"><\/div>\n\n\n\n<h3 class=\"c-heading wp-block-heading has-theme-secondary-color has-text-color\">MARIE-LINE DE VRIES<\/h3>\n\n\n\n<p class=\"u-text-align-left\"><strong><strong>Leiterin f\u00fcr Marketing und <\/strong><\/strong><br><strong><strong>Kommunikation<\/strong><\/strong><\/p>\n<\/div>\n\n\n\n<div class=\"wp-block-column is-layout-flow wp-block-column-is-layout-flow\" style=\"padding-top:var(--wp--preset--spacing--10);padding-right:var(--wp--preset--spacing--10);padding-bottom:var(--wp--preset--spacing--10);padding-left:var(--wp--preset--spacing--10);flex-basis:33.33%\">\n<figure class=\"wp-block-image size-full is-resized  \"><img loading=\"lazy\" decoding=\"async\" width=\"460\" height=\"400\" src=\"https:\/\/aromed.ch\/wp-content\/uploads\/2023\/05\/aromed-yfraz-balcin.jpg\" alt=\"\" class=\"wp-image-3636\" style=\"width:258px\" srcset=\"https:\/\/aromed.ch\/wp-content\/uploads\/2023\/05\/aromed-yfraz-balcin.jpg 460w, https:\/\/aromed.ch\/wp-content\/uploads\/2023\/05\/aromed-yfraz-balcin-300x261.jpg 300w\" sizes=\"(max-width: 460px) 100vw, 460px\" \/><\/figure>\n\n\n\n<div style=\"height:20px\" aria-hidden=\"true\" class=\"wp-block-spacer  \"><\/div>\n\n\n\n<h3 class=\"c-heading wp-block-heading has-theme-secondary-color has-text-color\">IFRAZ BALCIN<\/h3>\n\n\n\n<p class=\"\"><strong><strong><strong><strong><strong><strong>Leiterin Verwaltung<\/strong><\/strong><\/strong><\/strong><\/strong><\/strong><\/p>\n<\/div>\n<\/div>\n\n\n\n<div class=\"wp-block-columns is-layout-flex wp-container-core-columns-is-layout-9d6595d7 wp-block-columns-is-layout-flex\">\n<div class=\"wp-block-column is-layout-flow wp-block-column-is-layout-flow\" style=\"padding-top:var(--wp--preset--spacing--10);padding-right:var(--wp--preset--spacing--10);padding-bottom:var(--wp--preset--spacing--10);padding-left:var(--wp--preset--spacing--10);flex-basis:33.33%\">\n<figure class=\"wp-block-image size-full is-resized  \"><img loading=\"lazy\" decoding=\"async\" width=\"2560\" height=\"2226\" src=\"https:\/\/aromed.ch\/wp-content\/uploads\/2024\/03\/aromed-samire-v4-2-1-scaled.jpg\" alt=\"Aromed Samire V4 (2)\" class=\"wp-image-6373\" style=\"width:258px\" srcset=\"https:\/\/aromed.ch\/wp-content\/uploads\/2024\/03\/aromed-samire-v4-2-1-scaled.jpg 2560w, https:\/\/aromed.ch\/wp-content\/uploads\/2024\/03\/aromed-samire-v4-2-1-scaled-300x261.jpg 300w, https:\/\/aromed.ch\/wp-content\/uploads\/2024\/03\/aromed-samire-v4-2-1-scaled-1024x890.jpg 1024w, https:\/\/aromed.ch\/wp-content\/uploads\/2024\/03\/aromed-samire-v4-2-1-scaled-768x668.jpg 768w, https:\/\/aromed.ch\/wp-content\/uploads\/2024\/03\/aromed-samire-v4-2-1-scaled-1536x1336.jpg 1536w, https:\/\/aromed.ch\/wp-content\/uploads\/2024\/03\/aromed-samire-v4-2-1-scaled-2048x1781.jpg 2048w\" sizes=\"(max-width: 2560px) 100vw, 2560px\" \/><\/figure>\n\n\n\n<div style=\"height:20px\" aria-hidden=\"true\" class=\"wp-block-spacer  \"><\/div>\n\n\n\n<h3 class=\"c-heading wp-block-heading has-theme-secondary-color has-text-color\">SAMIRE PANDA<\/h3>\n\n\n\n<p class=\"\"><strong>Handelsmanagerin<\/strong><\/p>\n<\/div>\n\n\n\n<div class=\"wp-block-column is-layout-flow wp-block-column-is-layout-flow\" style=\"padding-top:var(--wp--preset--spacing--10);padding-right:var(--wp--preset--spacing--10);padding-bottom:var(--wp--preset--spacing--10);padding-left:var(--wp--preset--spacing--10);flex-basis:33.33%\">\n<figure class=\"wp-block-image size-full is-resized  \"><img loading=\"lazy\" decoding=\"async\" width=\"2560\" height=\"2226\" src=\"https:\/\/aromed.ch\/wp-content\/uploads\/2024\/03\/aromed-romina-v4b-2-scaled.jpg\" alt=\"Aromed Romina V4b\" class=\"wp-image-6377\" style=\"width:258px\" srcset=\"https:\/\/aromed.ch\/wp-content\/uploads\/2024\/03\/aromed-romina-v4b-2-scaled.jpg 2560w, https:\/\/aromed.ch\/wp-content\/uploads\/2024\/03\/aromed-romina-v4b-2-scaled-300x261.jpg 300w, https:\/\/aromed.ch\/wp-content\/uploads\/2024\/03\/aromed-romina-v4b-2-scaled-1024x890.jpg 1024w, https:\/\/aromed.ch\/wp-content\/uploads\/2024\/03\/aromed-romina-v4b-2-scaled-768x668.jpg 768w, https:\/\/aromed.ch\/wp-content\/uploads\/2024\/03\/aromed-romina-v4b-2-scaled-1536x1336.jpg 1536w, https:\/\/aromed.ch\/wp-content\/uploads\/2024\/03\/aromed-romina-v4b-2-scaled-2048x1781.jpg 2048w\" sizes=\"(max-width: 2560px) 100vw, 2560px\" \/><\/figure>\n\n\n\n<div style=\"height:20px\" aria-hidden=\"true\" class=\"wp-block-spacer  \"><\/div>\n\n\n\n<h3 class=\"c-heading wp-block-heading has-theme-secondary-color has-text-color\">ROMINA MEZZULO<\/h3>\n\n\n\n<p class=\"\"><strong><strong>Kundenbetreuer<\/strong><\/strong><\/p>\n<\/div>\n\n\n\n<div class=\"wp-block-column is-layout-flow wp-block-column-is-layout-flow\" style=\"padding-top:var(--wp--preset--spacing--10);padding-right:var(--wp--preset--spacing--10);padding-bottom:var(--wp--preset--spacing--10);padding-left:var(--wp--preset--spacing--10);flex-basis:33.33%\">\n<figure class=\"wp-block-image size-full is-resized  \"><img loading=\"lazy\" decoding=\"async\" width=\"460\" height=\"404\" src=\"https:\/\/aromed.ch\/wp-content\/uploads\/2023\/05\/aromed-equipe-image-neutre.png\" alt=\"\" class=\"wp-image-3640\" style=\"width:258px\" srcset=\"https:\/\/aromed.ch\/wp-content\/uploads\/2023\/05\/aromed-equipe-image-neutre.png 460w, https:\/\/aromed.ch\/wp-content\/uploads\/2023\/05\/aromed-equipe-image-neutre-300x263.png 300w\" sizes=\"(max-width: 460px) 100vw, 460px\" \/><\/figure>\n\n\n\n<div style=\"height:20px\" aria-hidden=\"true\" class=\"wp-block-spacer  \"><\/div>\n\n\n\n<h3 class=\"c-heading wp-block-heading has-theme-secondary-color has-text-color\">ANNA PROTASENIA<\/h3>\n\n\n\n<p class=\"\"><strong><strong><strong>Kundenbetreuer<\/strong><\/strong><\/strong><\/p>\n<\/div>\n<\/div>\n\n\n\n<div class=\"wp-block-columns is-layout-flex wp-container-core-columns-is-layout-9d6595d7 wp-block-columns-is-layout-flex\">\n<div class=\"wp-block-column is-layout-flow wp-block-column-is-layout-flow\" style=\"padding-top:var(--wp--preset--spacing--10);padding-right:var(--wp--preset--spacing--10);padding-bottom:var(--wp--preset--spacing--10);padding-left:var(--wp--preset--spacing--10);flex-basis:33.33%\">\n<figure class=\"wp-block-image size-full is-resized  \"><img loading=\"lazy\" decoding=\"async\" width=\"460\" height=\"400\" src=\"https:\/\/aromed.ch\/wp-content\/uploads\/2023\/05\/aromed-nathalie-lehmann.jpg\" alt=\"\" class=\"wp-image-3638\" style=\"width:258px\" srcset=\"https:\/\/aromed.ch\/wp-content\/uploads\/2023\/05\/aromed-nathalie-lehmann.jpg 460w, https:\/\/aromed.ch\/wp-content\/uploads\/2023\/05\/aromed-nathalie-lehmann-300x261.jpg 300w\" sizes=\"(max-width: 460px) 100vw, 460px\" \/><\/figure>\n\n\n\n<div style=\"height:20px\" aria-hidden=\"true\" class=\"wp-block-spacer  \"><\/div>\n\n\n\n<h3 class=\"c-heading wp-block-heading has-theme-secondary-color has-text-color\">NATHALIE LEHMANN<\/h3>\n\n\n\n<p class=\"\"><strong><strong>Leiterin der Buchhaltung<\/strong><\/strong><\/p>\n<\/div>\n\n\n\n<div class=\"wp-block-column is-layout-flow wp-block-column-is-layout-flow\" style=\"padding-top:var(--wp--preset--spacing--10);padding-right:var(--wp--preset--spacing--10);padding-bottom:var(--wp--preset--spacing--10);padding-left:var(--wp--preset--spacing--10);flex-basis:33.33%\">\n<figure class=\"wp-block-image size-full is-resized  \"><img loading=\"lazy\" decoding=\"async\" width=\"920\" height=\"800\" src=\"https:\/\/aromed.ch\/wp-content\/uploads\/2026\/04\/aromed-equipe-labinot-jashari-5.jpg\" alt=\"Aromed Equipe Labinot Jashari\" class=\"wp-image-13554\" style=\"width:258px\" srcset=\"https:\/\/aromed.ch\/wp-content\/uploads\/2026\/04\/aromed-equipe-labinot-jashari-5.jpg 920w, https:\/\/aromed.ch\/wp-content\/uploads\/2026\/04\/aromed-equipe-labinot-jashari-5-300x261.jpg 300w, https:\/\/aromed.ch\/wp-content\/uploads\/2026\/04\/aromed-equipe-labinot-jashari-5-768x668.jpg 768w, https:\/\/aromed.ch\/wp-content\/uploads\/2026\/04\/aromed-equipe-labinot-jashari-5-800x696.jpg 800w\" sizes=\"(max-width: 920px) 100vw, 920px\" \/><\/figure>\n\n\n\n<div style=\"height:20px\" aria-hidden=\"true\" class=\"wp-block-spacer  \"><\/div>\n\n\n\n<h3 class=\"c-heading wp-block-heading has-theme-secondary-color has-text-color\" style=\"text-transform:uppercase\">Labinot Jashari<\/h3>\n\n\n\n<p class=\"\"><strong><strong>IP-Buchhalter<\/strong><\/strong><\/p>\n<\/div>\n<\/div>\n<\/div>\n","protected":false},"excerpt":{"rendered":"<p>Die Stiftung f\u00fcr die Berufliche Vorsorge zugunsten AROMED Die Vorsorgestiftung wurde 2001 von der Association Romande des M\u00e9decins mit dem Ziel gegr\u00fcndet, eine innovative und unabh\u00e4ngige L\u00f6sung f\u00fcr die berufliche Vorsorge von angestellten oder selbstst\u00e4ndigen \u00c4rzten, Zahn\u00e4rzten oder Tier\u00e4rzten zu bieten. Gem\u00e4\u00df den gesetzlichen Bestimmungen hat der selbstst\u00e4ndige Arzt die Wahl, sich allein der Vorsorgestiftung [&hellip;]<\/p>\n","protected":false},"author":1,"featured_media":0,"parent":0,"menu_order":0,"comment_status":"closed","ping_status":"closed","template":"","meta":{"_acf_changed":false,"_habefastfse_class":"","footnotes":""},"class_list":["post-4206","page","type-page","status-publish","hentry"],"acf":[],"yoast_head":"<!-- This site is optimized with the Yoast SEO plugin v27.3 - https:\/\/yoast.com\/product\/yoast-seo-wordpress\/ -->\n<meta name=\"description\" content=\"Die AROMED Stiftung bietet Ihnen als Gesundheitsfachperson eine innovative Vorsorgel\u00f6sung und garantiert den Versicherten Leistungen wie die Altersrente\" \/>\n<meta name=\"robots\" content=\"index, follow, max-snippet:-1, max-image-preview:large, max-video-preview:-1\" \/>\n<link rel=\"canonical\" href=\"https:\/\/aromed.ch\/de\/die-stiftung\/\" \/>\n<meta property=\"og:locale\" content=\"de_DE\" \/>\n<meta property=\"og:type\" content=\"article\" \/>\n<meta property=\"og:title\" content=\"Vorsorgel\u00f6sung, f\u00fcr den medizinischen Bereich | Stiftung AROMED\" \/>\n<meta property=\"og:description\" content=\"Die AROMED Stiftung bietet Ihnen als Gesundheitsfachperson eine innovative Vorsorgel\u00f6sung und garantiert den Versicherten Leistungen wie die Altersrente\" \/>\n<meta property=\"og:url\" content=\"https:\/\/aromed.ch\/de\/die-stiftung\/\" \/>\n<meta property=\"og:site_name\" content=\"Aromed\" \/>\n<meta property=\"article:modified_time\" content=\"2026-04-08T07:35:19+00:00\" \/>\n<meta property=\"og:image\" content=\"https:\/\/aromed.ch\/wp-content\/uploads\/2023\/05\/aromed-yves-ducommun.jpg\" \/>\n\t<meta property=\"og:image:width\" content=\"460\" \/>\n\t<meta property=\"og:image:height\" content=\"400\" \/>\n\t<meta property=\"og:image:type\" content=\"image\/jpeg\" \/>\n<meta name=\"twitter:card\" content=\"summary_large_image\" \/>\n<meta name=\"twitter:label1\" content=\"Gesch\u00e4tzte Lesezeit\" \/>\n\t<meta name=\"twitter:data1\" content=\"3\u00a0Minuten\" \/>\n<script type=\"application\/ld+json\" class=\"yoast-schema-graph\">{\"@context\":\"https:\\\/\\\/schema.org\",\"@graph\":[{\"@type\":\"WebPage\",\"@id\":\"https:\\\/\\\/aromed.ch\\\/de\\\/die-stiftung\\\/\",\"url\":\"https:\\\/\\\/aromed.ch\\\/de\\\/die-stiftung\\\/\",\"name\":\"Vorsorgel\u00f6sung, f\u00fcr den medizinischen Bereich | Stiftung AROMED\",\"isPartOf\":{\"@id\":\"https:\\\/\\\/aromed.ch\\\/de\\\/#website\"},\"primaryImageOfPage\":{\"@id\":\"https:\\\/\\\/aromed.ch\\\/de\\\/die-stiftung\\\/#primaryimage\"},\"image\":{\"@id\":\"https:\\\/\\\/aromed.ch\\\/de\\\/die-stiftung\\\/#primaryimage\"},\"thumbnailUrl\":\"https:\\\/\\\/aromed.ch\\\/wp-content\\\/uploads\\\/2023\\\/05\\\/aromed-yves-ducommun.jpg\",\"datePublished\":\"2023-05-16T09:47:45+00:00\",\"dateModified\":\"2026-04-08T07:35:19+00:00\",\"description\":\"Die AROMED Stiftung bietet Ihnen als Gesundheitsfachperson eine innovative Vorsorgel\u00f6sung und garantiert den Versicherten Leistungen wie die Altersrente\",\"breadcrumb\":{\"@id\":\"https:\\\/\\\/aromed.ch\\\/de\\\/die-stiftung\\\/#breadcrumb\"},\"inLanguage\":\"de\",\"potentialAction\":[{\"@type\":\"ReadAction\",\"target\":[\"https:\\\/\\\/aromed.ch\\\/de\\\/die-stiftung\\\/\"]}]},{\"@type\":\"ImageObject\",\"inLanguage\":\"de\",\"@id\":\"https:\\\/\\\/aromed.ch\\\/de\\\/die-stiftung\\\/#primaryimage\",\"url\":\"https:\\\/\\\/aromed.ch\\\/wp-content\\\/uploads\\\/2023\\\/05\\\/aromed-yves-ducommun.jpg\",\"contentUrl\":\"https:\\\/\\\/aromed.ch\\\/wp-content\\\/uploads\\\/2023\\\/05\\\/aromed-yves-ducommun.jpg\"},{\"@type\":\"BreadcrumbList\",\"@id\":\"https:\\\/\\\/aromed.ch\\\/de\\\/die-stiftung\\\/#breadcrumb\",\"itemListElement\":[{\"@type\":\"ListItem\",\"position\":1,\"name\":\"Home\",\"item\":\"https:\\\/\\\/aromed.ch\\\/de\\\/\"},{\"@type\":\"ListItem\",\"position\":2,\"name\":\"Stiftung\"}]},{\"@type\":\"WebSite\",\"@id\":\"https:\\\/\\\/aromed.ch\\\/de\\\/#website\",\"url\":\"https:\\\/\\\/aromed.ch\\\/de\\\/\",\"name\":\"Aromed\",\"description\":\"\\\/sc\",\"publisher\":{\"@id\":\"https:\\\/\\\/aromed.ch\\\/de\\\/#organization\"},\"potentialAction\":[{\"@type\":\"SearchAction\",\"target\":{\"@type\":\"EntryPoint\",\"urlTemplate\":\"https:\\\/\\\/aromed.ch\\\/de\\\/?s={search_term_string}\"},\"query-input\":{\"@type\":\"PropertyValueSpecification\",\"valueRequired\":true,\"valueName\":\"search_term_string\"}}],\"inLanguage\":\"de\"},{\"@type\":\"Organization\",\"@id\":\"https:\\\/\\\/aromed.ch\\\/de\\\/#organization\",\"name\":\"Aromed\",\"url\":\"https:\\\/\\\/aromed.ch\\\/de\\\/\",\"logo\":{\"@type\":\"ImageObject\",\"inLanguage\":\"de\",\"@id\":\"https:\\\/\\\/aromed.ch\\\/de\\\/#\\\/schema\\\/logo\\\/image\\\/\",\"url\":\"https:\\\/\\\/aromed.ch\\\/wp-content\\\/uploads\\\/2023\\\/06\\\/aromed-logotype-fondation-de.svg\",\"contentUrl\":\"https:\\\/\\\/aromed.ch\\\/wp-content\\\/uploads\\\/2023\\\/06\\\/aromed-logotype-fondation-de.svg\",\"width\":960,\"height\":83,\"caption\":\"Aromed\"},\"image\":{\"@id\":\"https:\\\/\\\/aromed.ch\\\/de\\\/#\\\/schema\\\/logo\\\/image\\\/\"}}]}<\/script>\n<!-- \/ Yoast SEO plugin. -->","yoast_head_json":{"description":"Die AROMED Stiftung bietet Ihnen als Gesundheitsfachperson eine innovative Vorsorgel\u00f6sung und garantiert den Versicherten Leistungen wie die Altersrente","robots":{"index":"index","follow":"follow","max-snippet":"max-snippet:-1","max-image-preview":"max-image-preview:large","max-video-preview":"max-video-preview:-1"},"canonical":"https:\/\/aromed.ch\/de\/die-stiftung\/","og_locale":"de_DE","og_type":"article","og_title":"Vorsorgel\u00f6sung, f\u00fcr den medizinischen Bereich | Stiftung AROMED","og_description":"Die AROMED Stiftung bietet Ihnen als Gesundheitsfachperson eine innovative Vorsorgel\u00f6sung und garantiert den Versicherten Leistungen wie die Altersrente","og_url":"https:\/\/aromed.ch\/de\/die-stiftung\/","og_site_name":"Aromed","article_modified_time":"2026-04-08T07:35:19+00:00","og_image":[{"width":460,"height":400,"url":"https:\/\/aromed.ch\/wp-content\/uploads\/2023\/05\/aromed-yves-ducommun.jpg","type":"image\/jpeg"}],"twitter_card":"summary_large_image","twitter_misc":{"Gesch\u00e4tzte Lesezeit":"3\u00a0Minuten"},"schema":{"@context":"https:\/\/schema.org","@graph":[{"@type":"WebPage","@id":"https:\/\/aromed.ch\/de\/die-stiftung\/","url":"https:\/\/aromed.ch\/de\/die-stiftung\/","name":"Vorsorgel\u00f6sung, f\u00fcr den medizinischen Bereich | Stiftung AROMED","isPartOf":{"@id":"https:\/\/aromed.ch\/de\/#website"},"primaryImageOfPage":{"@id":"https:\/\/aromed.ch\/de\/die-stiftung\/#primaryimage"},"image":{"@id":"https:\/\/aromed.ch\/de\/die-stiftung\/#primaryimage"},"thumbnailUrl":"https:\/\/aromed.ch\/wp-content\/uploads\/2023\/05\/aromed-yves-ducommun.jpg","datePublished":"2023-05-16T09:47:45+00:00","dateModified":"2026-04-08T07:35:19+00:00","description":"Die AROMED Stiftung bietet Ihnen als Gesundheitsfachperson eine innovative Vorsorgel\u00f6sung und garantiert den Versicherten Leistungen wie die Altersrente","breadcrumb":{"@id":"https:\/\/aromed.ch\/de\/die-stiftung\/#breadcrumb"},"inLanguage":"de","potentialAction":[{"@type":"ReadAction","target":["https:\/\/aromed.ch\/de\/die-stiftung\/"]}]},{"@type":"ImageObject","inLanguage":"de","@id":"https:\/\/aromed.ch\/de\/die-stiftung\/#primaryimage","url":"https:\/\/aromed.ch\/wp-content\/uploads\/2023\/05\/aromed-yves-ducommun.jpg","contentUrl":"https:\/\/aromed.ch\/wp-content\/uploads\/2023\/05\/aromed-yves-ducommun.jpg"},{"@type":"BreadcrumbList","@id":"https:\/\/aromed.ch\/de\/die-stiftung\/#breadcrumb","itemListElement":[{"@type":"ListItem","position":1,"name":"Home","item":"https:\/\/aromed.ch\/de\/"},{"@type":"ListItem","position":2,"name":"Stiftung"}]},{"@type":"WebSite","@id":"https:\/\/aromed.ch\/de\/#website","url":"https:\/\/aromed.ch\/de\/","name":"Aromed","description":"\/sc","publisher":{"@id":"https:\/\/aromed.ch\/de\/#organization"},"potentialAction":[{"@type":"SearchAction","target":{"@type":"EntryPoint","urlTemplate":"https:\/\/aromed.ch\/de\/?s={search_term_string}"},"query-input":{"@type":"PropertyValueSpecification","valueRequired":true,"valueName":"search_term_string"}}],"inLanguage":"de"},{"@type":"Organization","@id":"https:\/\/aromed.ch\/de\/#organization","name":"Aromed","url":"https:\/\/aromed.ch\/de\/","logo":{"@type":"ImageObject","inLanguage":"de","@id":"https:\/\/aromed.ch\/de\/#\/schema\/logo\/image\/","url":"https:\/\/aromed.ch\/wp-content\/uploads\/2023\/06\/aromed-logotype-fondation-de.svg","contentUrl":"https:\/\/aromed.ch\/wp-content\/uploads\/2023\/06\/aromed-logotype-fondation-de.svg","width":960,"height":83,"caption":"Aromed"},"image":{"@id":"https:\/\/aromed.ch\/de\/#\/schema\/logo\/image\/"}}]}},"_links":{"self":[{"href":"https:\/\/aromed.ch\/de\/wp-json\/wp\/v2\/pages\/4206","targetHints":{"allow":["GET"]}}],"collection":[{"href":"https:\/\/aromed.ch\/de\/wp-json\/wp\/v2\/pages"}],"about":[{"href":"https:\/\/aromed.ch\/de\/wp-json\/wp\/v2\/types\/page"}],"author":[{"embeddable":true,"href":"https:\/\/aromed.ch\/de\/wp-json\/wp\/v2\/users\/1"}],"replies":[{"embeddable":true,"href":"https:\/\/aromed.ch\/de\/wp-json\/wp\/v2\/comments?post=4206"}],"version-history":[{"count":59,"href":"https:\/\/aromed.ch\/de\/wp-json\/wp\/v2\/pages\/4206\/revisions"}],"predecessor-version":[{"id":13559,"href":"https:\/\/aromed.ch\/de\/wp-json\/wp\/v2\/pages\/4206\/revisions\/13559"}],"wp:attachment":[{"href":"https:\/\/aromed.ch\/de\/wp-json\/wp\/v2\/media?parent=4206"}],"curies":[{"name":"wp","href":"https:\/\/api.w.org\/{rel}","templated":true}]}}