{"id":4238,"date":"2023-05-16T11:47:46","date_gmt":"2023-05-16T09:47:46","guid":{"rendered":"https:\/\/staging.aromed.ch\/solution-prevoyance-fondation\/les-chiffres-cles\/"},"modified":"2025-11-07T09:47:07","modified_gmt":"2025-11-07T08:47:07","slug":"die-wichtigen-kennzahlen","status":"publish","type":"page","link":"https:\/\/aromed.ch\/de\/die-stiftung\/die-wichtigen-kennzahlen\/","title":{"rendered":"Wichtigen Kennzahlen"},"content":{"rendered":"\n \n <header class=\"c-page-hero alignfull c-page-hero--has-bg\"  style=\"background-image:url(' https:\/\/aromed.ch\/wp-content\/uploads\/2023\/06\/aromed-bandeau-pages-internes-desktop-4.jpg')\"  >\n    <div class=\"c-page-hero__container\">\n        <!-- <h1 class=\"title__page mb-xs-20\">DIE WICHTIGEN KENNZAHLEN<\/h1> -->\n        <h1 class=\"title__page mb-xs-20\"  style=\"color:#4d4e50;\">DIE WICHTIGEN KENNZAHLEN<\/h1>\n    <\/div>\n<\/header>\n\n\n\n<div class=\"wp-block-group is-layout-constrained wp-block-group-is-layout-constrained\">\n<div style=\"height:40px\" aria-hidden=\"true\" class=\"wp-block-spacer  \"><\/div>\n\n\n\n<p class=\"has-text-align-center has-medium-font-size\">Ein Blick auf unseren Gesch\u00e4ftsbericht<\/p>\n\n\n\n<div class=\"wp-block-buttons is-content-justification-center is-layout-flex wp-container-core-buttons-is-layout-16018d1d wp-block-buttons-is-layout-flex\">\n<div class=\"wp-block-button is-style-primary\"><a class=\"wp-block-button__link has-text-align-center wp-element-button\" href=\"https:\/\/aromed.ch\/wp-content\/uploads\/2025\/07\/aromed-fondation-rapport-de-gestion-2025-de.pdf\" target=\"_blank\" rel=\"noreferrer noopener\">Gesch\u00e4ftsbericht<\/a><\/div>\n<\/div>\n\n\n\n<div style=\"height:40px\" aria-hidden=\"true\" class=\"wp-block-spacer  \"><\/div>\n\n\n\n<h2 class=\"c-heading wp-block-heading\" style=\"font-size:clamp(17.905px, 1.119rem + ((1vw - 3.2px) * 0.789), 28px);\">VERTEILUNG DER VERSICHERTEN (AKTIVEE UND RENTNER) IN ZAHLEN<\/h2>\n\n\n\n<p class=\"\">Die Gesamtzahl der Versicherten steigt auf 1\u2019435 Versicherte (d.h. 1342 Aktive und 93 Rentenbez\u00fcger) per 31.12.2024.<\/p>\n\n\n\n<p class=\"\">Die Rentenbez\u00fcger sind bei der Mobiliar f\u00fcr das Invalidit\u00e4ts- und Todesfallrisiko und bei Retraites Populaires f\u00fcr die Altersrenten r\u00fcckversichert.<\/p>\n\n\n\n<figure class=\"wp-block-image aligncenter size-full is-resized  \"><img loading=\"lazy\" decoding=\"async\" width=\"2560\" height=\"1515\" src=\"https:\/\/aromed.ch\/wp-content\/uploads\/2025\/05\/aromed-schluesselzahlen-versichertenverteilung-scaled.png\" alt=\"Aromed Schluesselzahlen Versichertenverteilung\" class=\"wp-image-11055\" style=\"width:941px\" srcset=\"https:\/\/aromed.ch\/wp-content\/uploads\/2025\/05\/aromed-schluesselzahlen-versichertenverteilung-scaled.png 2560w, https:\/\/aromed.ch\/wp-content\/uploads\/2025\/05\/aromed-schluesselzahlen-versichertenverteilung-300x178.png 300w, https:\/\/aromed.ch\/wp-content\/uploads\/2025\/05\/aromed-schluesselzahlen-versichertenverteilung-1024x606.png 1024w, https:\/\/aromed.ch\/wp-content\/uploads\/2025\/05\/aromed-schluesselzahlen-versichertenverteilung-768x454.png 768w, https:\/\/aromed.ch\/wp-content\/uploads\/2025\/05\/aromed-schluesselzahlen-versichertenverteilung-1536x909.png 1536w, https:\/\/aromed.ch\/wp-content\/uploads\/2025\/05\/aromed-schluesselzahlen-versichertenverteilung-2048x1212.png 2048w\" sizes=\"(max-width: 2560px) 100vw, 2560px\" \/><\/figure>\n\n\n\n<div style=\"height:50px\" aria-hidden=\"true\" class=\"wp-block-spacer  \"><\/div>\n\n\n\n<h2 class=\"c-heading wp-block-heading\" style=\"font-size:clamp(17.905px, 1.119rem + ((1vw - 3.2px) * 0.789), 28px);\">DIE VERM\u00d6GENSENTWICKLUNG IN CHF (MILLIONEN)<\/h2>\n\n\n\n<p class=\"\">Das f\u00fcr Anlagen zur Verf\u00fcgung stehende Verm\u00f6gen bel\u00e4uft sich auf CHF 852 Millionen.<\/p>\n\n\n\n<p class=\"\">Unter Ber\u00fccksichtigung der \u00fcbrigen Aktiva aus Versicherungsvertr\u00e4gen und der Rechnungsabgrenzung bel\u00e4uft sich das Gesamtverm\u00f6gen auf CHF 918 Millionen.<\/p>\n\n\n\n<p class=\"\"><\/p>\n\n\n\n<figure class=\"wp-block-image aligncenter size-full  \"><img loading=\"lazy\" decoding=\"async\" width=\"2560\" height=\"1515\" src=\"https:\/\/aromed.ch\/wp-content\/uploads\/2025\/05\/aromed-schluesselzahlen-entwicklung-des-gesamtvermoegens-scaled.png\" alt=\"Aromed Schluesselzahlen Entwicklung Des Gesamtvermoegens\" class=\"wp-image-11043\" srcset=\"https:\/\/aromed.ch\/wp-content\/uploads\/2025\/05\/aromed-schluesselzahlen-entwicklung-des-gesamtvermoegens-scaled.png 2560w, https:\/\/aromed.ch\/wp-content\/uploads\/2025\/05\/aromed-schluesselzahlen-entwicklung-des-gesamtvermoegens-300x178.png 300w, https:\/\/aromed.ch\/wp-content\/uploads\/2025\/05\/aromed-schluesselzahlen-entwicklung-des-gesamtvermoegens-1024x606.png 1024w, https:\/\/aromed.ch\/wp-content\/uploads\/2025\/05\/aromed-schluesselzahlen-entwicklung-des-gesamtvermoegens-768x454.png 768w, https:\/\/aromed.ch\/wp-content\/uploads\/2025\/05\/aromed-schluesselzahlen-entwicklung-des-gesamtvermoegens-1536x909.png 1536w, https:\/\/aromed.ch\/wp-content\/uploads\/2025\/05\/aromed-schluesselzahlen-entwicklung-des-gesamtvermoegens-2048x1212.png 2048w\" sizes=\"(max-width: 2560px) 100vw, 2560px\" \/><\/figure>\n\n\n\n<div style=\"height:50px\" aria-hidden=\"true\" class=\"wp-block-spacer  \"><\/div>\n\n\n\n<h2 class=\"c-heading wp-block-heading\" style=\"font-size:clamp(17.905px, 1.119rem + ((1vw - 3.2px) * 0.789), 28px);\">ENTWICKLUNG DES DECKUNGSGRADES (%) GEM\u00c4SS ARTIKEL 44 BVV2<\/h2>\n\n\n\n<p class=\"\">Gem\u00e4ss Artikel 44 BVV2: Der Deckungsgrad entspricht der Reserve, die die Stiftung im Zusammenhang mit dem technischen Zinssatz h\u00e4lt, der vom Stiftungsrat in Absprache mit dem Experten f\u00fcr berufliche Vorsorge festgelegt wird.&nbsp;<br><\/p>\n\n\n\n<p class=\"\">Zielwert gem\u00e4\u00df strategischer Allokation: 115%<\/p>\n\n\n\n<p class=\"\"><\/p>\n\n\n\n<figure class=\"wp-block-image aligncenter size-large  \"><img loading=\"lazy\" decoding=\"async\" width=\"1024\" height=\"606\" src=\"https:\/\/aromed.ch\/wp-content\/uploads\/2025\/05\/aromed-schluesselzahlen-entwicklung-deckungsgrad-1024x606.png\" alt=\"Aromed Schluesselzahlen Entwicklung Deckungsgrad\" class=\"wp-image-11040\" style=\"object-fit:cover\" srcset=\"https:\/\/aromed.ch\/wp-content\/uploads\/2025\/05\/aromed-schluesselzahlen-entwicklung-deckungsgrad-1024x606.png 1024w, https:\/\/aromed.ch\/wp-content\/uploads\/2025\/05\/aromed-schluesselzahlen-entwicklung-deckungsgrad-300x178.png 300w, https:\/\/aromed.ch\/wp-content\/uploads\/2025\/05\/aromed-schluesselzahlen-entwicklung-deckungsgrad-768x454.png 768w, https:\/\/aromed.ch\/wp-content\/uploads\/2025\/05\/aromed-schluesselzahlen-entwicklung-deckungsgrad-1536x909.png 1536w, https:\/\/aromed.ch\/wp-content\/uploads\/2025\/05\/aromed-schluesselzahlen-entwicklung-deckungsgrad-2048x1212.png 2048w\" sizes=\"(max-width: 1024px) 100vw, 1024px\" \/><\/figure>\n\n\n\n<div style=\"height:50px\" aria-hidden=\"true\" class=\"wp-block-spacer  \"><\/div>\n\n\n\n<h2 class=\"c-heading wp-block-heading\" style=\"font-size:clamp(17.905px, 1.119rem + ((1vw - 3.2px) * 0.789), 28px);\">PERFORMANCE<\/h2>\n\n\n\n<p class=\"\">Die Nettoanlagerendite im Jahr 2024 stieg auf +7,56 %, was angesichts der Performance im Jahr 2023 eine positive Entwicklung darstellt.&nbsp;<\/p>\n\n\n\n<figure class=\"wp-block-image aligncenter size-full  \"><img loading=\"lazy\" decoding=\"async\" width=\"2560\" height=\"1515\" src=\"https:\/\/aromed.ch\/wp-content\/uploads\/2025\/05\/aromed-schluesselzahlen-portfolio-rendite-scaled.png\" alt=\"Aromed Schluesselzahlen Portfolio Rendite\" class=\"wp-image-11049\" srcset=\"https:\/\/aromed.ch\/wp-content\/uploads\/2025\/05\/aromed-schluesselzahlen-portfolio-rendite-scaled.png 2560w, https:\/\/aromed.ch\/wp-content\/uploads\/2025\/05\/aromed-schluesselzahlen-portfolio-rendite-300x178.png 300w, https:\/\/aromed.ch\/wp-content\/uploads\/2025\/05\/aromed-schluesselzahlen-portfolio-rendite-1024x606.png 1024w, https:\/\/aromed.ch\/wp-content\/uploads\/2025\/05\/aromed-schluesselzahlen-portfolio-rendite-768x454.png 768w, https:\/\/aromed.ch\/wp-content\/uploads\/2025\/05\/aromed-schluesselzahlen-portfolio-rendite-1536x909.png 1536w, https:\/\/aromed.ch\/wp-content\/uploads\/2025\/05\/aromed-schluesselzahlen-portfolio-rendite-2048x1212.png 2048w\" sizes=\"(max-width: 2560px) 100vw, 2560px\" \/><\/figure>\n\n\n\n<div style=\"height:50px\" aria-hidden=\"true\" class=\"wp-block-spacer  \"><\/div>\n\n\n\n<h2 class=\"c-heading wp-block-heading\" style=\"font-size:clamp(17.905px, 1.119rem + ((1vw - 3.2px) * 0.789), 28px);\">GUTGESCHRIEBENE ZINSEN (IN %)<\/h2>\n\n\n\n<p class=\"\"><br>Der endg\u00fcltige Zins f\u00fcr das Jahr 2024 wurde auf 3,25% festgelegt (1,0% im Jahr 2023)<\/p>\n\n\n\n<figure class=\"wp-block-image aligncenter size-full  \"><img loading=\"lazy\" decoding=\"async\" width=\"2560\" height=\"1515\" src=\"https:\/\/aromed.ch\/wp-content\/uploads\/2025\/05\/aromed-web-graphiques-chiffres-clefs-16052025-interets-credites-de-scaled.png\" alt=\"Aromed Web Graphiques Chiffres Clefs 16052025 Interets Credites De\" class=\"wp-image-11155\" srcset=\"https:\/\/aromed.ch\/wp-content\/uploads\/2025\/05\/aromed-web-graphiques-chiffres-clefs-16052025-interets-credites-de-scaled.png 2560w, https:\/\/aromed.ch\/wp-content\/uploads\/2025\/05\/aromed-web-graphiques-chiffres-clefs-16052025-interets-credites-de-300x178.png 300w, https:\/\/aromed.ch\/wp-content\/uploads\/2025\/05\/aromed-web-graphiques-chiffres-clefs-16052025-interets-credites-de-1024x606.png 1024w, https:\/\/aromed.ch\/wp-content\/uploads\/2025\/05\/aromed-web-graphiques-chiffres-clefs-16052025-interets-credites-de-768x454.png 768w, https:\/\/aromed.ch\/wp-content\/uploads\/2025\/05\/aromed-web-graphiques-chiffres-clefs-16052025-interets-credites-de-1536x909.png 1536w, https:\/\/aromed.ch\/wp-content\/uploads\/2025\/05\/aromed-web-graphiques-chiffres-clefs-16052025-interets-credites-de-2048x1212.png 2048w\" sizes=\"(max-width: 2560px) 100vw, 2560px\" \/><\/figure>\n\n\n\n<div style=\"height:50px\" aria-hidden=\"true\" class=\"wp-block-spacer  \"><\/div>\n\n\n\n<h2 class=\"c-heading wp-block-heading\" style=\"font-size:clamp(17.905px, 1.119rem + ((1vw - 3.2px) * 0.789), 28px);\">ANLAGEN MIT DER ASSET ALLOCATION<\/h2>\n\n\n\n<p class=\"\">Die Investitionen in Infrastruktur und Private Equity werden jedes Jahr um 1 % steigen und schliesslich jeweils 7,5 % des Portfolios ausmachen. Die Anlagen in Hedgefonds werden gestrichen.&nbsp;<\/p>\n\n\n\n<p class=\"\"><\/p>\n\n\n\n<p class=\"\"><\/p>\n\n\n\n<figure class=\"wp-block-image aligncenter size-full  \"><img loading=\"lazy\" decoding=\"async\" width=\"2560\" height=\"1515\" src=\"https:\/\/aromed.ch\/wp-content\/uploads\/2025\/05\/aromed-schluesselzahlen-strategische-allokation-scaled.png\" alt=\"Aromed Schluesselzahlen Strategische Allokation\" class=\"wp-image-11052\" srcset=\"https:\/\/aromed.ch\/wp-content\/uploads\/2025\/05\/aromed-schluesselzahlen-strategische-allokation-scaled.png 2560w, https:\/\/aromed.ch\/wp-content\/uploads\/2025\/05\/aromed-schluesselzahlen-strategische-allokation-300x178.png 300w, https:\/\/aromed.ch\/wp-content\/uploads\/2025\/05\/aromed-schluesselzahlen-strategische-allokation-1024x606.png 1024w, https:\/\/aromed.ch\/wp-content\/uploads\/2025\/05\/aromed-schluesselzahlen-strategische-allokation-768x454.png 768w, https:\/\/aromed.ch\/wp-content\/uploads\/2025\/05\/aromed-schluesselzahlen-strategische-allokation-1536x909.png 1536w, https:\/\/aromed.ch\/wp-content\/uploads\/2025\/05\/aromed-schluesselzahlen-strategische-allokation-2048x1212.png 2048w\" sizes=\"(max-width: 2560px) 100vw, 2560px\" \/><\/figure>\n\n\n\n<p class=\"\"><\/p>\n\n\n\n<p class=\"\"><\/p>\n<\/div>\n\n\n\n<div style=\"height:70px\" aria-hidden=\"true\" class=\"wp-block-spacer  \"><\/div>\n","protected":false},"excerpt":{"rendered":"<p>Ein Blick auf unseren Gesch\u00e4ftsbericht VERTEILUNG DER VERSICHERTEN (AKTIVEE UND RENTNER) IN ZAHLEN Die Gesamtzahl der Versicherten steigt auf 1\u2019435 Versicherte (d.h. 1342 Aktive und 93 Rentenbez\u00fcger) per 31.12.2024. Die Rentenbez\u00fcger sind bei der Mobiliar f\u00fcr das Invalidit\u00e4ts- und Todesfallrisiko und bei Retraites Populaires f\u00fcr die Altersrenten r\u00fcckversichert. DIE VERM\u00d6GENSENTWICKLUNG IN CHF (MILLIONEN) Das f\u00fcr [&hellip;]<\/p>\n","protected":false},"author":1,"featured_media":0,"parent":4206,"menu_order":0,"comment_status":"closed","ping_status":"closed","template":"","meta":{"_acf_changed":false,"_habefastfse_class":"","footnotes":""},"class_list":["post-4238","page","type-page","status-publish","hentry"],"acf":[],"yoast_head":"<!-- This site is optimized with the Yoast SEO plugin v27.3 - https:\/\/yoast.com\/product\/yoast-seo-wordpress\/ -->\n<meta name=\"description\" content=\"Erfahren Sie mehr \u00fcber die wichtigsten Zahlen der Stiftung f\u00fcr die berufliche Vorsorge im medizinischen Bereich: Anzahl der Mitglieder, Gesamtverm\u00f6gen, Deckungsgrad...\" \/>\n<meta name=\"robots\" content=\"index, follow, max-snippet:-1, max-image-preview:large, max-video-preview:-1\" \/>\n<link rel=\"canonical\" href=\"https:\/\/aromed.ch\/de\/die-stiftung\/die-wichtigen-kennzahlen\/\" \/>\n<meta property=\"og:locale\" content=\"de_DE\" \/>\n<meta property=\"og:type\" content=\"article\" \/>\n<meta property=\"og:title\" content=\"Medizinischer Bereich, alle Kennzahlen der Stiftung | AROMED\" \/>\n<meta property=\"og:description\" content=\"Erfahren Sie mehr \u00fcber die wichtigsten Zahlen der Stiftung f\u00fcr die berufliche Vorsorge im medizinischen Bereich: Anzahl der Mitglieder, Gesamtverm\u00f6gen, Deckungsgrad...\" \/>\n<meta property=\"og:url\" content=\"https:\/\/aromed.ch\/de\/die-stiftung\/die-wichtigen-kennzahlen\/\" \/>\n<meta property=\"og:site_name\" content=\"Aromed\" \/>\n<meta property=\"article:modified_time\" content=\"2025-11-07T08:47:07+00:00\" \/>\n<meta property=\"og:image\" content=\"https:\/\/aromed.ch\/wp-content\/uploads\/2025\/05\/aromed-schluesselzahlen-versichertenverteilung-scaled.png\" \/>\n\t<meta property=\"og:image:width\" content=\"2560\" \/>\n\t<meta property=\"og:image:height\" content=\"1515\" \/>\n\t<meta property=\"og:image:type\" content=\"image\/png\" \/>\n<meta name=\"twitter:card\" content=\"summary_large_image\" \/>\n<meta name=\"twitter:label1\" content=\"Gesch\u00e4tzte Lesezeit\" \/>\n\t<meta name=\"twitter:data1\" content=\"3\u00a0Minuten\" \/>\n<script type=\"application\/ld+json\" class=\"yoast-schema-graph\">{\"@context\":\"https:\\\/\\\/schema.org\",\"@graph\":[{\"@type\":\"WebPage\",\"@id\":\"https:\\\/\\\/aromed.ch\\\/de\\\/die-stiftung\\\/die-wichtigen-kennzahlen\\\/\",\"url\":\"https:\\\/\\\/aromed.ch\\\/de\\\/die-stiftung\\\/die-wichtigen-kennzahlen\\\/\",\"name\":\"Medizinischer Bereich, alle Kennzahlen der Stiftung | AROMED\",\"isPartOf\":{\"@id\":\"https:\\\/\\\/aromed.ch\\\/de\\\/#website\"},\"primaryImageOfPage\":{\"@id\":\"https:\\\/\\\/aromed.ch\\\/de\\\/die-stiftung\\\/die-wichtigen-kennzahlen\\\/#primaryimage\"},\"image\":{\"@id\":\"https:\\\/\\\/aromed.ch\\\/de\\\/die-stiftung\\\/die-wichtigen-kennzahlen\\\/#primaryimage\"},\"thumbnailUrl\":\"https:\\\/\\\/aromed.ch\\\/wp-content\\\/uploads\\\/2025\\\/05\\\/aromed-schluesselzahlen-versichertenverteilung-scaled.png\",\"datePublished\":\"2023-05-16T09:47:46+00:00\",\"dateModified\":\"2025-11-07T08:47:07+00:00\",\"description\":\"Erfahren Sie mehr \u00fcber die wichtigsten Zahlen der Stiftung f\u00fcr die berufliche Vorsorge im medizinischen Bereich: Anzahl der Mitglieder, Gesamtverm\u00f6gen, Deckungsgrad...\",\"breadcrumb\":{\"@id\":\"https:\\\/\\\/aromed.ch\\\/de\\\/die-stiftung\\\/die-wichtigen-kennzahlen\\\/#breadcrumb\"},\"inLanguage\":\"de\",\"potentialAction\":[{\"@type\":\"ReadAction\",\"target\":[\"https:\\\/\\\/aromed.ch\\\/de\\\/die-stiftung\\\/die-wichtigen-kennzahlen\\\/\"]}]},{\"@type\":\"ImageObject\",\"inLanguage\":\"de\",\"@id\":\"https:\\\/\\\/aromed.ch\\\/de\\\/die-stiftung\\\/die-wichtigen-kennzahlen\\\/#primaryimage\",\"url\":\"https:\\\/\\\/aromed.ch\\\/wp-content\\\/uploads\\\/2025\\\/05\\\/aromed-schluesselzahlen-versichertenverteilung-scaled.png\",\"contentUrl\":\"https:\\\/\\\/aromed.ch\\\/wp-content\\\/uploads\\\/2025\\\/05\\\/aromed-schluesselzahlen-versichertenverteilung-scaled.png\"},{\"@type\":\"BreadcrumbList\",\"@id\":\"https:\\\/\\\/aromed.ch\\\/de\\\/die-stiftung\\\/die-wichtigen-kennzahlen\\\/#breadcrumb\",\"itemListElement\":[{\"@type\":\"ListItem\",\"position\":1,\"name\":\"Home\",\"item\":\"https:\\\/\\\/aromed.ch\\\/de\\\/\"},{\"@type\":\"ListItem\",\"position\":2,\"name\":\"Stiftung\",\"item\":\"https:\\\/\\\/aromed.ch\\\/de\\\/die-stiftung\\\/\"},{\"@type\":\"ListItem\",\"position\":3,\"name\":\"Wichtigen Kennzahlen\"}]},{\"@type\":\"WebSite\",\"@id\":\"https:\\\/\\\/aromed.ch\\\/de\\\/#website\",\"url\":\"https:\\\/\\\/aromed.ch\\\/de\\\/\",\"name\":\"Aromed\",\"description\":\"\\\/sc\",\"publisher\":{\"@id\":\"https:\\\/\\\/aromed.ch\\\/de\\\/#organization\"},\"potentialAction\":[{\"@type\":\"SearchAction\",\"target\":{\"@type\":\"EntryPoint\",\"urlTemplate\":\"https:\\\/\\\/aromed.ch\\\/de\\\/?s={search_term_string}\"},\"query-input\":{\"@type\":\"PropertyValueSpecification\",\"valueRequired\":true,\"valueName\":\"search_term_string\"}}],\"inLanguage\":\"de\"},{\"@type\":\"Organization\",\"@id\":\"https:\\\/\\\/aromed.ch\\\/de\\\/#organization\",\"name\":\"Aromed\",\"url\":\"https:\\\/\\\/aromed.ch\\\/de\\\/\",\"logo\":{\"@type\":\"ImageObject\",\"inLanguage\":\"de\",\"@id\":\"https:\\\/\\\/aromed.ch\\\/de\\\/#\\\/schema\\\/logo\\\/image\\\/\",\"url\":\"https:\\\/\\\/aromed.ch\\\/wp-content\\\/uploads\\\/2023\\\/06\\\/aromed-logotype-fondation-de.svg\",\"contentUrl\":\"https:\\\/\\\/aromed.ch\\\/wp-content\\\/uploads\\\/2023\\\/06\\\/aromed-logotype-fondation-de.svg\",\"width\":960,\"height\":83,\"caption\":\"Aromed\"},\"image\":{\"@id\":\"https:\\\/\\\/aromed.ch\\\/de\\\/#\\\/schema\\\/logo\\\/image\\\/\"}}]}<\/script>\n<!-- \/ Yoast SEO plugin. -->","yoast_head_json":{"description":"Erfahren Sie mehr \u00fcber die wichtigsten Zahlen der Stiftung f\u00fcr die berufliche Vorsorge im medizinischen Bereich: Anzahl der Mitglieder, Gesamtverm\u00f6gen, Deckungsgrad...","robots":{"index":"index","follow":"follow","max-snippet":"max-snippet:-1","max-image-preview":"max-image-preview:large","max-video-preview":"max-video-preview:-1"},"canonical":"https:\/\/aromed.ch\/de\/die-stiftung\/die-wichtigen-kennzahlen\/","og_locale":"de_DE","og_type":"article","og_title":"Medizinischer Bereich, alle Kennzahlen der Stiftung | AROMED","og_description":"Erfahren Sie mehr \u00fcber die wichtigsten Zahlen der Stiftung f\u00fcr die berufliche Vorsorge im medizinischen Bereich: Anzahl der Mitglieder, Gesamtverm\u00f6gen, Deckungsgrad...","og_url":"https:\/\/aromed.ch\/de\/die-stiftung\/die-wichtigen-kennzahlen\/","og_site_name":"Aromed","article_modified_time":"2025-11-07T08:47:07+00:00","og_image":[{"width":2560,"height":1515,"url":"https:\/\/aromed.ch\/wp-content\/uploads\/2025\/05\/aromed-schluesselzahlen-versichertenverteilung-scaled.png","type":"image\/png"}],"twitter_card":"summary_large_image","twitter_misc":{"Gesch\u00e4tzte Lesezeit":"3\u00a0Minuten"},"schema":{"@context":"https:\/\/schema.org","@graph":[{"@type":"WebPage","@id":"https:\/\/aromed.ch\/de\/die-stiftung\/die-wichtigen-kennzahlen\/","url":"https:\/\/aromed.ch\/de\/die-stiftung\/die-wichtigen-kennzahlen\/","name":"Medizinischer Bereich, alle Kennzahlen der Stiftung | AROMED","isPartOf":{"@id":"https:\/\/aromed.ch\/de\/#website"},"primaryImageOfPage":{"@id":"https:\/\/aromed.ch\/de\/die-stiftung\/die-wichtigen-kennzahlen\/#primaryimage"},"image":{"@id":"https:\/\/aromed.ch\/de\/die-stiftung\/die-wichtigen-kennzahlen\/#primaryimage"},"thumbnailUrl":"https:\/\/aromed.ch\/wp-content\/uploads\/2025\/05\/aromed-schluesselzahlen-versichertenverteilung-scaled.png","datePublished":"2023-05-16T09:47:46+00:00","dateModified":"2025-11-07T08:47:07+00:00","description":"Erfahren Sie mehr \u00fcber die wichtigsten Zahlen der Stiftung f\u00fcr die berufliche Vorsorge im medizinischen Bereich: Anzahl der Mitglieder, Gesamtverm\u00f6gen, Deckungsgrad...","breadcrumb":{"@id":"https:\/\/aromed.ch\/de\/die-stiftung\/die-wichtigen-kennzahlen\/#breadcrumb"},"inLanguage":"de","potentialAction":[{"@type":"ReadAction","target":["https:\/\/aromed.ch\/de\/die-stiftung\/die-wichtigen-kennzahlen\/"]}]},{"@type":"ImageObject","inLanguage":"de","@id":"https:\/\/aromed.ch\/de\/die-stiftung\/die-wichtigen-kennzahlen\/#primaryimage","url":"https:\/\/aromed.ch\/wp-content\/uploads\/2025\/05\/aromed-schluesselzahlen-versichertenverteilung-scaled.png","contentUrl":"https:\/\/aromed.ch\/wp-content\/uploads\/2025\/05\/aromed-schluesselzahlen-versichertenverteilung-scaled.png"},{"@type":"BreadcrumbList","@id":"https:\/\/aromed.ch\/de\/die-stiftung\/die-wichtigen-kennzahlen\/#breadcrumb","itemListElement":[{"@type":"ListItem","position":1,"name":"Home","item":"https:\/\/aromed.ch\/de\/"},{"@type":"ListItem","position":2,"name":"Stiftung","item":"https:\/\/aromed.ch\/de\/die-stiftung\/"},{"@type":"ListItem","position":3,"name":"Wichtigen Kennzahlen"}]},{"@type":"WebSite","@id":"https:\/\/aromed.ch\/de\/#website","url":"https:\/\/aromed.ch\/de\/","name":"Aromed","description":"\/sc","publisher":{"@id":"https:\/\/aromed.ch\/de\/#organization"},"potentialAction":[{"@type":"SearchAction","target":{"@type":"EntryPoint","urlTemplate":"https:\/\/aromed.ch\/de\/?s={search_term_string}"},"query-input":{"@type":"PropertyValueSpecification","valueRequired":true,"valueName":"search_term_string"}}],"inLanguage":"de"},{"@type":"Organization","@id":"https:\/\/aromed.ch\/de\/#organization","name":"Aromed","url":"https:\/\/aromed.ch\/de\/","logo":{"@type":"ImageObject","inLanguage":"de","@id":"https:\/\/aromed.ch\/de\/#\/schema\/logo\/image\/","url":"https:\/\/aromed.ch\/wp-content\/uploads\/2023\/06\/aromed-logotype-fondation-de.svg","contentUrl":"https:\/\/aromed.ch\/wp-content\/uploads\/2023\/06\/aromed-logotype-fondation-de.svg","width":960,"height":83,"caption":"Aromed"},"image":{"@id":"https:\/\/aromed.ch\/de\/#\/schema\/logo\/image\/"}}]}},"_links":{"self":[{"href":"https:\/\/aromed.ch\/de\/wp-json\/wp\/v2\/pages\/4238","targetHints":{"allow":["GET"]}}],"collection":[{"href":"https:\/\/aromed.ch\/de\/wp-json\/wp\/v2\/pages"}],"about":[{"href":"https:\/\/aromed.ch\/de\/wp-json\/wp\/v2\/types\/page"}],"author":[{"embeddable":true,"href":"https:\/\/aromed.ch\/de\/wp-json\/wp\/v2\/users\/1"}],"replies":[{"embeddable":true,"href":"https:\/\/aromed.ch\/de\/wp-json\/wp\/v2\/comments?post=4238"}],"version-history":[{"count":38,"href":"https:\/\/aromed.ch\/de\/wp-json\/wp\/v2\/pages\/4238\/revisions"}],"predecessor-version":[{"id":12362,"href":"https:\/\/aromed.ch\/de\/wp-json\/wp\/v2\/pages\/4238\/revisions\/12362"}],"up":[{"embeddable":true,"href":"https:\/\/aromed.ch\/de\/wp-json\/wp\/v2\/pages\/4206"}],"wp:attachment":[{"href":"https:\/\/aromed.ch\/de\/wp-json\/wp\/v2\/media?parent=4238"}],"curies":[{"name":"wp","href":"https:\/\/api.w.org\/{rel}","templated":true}]}}