{"id":4413,"date":"2023-05-16T11:47:47","date_gmt":"2023-05-16T09:47:47","guid":{"rendered":"https:\/\/staging.aromed.ch\/die-stiftung\/prestations-vieillesse\/"},"modified":"2023-06-14T10:37:09","modified_gmt":"2023-06-14T08:37:09","slug":"altersleistungen","status":"publish","type":"page","link":"https:\/\/aromed.ch\/de\/die-stiftung\/altersleistungen\/","title":{"rendered":"Altersleistungen"},"content":{"rendered":"\n \n <header class=\"c-page-hero alignfull c-page-hero--has-bg\"  style=\"background-image:url(' https:\/\/aromed.ch\/wp-content\/uploads\/2023\/06\/aromed-bandeau-pages-internes-desktop-4.jpg')\"  >\n    <div class=\"c-page-hero__container\">\n        <!-- <h1 class=\"title__page mb-xs-20\">Altersleistungen<\/h1> -->\n        <h1 class=\"title__page mb-xs-20\"  style=\"color:#4d4e50;\">Altersleistungen<\/h1>\n    <\/div>\n<\/header>\n\n\n\n<div class=\"wp-block-group is-layout-constrained wp-block-group-is-layout-constrained\">\n<h2 class=\"c-heading wp-block-heading  \">PERS\u00d6NLICHE BERATUNG<\/h2>\n\n\n\n<div class=\"wp-block-columns is-layout-flex wp-container-core-columns-is-layout-9d6595d7 wp-block-columns-is-layout-flex\">\n<div class=\"wp-block-column is-layout-flow wp-block-column-is-layout-flow\" style=\"flex-basis:75%\">\n<p class=\"\">Es war der Wille des Stiftungsrates, dass die angeschlossenen \u00c4rzte bei der Wahl der Altersrente von einer pers\u00f6nlichen Beratung durch Vorsorgespezialisten profitieren k\u00f6nnen.<\/p>\n\n\n\n<p class=\"\">Wenn Sie eine Altersrentensimulation beantragen oder in den Ruhestand treten m\u00f6chten, f\u00fcllen Sie bitte das daf\u00fcr vorgesehene Formular im Abschnitt Ruhestand auf der Ebene aller <a href=\"\/de\/solutions-assurance-prevoyance-adhesion\">Formulare aus<\/a>.<\/p>\n\n\n\n<p class=\"\">                                                                             <\/p>\n<\/div>\n\n\n\n<div class=\"wp-block-column is-layout-flow wp-block-column-is-layout-flow\" style=\"flex-basis:25%\">\n<div class=\"wp-block-buttons is-content-justification-center is-layout-flex wp-container-core-buttons-is-layout-16018d1d wp-block-buttons-is-layout-flex\">\n<div class=\"wp-block-button is-style-secondary  \"><a class=\"wp-block-button__link wp-element-button\" href=\"https:\/\/aromed.ch\/de\/loesung-vorsorgeloesung-stiftung\/formulare\/\">Formulare<\/a><\/div>\n<\/div>\n<\/div>\n<\/div>\n\n\n\n<div style=\"height:40px\" aria-hidden=\"true\" class=\"wp-block-spacer  \"><\/div>\n\n\n\n<h3 class=\"c-heading wp-block-heading has-theme-secondary-color has-text-color  \">ALTERSKAPITAL<\/h3>\n\n\n\n<p class=\"\">Sie haben einen Monat Zeit, um Ihr gesamtes Altersguthaben ab 58 Jahren bis zum 70. Lebensjahr als Kapital zu beziehen. Achtung: Wenn Sie in den letzten 3 Jahren R\u00fcckk\u00e4ufe get\u00e4tigt haben, bitten wir Sie, sich mit unserem Team in Verbindung zu setzen.<\/p>\n\n\n\n<div style=\"height:30px\" aria-hidden=\"true\" class=\"wp-block-spacer  \"><\/div>\n\n\n\n<h3 class=\"c-heading wp-block-heading has-theme-secondary-color has-text-color  \">LEIBRENTEN, DIE VON DER STIFTUNG FINANZIERT WERDEN<br><\/h3>\n\n\n\n<p class=\"\">Versicherte, die das Rentenalter erreichen (Art. 4 Abs. 2), haben Anspruch auf eine lebenslange Altersrente. Die Altersrenten werden allein aus dem Altersguthaben des Rentners finanziert und nicht von den anderen aktiven Mitgliedern. Dementsprechend hat die Stiftung die f\u00fcr jeden Rentner angesammelten Gelder an die Retraites Populaires \u00fcbertragen, die die lebenslange Rente vertraglich garantieren.<\/p>\n\n\n\n<div style=\"height:30px\" aria-hidden=\"true\" class=\"wp-block-spacer  \"><\/div>\n\n\n\n<h3 class=\"c-heading wp-block-heading has-theme-secondary-color has-text-color  \">ALTERSRENTENL\u00d6SUNGEN<br><\/h3>\n\n\n\n<p class=\"\">Die Aromed-Stiftung bietet verschiedene Arten von Renten mit oder ohne R\u00fcckerstattung im Todesfall an, um den Bed\u00fcrfnissen der \u00c4rzte bestm\u00f6glich gerecht zu werden.<\/p>\n\n\n\n<div style=\"height:30px\" aria-hidden=\"true\" class=\"wp-block-spacer  \"><\/div>\n\n\n<div class=\"wp-block-hf-accordion \" data-classNameOnOpen=\"\" data-openChild=\"\" data-onOpenCloseOther=\"0\" data-scrollToOpenedItem=\"0\">            <div class=\"wp-block-hf-accordion-item \">\r\n                <button class=\"wp-block-hf-accordion-item-title\" aria-controls=\"panel-5f5e6977-ada7-4b98-a3d8-e4ec5f0006eb-0\"\r\n                    aria-expanded=\"false\">\r\n                    RENTENPLAN A                <\/button >\r\n                <div class=\"wp-block-hf-accordion-item-content\" id=\"panel-5f5e6977-ada7-4b98-a3d8-e4ec5f0006eb-0\">\r\n                    <div class=\"wp-block-hf-accordion-item-content-layout is-layout-flow \">\r\n                        \n<ul class=\"c-list wp-block-list\">\n<li class=\"\">Versicherte Person: der Versicherte<\/li>\n\n\n\n<li class=\"\">Beim Tod der versicherten Person erhalten die Erben das urspr\u00fcnglich investierte &nbsp;&nbsp;&nbsp;&nbsp;Kapital abz\u00fcglich der zuvor gezahlten garantierten Renten.<\/li>\n<\/ul>\n\n<p class=\"\">Nur die Stiftung f\u00fcr die Vorsorge zugunsten AROMED bietet die M\u00f6glichkeit, auf diese Weise sein Verm\u00f6gen f\u00fcr die Erben zu behalten.<\/p>\n                    <\/div>\r\n                <\/div>\r\n            <\/div>\r\n                        <div class=\"wp-block-hf-accordion-item \">\r\n                <button class=\"wp-block-hf-accordion-item-title\" aria-controls=\"panel-5f5e6977-ada7-4b98-a3d8-e4ec5f0006eb-1\"\r\n                    aria-expanded=\"false\">\r\n                    RENTENPLAN B                <\/button >\r\n                <div class=\"wp-block-hf-accordion-item-content\" id=\"panel-5f5e6977-ada7-4b98-a3d8-e4ec5f0006eb-1\">\r\n                    <div class=\"wp-block-hf-accordion-item-content-layout is-layout-flow \">\r\n                        \n<ul class=\"c-list wp-block-list\">\n<li class=\"\">Versicherte Personen: der\/die Versicherte und Ehepartner\/in.<\/li>\n\n\n\n<li class=\"\">Beim Tod des Versicherten werden die Renten weiterhin an den Ehepartner\/die Ehepartnerin gezahlt, mit einer frei w\u00e4hlbaren Rentenumkehr (von 60 bis 100%).<\/li>\n\n\n\n<li class=\"\">Beim Tod der letzten \u00fcberlebenden versicherten Person w\u00e4hrend des 15-Jahres-Zeitraums wird die Rente bis zum Ablauf der 15 Jahre weiter an den\/die Beg\u00fcnstigte(n) gezahlt.<\/li>\n<\/ul>\n                    <\/div>\r\n                <\/div>\r\n            <\/div>\r\n                        <div class=\"wp-block-hf-accordion-item \">\r\n                <button class=\"wp-block-hf-accordion-item-title\" aria-controls=\"panel-5f5e6977-ada7-4b98-a3d8-e4ec5f0006eb-2\"\r\n                    aria-expanded=\"false\">\r\n                    RENTENPLAN C                <\/button >\r\n                <div class=\"wp-block-hf-accordion-item-content\" id=\"panel-5f5e6977-ada7-4b98-a3d8-e4ec5f0006eb-2\">\r\n                    <div class=\"wp-block-hf-accordion-item-content-layout is-layout-flow \">\r\n                        \n<ul class=\"c-list wp-block-list\">\n<li class=\"\">Versicherte Personen: die versicherte Person und Ehepartner\/in.<\/li>\n\n\n\n<li class=\"\">Beim Tod des\/der Versicherten werden die Renten weiter an den\/die Ehepartner\/in &nbsp;&nbsp;gezahlt, wobei die Renten zu 60% umkehrbar sind.<\/li>\n\n\n\n<li class=\"\">Beim Tod der letzten \u00fcberlebenden versicherten Person f\u00e4llt der Rentenanspruch weg.<\/li>\n<\/ul>\n\n<p class=\"\">Der Rentenplan C steht nur Versicherten offen, die der Stiftung vor Vollendung des 60. Lebensjahres beigetreten sind, und der Anteil des Altersguthabens, der f\u00fcr diese Rente verwendet wird, darf nicht mehr als CHF 500.000 betragen.<\/p>\n                    <\/div>\r\n                <\/div>\r\n            <\/div>\r\n            <\/div>\n\n\n<p class=\"\"><\/p>\n<\/div>\n","protected":false},"excerpt":{"rendered":"<p>PERS\u00d6NLICHE BERATUNG Es war der Wille des Stiftungsrates, dass die angeschlossenen \u00c4rzte bei der Wahl der Altersrente von einer pers\u00f6nlichen Beratung durch Vorsorgespezialisten profitieren k\u00f6nnen. Wenn Sie eine Altersrentensimulation beantragen oder in den Ruhestand treten m\u00f6chten, f\u00fcllen Sie bitte das daf\u00fcr vorgesehene Formular im Abschnitt Ruhestand auf der Ebene aller Formulare aus. ALTERSKAPITAL Sie haben [&hellip;]<\/p>\n","protected":false},"author":1,"featured_media":0,"parent":4206,"menu_order":0,"comment_status":"closed","ping_status":"closed","template":"","meta":{"_acf_changed":false,"_habefastfse_class":"","footnotes":""},"class_list":["post-4413","page","type-page","status-publish","hentry"],"acf":[],"yoast_head":"<!-- This site is optimized with the Yoast SEO plugin v27.3 - https:\/\/yoast.com\/product\/yoast-seo-wordpress\/ -->\n<meta name=\"description\" content=\"Die AROMED Stiftung bietet Ihnen eine pers\u00f6nliche Beratung zu Altersleistungen f\u00fcr medizinische Berufe durch unsere Vorsorgespezialisten.\" \/>\n<meta name=\"robots\" content=\"index, follow, max-snippet:-1, max-image-preview:large, max-video-preview:-1\" \/>\n<link rel=\"canonical\" href=\"https:\/\/aromed.ch\/de\/die-stiftung\/altersleistungen\/\" \/>\n<meta property=\"og:locale\" content=\"de_DE\" \/>\n<meta property=\"og:type\" content=\"article\" \/>\n<meta property=\"og:title\" content=\"Altersleistungen, pers\u00f6nliche Beratung | Stiftung AROMED\" \/>\n<meta property=\"og:description\" content=\"Die AROMED Stiftung bietet Ihnen eine pers\u00f6nliche Beratung zu Altersleistungen f\u00fcr medizinische Berufe durch unsere Vorsorgespezialisten.\" \/>\n<meta property=\"og:url\" content=\"https:\/\/aromed.ch\/de\/die-stiftung\/altersleistungen\/\" \/>\n<meta property=\"og:site_name\" content=\"Aromed\" \/>\n<meta property=\"article:modified_time\" content=\"2023-06-14T08:37:09+00:00\" \/>\n<meta name=\"twitter:card\" content=\"summary_large_image\" \/>\n<meta name=\"twitter:label1\" content=\"Gesch\u00e4tzte Lesezeit\" \/>\n\t<meta name=\"twitter:data1\" content=\"2\u00a0Minuten\" \/>\n<script type=\"application\/ld+json\" class=\"yoast-schema-graph\">{\"@context\":\"https:\\\/\\\/schema.org\",\"@graph\":[{\"@type\":\"WebPage\",\"@id\":\"https:\\\/\\\/aromed.ch\\\/de\\\/die-stiftung\\\/altersleistungen\\\/\",\"url\":\"https:\\\/\\\/aromed.ch\\\/de\\\/die-stiftung\\\/altersleistungen\\\/\",\"name\":\"Altersleistungen, pers\u00f6nliche Beratung | Stiftung AROMED\",\"isPartOf\":{\"@id\":\"https:\\\/\\\/aromed.ch\\\/de\\\/#website\"},\"datePublished\":\"2023-05-16T09:47:47+00:00\",\"dateModified\":\"2023-06-14T08:37:09+00:00\",\"description\":\"Die AROMED Stiftung bietet Ihnen eine pers\u00f6nliche Beratung zu Altersleistungen f\u00fcr medizinische Berufe durch unsere Vorsorgespezialisten.\",\"breadcrumb\":{\"@id\":\"https:\\\/\\\/aromed.ch\\\/de\\\/die-stiftung\\\/altersleistungen\\\/#breadcrumb\"},\"inLanguage\":\"de\",\"potentialAction\":[{\"@type\":\"ReadAction\",\"target\":[\"https:\\\/\\\/aromed.ch\\\/de\\\/die-stiftung\\\/altersleistungen\\\/\"]}]},{\"@type\":\"BreadcrumbList\",\"@id\":\"https:\\\/\\\/aromed.ch\\\/de\\\/die-stiftung\\\/altersleistungen\\\/#breadcrumb\",\"itemListElement\":[{\"@type\":\"ListItem\",\"position\":1,\"name\":\"Home\",\"item\":\"https:\\\/\\\/aromed.ch\\\/de\\\/\"},{\"@type\":\"ListItem\",\"position\":2,\"name\":\"Stiftung\",\"item\":\"https:\\\/\\\/aromed.ch\\\/de\\\/die-stiftung\\\/\"},{\"@type\":\"ListItem\",\"position\":3,\"name\":\"Altersleistungen\"}]},{\"@type\":\"WebSite\",\"@id\":\"https:\\\/\\\/aromed.ch\\\/de\\\/#website\",\"url\":\"https:\\\/\\\/aromed.ch\\\/de\\\/\",\"name\":\"Aromed\",\"description\":\"\\\/sc\",\"publisher\":{\"@id\":\"https:\\\/\\\/aromed.ch\\\/de\\\/#organization\"},\"potentialAction\":[{\"@type\":\"SearchAction\",\"target\":{\"@type\":\"EntryPoint\",\"urlTemplate\":\"https:\\\/\\\/aromed.ch\\\/de\\\/?s={search_term_string}\"},\"query-input\":{\"@type\":\"PropertyValueSpecification\",\"valueRequired\":true,\"valueName\":\"search_term_string\"}}],\"inLanguage\":\"de\"},{\"@type\":\"Organization\",\"@id\":\"https:\\\/\\\/aromed.ch\\\/de\\\/#organization\",\"name\":\"Aromed\",\"url\":\"https:\\\/\\\/aromed.ch\\\/de\\\/\",\"logo\":{\"@type\":\"ImageObject\",\"inLanguage\":\"de\",\"@id\":\"https:\\\/\\\/aromed.ch\\\/de\\\/#\\\/schema\\\/logo\\\/image\\\/\",\"url\":\"https:\\\/\\\/aromed.ch\\\/wp-content\\\/uploads\\\/2023\\\/06\\\/aromed-logotype-fondation-de.svg\",\"contentUrl\":\"https:\\\/\\\/aromed.ch\\\/wp-content\\\/uploads\\\/2023\\\/06\\\/aromed-logotype-fondation-de.svg\",\"width\":960,\"height\":83,\"caption\":\"Aromed\"},\"image\":{\"@id\":\"https:\\\/\\\/aromed.ch\\\/de\\\/#\\\/schema\\\/logo\\\/image\\\/\"}}]}<\/script>\n<!-- \/ Yoast SEO plugin. -->","yoast_head_json":{"description":"Die AROMED Stiftung bietet Ihnen eine pers\u00f6nliche Beratung zu Altersleistungen f\u00fcr medizinische Berufe durch unsere Vorsorgespezialisten.","robots":{"index":"index","follow":"follow","max-snippet":"max-snippet:-1","max-image-preview":"max-image-preview:large","max-video-preview":"max-video-preview:-1"},"canonical":"https:\/\/aromed.ch\/de\/die-stiftung\/altersleistungen\/","og_locale":"de_DE","og_type":"article","og_title":"Altersleistungen, pers\u00f6nliche Beratung | Stiftung AROMED","og_description":"Die AROMED Stiftung bietet Ihnen eine pers\u00f6nliche Beratung zu Altersleistungen f\u00fcr medizinische Berufe durch unsere Vorsorgespezialisten.","og_url":"https:\/\/aromed.ch\/de\/die-stiftung\/altersleistungen\/","og_site_name":"Aromed","article_modified_time":"2023-06-14T08:37:09+00:00","twitter_card":"summary_large_image","twitter_misc":{"Gesch\u00e4tzte Lesezeit":"2\u00a0Minuten"},"schema":{"@context":"https:\/\/schema.org","@graph":[{"@type":"WebPage","@id":"https:\/\/aromed.ch\/de\/die-stiftung\/altersleistungen\/","url":"https:\/\/aromed.ch\/de\/die-stiftung\/altersleistungen\/","name":"Altersleistungen, pers\u00f6nliche Beratung | Stiftung AROMED","isPartOf":{"@id":"https:\/\/aromed.ch\/de\/#website"},"datePublished":"2023-05-16T09:47:47+00:00","dateModified":"2023-06-14T08:37:09+00:00","description":"Die AROMED Stiftung bietet Ihnen eine pers\u00f6nliche Beratung zu Altersleistungen f\u00fcr medizinische Berufe durch unsere Vorsorgespezialisten.","breadcrumb":{"@id":"https:\/\/aromed.ch\/de\/die-stiftung\/altersleistungen\/#breadcrumb"},"inLanguage":"de","potentialAction":[{"@type":"ReadAction","target":["https:\/\/aromed.ch\/de\/die-stiftung\/altersleistungen\/"]}]},{"@type":"BreadcrumbList","@id":"https:\/\/aromed.ch\/de\/die-stiftung\/altersleistungen\/#breadcrumb","itemListElement":[{"@type":"ListItem","position":1,"name":"Home","item":"https:\/\/aromed.ch\/de\/"},{"@type":"ListItem","position":2,"name":"Stiftung","item":"https:\/\/aromed.ch\/de\/die-stiftung\/"},{"@type":"ListItem","position":3,"name":"Altersleistungen"}]},{"@type":"WebSite","@id":"https:\/\/aromed.ch\/de\/#website","url":"https:\/\/aromed.ch\/de\/","name":"Aromed","description":"\/sc","publisher":{"@id":"https:\/\/aromed.ch\/de\/#organization"},"potentialAction":[{"@type":"SearchAction","target":{"@type":"EntryPoint","urlTemplate":"https:\/\/aromed.ch\/de\/?s={search_term_string}"},"query-input":{"@type":"PropertyValueSpecification","valueRequired":true,"valueName":"search_term_string"}}],"inLanguage":"de"},{"@type":"Organization","@id":"https:\/\/aromed.ch\/de\/#organization","name":"Aromed","url":"https:\/\/aromed.ch\/de\/","logo":{"@type":"ImageObject","inLanguage":"de","@id":"https:\/\/aromed.ch\/de\/#\/schema\/logo\/image\/","url":"https:\/\/aromed.ch\/wp-content\/uploads\/2023\/06\/aromed-logotype-fondation-de.svg","contentUrl":"https:\/\/aromed.ch\/wp-content\/uploads\/2023\/06\/aromed-logotype-fondation-de.svg","width":960,"height":83,"caption":"Aromed"},"image":{"@id":"https:\/\/aromed.ch\/de\/#\/schema\/logo\/image\/"}}]}},"_links":{"self":[{"href":"https:\/\/aromed.ch\/de\/wp-json\/wp\/v2\/pages\/4413","targetHints":{"allow":["GET"]}}],"collection":[{"href":"https:\/\/aromed.ch\/de\/wp-json\/wp\/v2\/pages"}],"about":[{"href":"https:\/\/aromed.ch\/de\/wp-json\/wp\/v2\/types\/page"}],"author":[{"embeddable":true,"href":"https:\/\/aromed.ch\/de\/wp-json\/wp\/v2\/users\/1"}],"replies":[{"embeddable":true,"href":"https:\/\/aromed.ch\/de\/wp-json\/wp\/v2\/comments?post=4413"}],"version-history":[{"count":14,"href":"https:\/\/aromed.ch\/de\/wp-json\/wp\/v2\/pages\/4413\/revisions"}],"predecessor-version":[{"id":4883,"href":"https:\/\/aromed.ch\/de\/wp-json\/wp\/v2\/pages\/4413\/revisions\/4883"}],"up":[{"embeddable":true,"href":"https:\/\/aromed.ch\/de\/wp-json\/wp\/v2\/pages\/4206"}],"wp:attachment":[{"href":"https:\/\/aromed.ch\/de\/wp-json\/wp\/v2\/media?parent=4413"}],"curies":[{"name":"wp","href":"https:\/\/api.w.org\/{rel}","templated":true}]}}