{"id":4447,"date":"2023-05-31T16:02:55","date_gmt":"2023-05-31T14:02:55","guid":{"rendered":"https:\/\/staging.aromed.ch\/die-stiftung\/prevoyance-professionnelle-statut-fondation\/"},"modified":"2023-06-14T10:37:37","modified_gmt":"2023-06-14T08:37:37","slug":"statuten","status":"publish","type":"page","link":"https:\/\/aromed.ch\/de\/die-stiftung\/statuten\/","title":{"rendered":"Statuten"},"content":{"rendered":"\n \n <header class=\"c-page-hero alignfull c-page-hero--has-bg\"  style=\"background-image:url(' https:\/\/aromed.ch\/wp-content\/uploads\/2023\/06\/aromed-bandeau-pages-internes-desktop-4.jpg')\"  >\n    <div class=\"c-page-hero__container\">\n        <!-- <h1 class=\"title__page mb-xs-20\">Statuten<\/h1> -->\n        <h1 class=\"title__page mb-xs-20\"  style=\"color:#4d4e50;\">Statuten<\/h1>\n    <\/div>\n<\/header>\n\n\n\n<div class=\"wp-block-group is-layout-constrained wp-block-group-is-layout-constrained\">\n<h2 class=\"c-heading wp-block-heading has-theme-secondary-color has-text-color  \">Statuten der Stiftung f\u00fcr die Berufliche Vorsorge zugunsten AROMED<\/h2>\n\n\n\n<p class=\"\">Version der Statuten nach Beschluss des Stiftungsrates in seiner Sitzung vom 14. M\u00e4rz 2013 in Gland.<\/p>\n\n\n\n<div style=\"height:70px\" aria-hidden=\"true\" class=\"wp-block-spacer  \"><\/div>\n\n\n<div class=\"wp-block-hf-accordion  c-accordion-statuts\" data-classNameOnOpen=\"\" data-openChild=\"\" data-onOpenCloseOther=\"1\" data-scrollToOpenedItem=\"1\">            <div class=\"wp-block-hf-accordion-item \">\r\n                <h3 class=\"wp-block-hf-accordion-item-title\" aria-controls=\"panel-7db67912-c164-4a58-b019-79716b6c7de9-0\"\r\n                    aria-expanded=\"false\">\r\n                    ERSTER ARTIKEL 1 &#8211; <span>Name und Sitz<\/span>                <\/h3 >\r\n                <div class=\"wp-block-hf-accordion-item-content\" id=\"panel-7db67912-c164-4a58-b019-79716b6c7de9-0\">\r\n                    <div class=\"wp-block-hf-accordion-item-content-layout is-layout-flow \">\r\n                        \n<h4 class=\"c-heading wp-block-heading  \">1.1 Name<\/h4>\n\n<p class=\"\">Unter dem Namen Stiftung f\u00fcr die Berufliche Vorsorge zugunsten AROMED erkl\u00e4rt die anwesende Gr\u00fcnderin, eine Stiftung zu errichten, die den Artikeln achtzig und folgende des Schweizerischen Zivilgesetzbuches unterliegt.<\/p>\n\n<h4 class=\"c-heading wp-block-heading  \">1.2 Sitz<\/h4>\n\n<p class=\"\">Die Stiftung f\u00fcr die Berufliche Vorsorge zugunsten AROMED hat ihren Sitz in Gland.<\/p>\n\n<p class=\"\">Der Stiftungsrat kann mit Zustimmung der Aufsichtsbeh\u00f6rde beschlie\u00dfen, den Sitz an einen anderen Ort in der Schweiz zu verlegen.<\/p>\n\n<h4 class=\"c-heading wp-block-heading  \">1.3 Zweck<\/h4>\n\n<p class=\"\">Die Stiftung bezweckt die berufliche Vorsorge der angestellten oder selbstst\u00e4ndigen Mitglieder der Association romande des M\u00e9decins (AROMED) und ihres Personals.<\/p>\n\n<p class=\"\">Die angestellten Mitglieder von Aromed sind angeschlossen, wenn ihr Arbeitgeber (Spit\u00e4ler, Kapitalgesellschaften) der Stiftung beigetreten ist.<\/p>\n\n<p class=\"\">Nur ein Arbeitgeber, der einen oder mehrere \u00c4rzte, die Aromed-Mitglieder sind, umfasst, kann der Stiftung beitreten. Angestellte \u00c4rzte eines angeschlossenen Arbeitgebers m\u00fcssen automatisch Mitglied von Aromed werden.<\/p>\n\n<p class=\"\">Die Stiftung erbringt im Rahmen des BVG und seiner Ausf\u00fchrungsbestimmungen Vorsorgeleistungen im Falle von Invalidit\u00e4t, Tod und Rente.<\/p>\n\n<p class=\"\">Sie finanziert ihre T\u00e4tigkeiten insbesondere durch die Beitr\u00e4ge der angeschlossenen Mitglieder und die Ertr\u00e4ge aus ihrem Verm\u00f6gen. Der Arbeitgeber ist verpflichtet, einen Beitrag zu leisten, der mindestens der Summe der Beitr\u00e4ge aller angestellten \u00c4rzte gem\u00e4\u00df Art. 66 BVG und Art. 331 Abs. 3 OR entspricht.<\/p>\n\n<p class=\"\">Die Beitr\u00e4ge der angeschlossenen Mitglieder k\u00f6nnen gem\u00e4\u00df Art. 331 Abs. 3 OR aus Reserven entnommen werden, die zuvor zu diesem Zweck angeh\u00e4uft und separat verbucht wurden.<\/p>\n\n<p class=\"\">Die Stiftung kann Leistungserh\u00f6hungen auch mit Mitteln aus anderen steuerbefreiten Vorsorgeeinrichtungen oder aus ihrem freien Verm\u00f6gen finanzieren.<\/p>\n\n<p class=\"\">Zur Erreichung ihres Zwecks kann die Stiftung Versicherungsvertr\u00e4ge abschlie\u00dfen oder bestehenden Vertr\u00e4gen beitreten; sie muss dabei Versicherungsnehmerin und Beg\u00fcnstigte sein.<\/p>\n\n<h4 class=\"c-heading wp-block-heading  \">1.4 Kapital<\/h4>\n\n<p class=\"\">Das Anfangskapital der Stiftung betr\u00e4gt f\u00fcnftausend Franken (CHF 5.000), hinterlegt auf einem Bankkonto des unterzeichnenden Notars.<\/p>\n\n<h4 class=\"c-heading wp-block-heading  \">1.5 Dauer<\/h4>\n\n<p class=\"\">Die Dauer der Stiftung ist unbegrenzt. Die Stiftung wird mit ihrer Gr\u00fcndung wirksam.<\/p>\n                    <\/div>\r\n                <\/div>\r\n            <\/div>\r\n                        <div class=\"wp-block-hf-accordion-item \">\r\n                <h3 class=\"wp-block-hf-accordion-item-title\" aria-controls=\"panel-7db67912-c164-4a58-b019-79716b6c7de9-1\"\r\n                    aria-expanded=\"false\">\r\n                    ARTIKEL 2 &#8211; <span>Der Stiftungsrat<\/span>                <\/h3 >\r\n                <div class=\"wp-block-hf-accordion-item-content\" id=\"panel-7db67912-c164-4a58-b019-79716b6c7de9-1\">\r\n                    <div class=\"wp-block-hf-accordion-item-content-layout is-layout-flow \">\r\n                        \n<h4 class=\"c-heading wp-block-heading  \">2.1 Aufgaben<\/h4>\n\n<p class=\"\">Dem Stiftungsrat obliegt die Leitung der Stiftung in \u00dcbereinstimmung mit dem Gesetz, diesen Statuten und den Richtlinien der Aufsichtsbeh\u00f6rde.<\/p>\n\n<p class=\"\">Zu diesem Zweck kann er interne Aussch\u00fcsse ernennen und Mandate und andere Vertr\u00e4ge mit externen Dienstleistern abschlie\u00dfen, die ihn bei seiner Arbeit unterst\u00fctzen sollen.<\/p>\n\n<h4 class=\"c-heading wp-block-heading  \">2.2. Zusammensetzung und Organisation<\/h4>\n\n<figure class=\"wp-block-table  \"><table><tbody><tr><th>ZUSAMMENSETZUNG<\/th><td>Der Stiftungsrat besteht aus zwei bis zwanzig Mitgliedern.Die Namen der zeichnungsberechtigten Mitglieder des Stiftungsrates und alle sp\u00e4teren \u00c4nderungen m\u00fcssen dem Handelsregister und der Aufsichtsbeh\u00f6rde innerhalb eines Monats nach der Wahl gemeldet werden.Die Mitglieder des Stiftungsrates werden zur H\u00e4lfte von der Stifterin und zur H\u00e4lfte von den Destinat\u00e4ren der Stiftung (\u00c4rzte und deren Personal) bestimmt. In jedem Fall ist mindestens ein Mitglied zu bestimmen, das zu den Destinat\u00e4ren der Stiftung geh\u00f6rt.Der Stiftungsrat konstituiert sich selbst.<\/td><\/tr><tr><th>QUORUM<\/th><td>Der Stiftungsrat ist beschlussf\u00e4hig, wenn die Mehrheit der Mitglieder anwesend ist. Der Stiftungsrat fasst seine Beschl\u00fcsse mit absoluter Mehrheit. Beschl\u00fcsse k\u00f6nnen auch auf dem Zirkularweg gefasst werden. Bei Stimmengleichheit hat der Vorsitzende den Stichentscheid. Der Stiftungsrat f\u00fchrt \u00fcber seine Beratungen und Beschl\u00fcsse ein Protokoll.<\/td><\/tr><tr><th>VERTRETUNG<\/th><td>Der Stiftungsrat vertritt die Stiftung gegen\u00fcber Dritten, bestimmt die Personen, die zu zweit f\u00fcr die Stiftung rechtsverbindlich sind, und regelt die genaue Art der Unterzeichnung.<\/td><\/tr><\/tbody><\/table><\/figure>\n\n<h4 class=\"c-heading wp-block-heading  \">2.3 Interne Bestimmungen<\/h4>\n\n<p class=\"\">Der Stiftungsrat kann Bestimmungen vorschreiben, die der Aufsichtsbeh\u00f6rde vorgelegt werden m\u00fcssen.<\/p>\n\n<p class=\"\">Der Destinat\u00e4r kann nur dann Anspr\u00fcche auf das Verm\u00f6gen der Stiftung geltend machen, wenn ihm solche Anspr\u00fcche durch die Bestimmungen oder einen Beschluss zugewiesen wurden.<\/p>\n                    <\/div>\r\n                <\/div>\r\n            <\/div>\r\n                        <div class=\"wp-block-hf-accordion-item \">\r\n                <h3 class=\"wp-block-hf-accordion-item-title\" aria-controls=\"panel-7db67912-c164-4a58-b019-79716b6c7de9-2\"\r\n                    aria-expanded=\"false\">\r\n                    ARTIKEL 3 &#8211; <span>Der Pr\u00fcfer und der Sachverst\u00e4ndige<\/span>                <\/h3 >\r\n                <div class=\"wp-block-hf-accordion-item-content\" id=\"panel-7db67912-c164-4a58-b019-79716b6c7de9-2\">\r\n                    <div class=\"wp-block-hf-accordion-item-content-layout is-layout-flow \">\r\n                        \n<h4 class=\"c-heading wp-block-heading  \">3.1 Zusammensetzung und Aufgaben<\/h4>\n\n<figure class=\"wp-block-table  \"><table><tbody><tr><th>KONTROLLORGAN<\/th><td>Der Stiftungsrat beauftragt eine Kontrollstelle mit der j\u00e4hrlichen Pr\u00fcfung der Verwaltung, der Buchhaltung und der Verm\u00f6gensanlage gem\u00e4\u00df den anwendbaren gesetzlichen Bestimmungen. Die Kontrollstelle erstattet dem Stiftungsrat einen schriftlichen Bericht \u00fcber die Kontrollergebnisse.<\/td><\/tr><tr><th>SACHVERST\u00c4NDIGER<\/th><td>Der Stiftungsrat beauftragt einen von der Aufsichtsbeh\u00f6rde anerkannten oder zugelassenen Sachverst\u00e4ndigen f\u00fcr berufliche Vorsorge mit der periodischen \u00dcberpr\u00fcfung der Vorsorgeeinrichtung.<\/td><\/tr><\/tbody><\/table><\/figure>\n                    <\/div>\r\n                <\/div>\r\n            <\/div>\r\n                        <div class=\"wp-block-hf-accordion-item \">\r\n                <h3 class=\"wp-block-hf-accordion-item-title\" aria-controls=\"panel-7db67912-c164-4a58-b019-79716b6c7de9-3\"\r\n                    aria-expanded=\"false\">\r\n                    ARTIKEL 4 &#8211; <span>Finanzvorschriften<\/span>                <\/h3 >\r\n                <div class=\"wp-block-hf-accordion-item-content\" id=\"panel-7db67912-c164-4a58-b019-79716b6c7de9-3\">\r\n                    <div class=\"wp-block-hf-accordion-item-content-layout is-layout-flow \">\r\n                        \n<h4 class=\"c-heading wp-block-heading  \">4.1 Verm\u00f6gen<\/h4>\n\n<p class=\"\">Das Verm\u00f6gen der Stiftung ist sicher, in \u00dcbereinstimmung mit den gesetzlichen Bestimmungen und so anzulegen, dass eine angemessene Risikoverteilung und Rendite erzielt wird.<\/p>\n\n<p class=\"\">Das Verm\u00f6gen der Stiftung darf nur zur Erbringung von Leistungen mit dem Ziel der Vorsorge verwendet werden.<\/p>\n\n<p class=\"\">Soweit das Verm\u00f6gen in einer Forderung gegen\u00fcber den angeschlossenen \u00c4rzten besteht, muss diese Forderung gem\u00e4\u00df den Richtlinien der Aufsichtsbeh\u00f6rde verzinst werden.<\/p>\n\n<p class=\"\">Die gesetzlichen Anlagenormen sind in jedem Fall einzuhalten.<\/p>\n\n<h4 class=\"c-heading wp-block-heading  \">4.2 Buchhaltung<\/h4>\n\n<p class=\"\">Die Buchhaltung wird j\u00e4hrlich zum einunddrei\u00dfigsten Dezember abgeschlossen.<\/p>\n\n<p class=\"\">Aus praktischen Gr\u00fcnden kann der Stiftungsrat den Beginn und das Ende des Gesch\u00e4ftsjahres auf ein anderes Datum verschieben. Eine solche Verschiebung muss der Aufsichtsbeh\u00f6rde mit einer Begr\u00fcndung mitgeteilt werden..<\/p>\n\n<p class=\"\">Nach Ablauf des Gesch\u00e4ftsjahres erstellt die Stiftung die Jahresbilanz, legt sie der Kontrollstelle vor und unterbreitet sie anschlie\u00dfend der Aufsichtsbeh\u00f6rde.<\/p>\n\n<p class=\"\">Die Beitragsreserven und das f\u00fcr jeden Arzt verbuchte freie Verm\u00f6gen sind in der Jahresbilanz klar getrennt auszuweisen und d\u00fcrfen nur f\u00fcr die jeweiligen Beg\u00fcnstigten verwendet werden.<\/p>\n                    <\/div>\r\n                <\/div>\r\n            <\/div>\r\n                        <div class=\"wp-block-hf-accordion-item \">\r\n                <h3 class=\"wp-block-hf-accordion-item-title\" aria-controls=\"panel-7db67912-c164-4a58-b019-79716b6c7de9-4\"\r\n                    aria-expanded=\"false\">\r\n                    ARTIKEL 5 &#8211; <span>\u00c4nderung der Statuten und Aufl\u00f6sung der Stiftung<\/span>                <\/h3 >\r\n                <div class=\"wp-block-hf-accordion-item-content\" id=\"panel-7db67912-c164-4a58-b019-79716b6c7de9-4\">\r\n                    <div class=\"wp-block-hf-accordion-item-content-layout is-layout-flow \">\r\n                        \n<h4 class=\"c-heading wp-block-heading  \">5.1 \u00c4nderung der Statuten<\/h4>\n\n<p class=\"\">Die Statuten werden durch Beschluss der Aufsichtsbeh\u00f6rde auf Antrag des Stiftungsrates ge\u00e4ndert.<\/p>\n\n<h4 class=\"c-heading wp-block-heading  \">5.2 Aufl\u00f6sung der Stiftung oder Austritt eines angeschlossenen Unternehmens<\/h4>\n\n<p class=\"\">Beim Austritt eines Arztes oder seines Arbeitgebers wird ein Teil des freien Stiftungsverm\u00f6gens zu Gunsten des Arztes und seines Personals getrennt, sofern dies in den Bestimmungen \u00fcber die Gesamt- und Teilliquidation der Stiftung vorgesehen ist. Dieser Betrag darf dann nur im Rahmen der beruflichen Vorsorge verwendet werden.<\/p>\n\n<h4 class=\"c-heading wp-block-heading  \">5.3 Nachfolge, Aufl\u00f6sung und Liquidation<\/h4>\n\n<p class=\"\">Wenn die Stifterin auf einen Nachfolger \u00fcbergeht oder mit einem anderen Unternehmen fusioniert, folgt die Stiftung der Stifterin, sofern der Stiftungsrat nichts anderes beschlie\u00dft.<\/p>\n\n<p class=\"\">Die Rechte und Pflichten der Stifterin gegen\u00fcber der Stiftung gehen auf den Nachfolger \u00fcber.<\/p>\n\n<p class=\"\">Im Falle der Aufl\u00f6sung der Stifterin oder ihres Nachfolgers wird die Stiftung aufgel\u00f6st.<\/p>\n\n<p class=\"\">Im Falle der Aufl\u00f6sung der Stiftung ist das Stiftungsverm\u00f6gen zur Sicherstellung der reglementarischen Anspr\u00fcche der Destinat\u00e4re zu verwenden. Ein allf\u00e4lliger Restbetrag ist im Sinne des Stiftungszwecks zu verwenden. Die Liquidation wird vom letzten Stiftungsrat zu Ende gef\u00fchrt. Dieser bleibt bis zum Abschluss der Liquidation im Amt.<\/p>\n\n<p class=\"\">Ein R\u00fcckfall des Stiftungsverm\u00f6gens an die Stifterin oder ihre Nachfolgerin ist ausgeschlossen. Eine Verwendung au\u00dferhalb des Zwecks der beruflichen Vorsorge ist ebenfalls ausgeschlossen.<\/p>\n\n<p class=\"\">Im Falle einer Liquidation der Stiftung gelten die Bestimmungen des Reglements \u00fcber die Gesamt- und Teilliquidation der Stiftung.<\/p>\n                    <\/div>\r\n                <\/div>\r\n            <\/div>\r\n            <\/div><\/div>\n","protected":false},"excerpt":{"rendered":"<p>Statuten der Stiftung f\u00fcr die Berufliche Vorsorge zugunsten AROMED Version der Statuten nach Beschluss des Stiftungsrates in seiner Sitzung vom 14. M\u00e4rz 2013 in Gland.<\/p>\n","protected":false},"author":1,"featured_media":0,"parent":4206,"menu_order":0,"comment_status":"closed","ping_status":"closed","template":"","meta":{"_acf_changed":false,"_habefastfse_class":"","footnotes":""},"class_list":["post-4447","page","type-page","status-publish","hentry"],"acf":[],"yoast_head":"<!-- This site is optimized with the Yoast SEO plugin v27.3 - https:\/\/yoast.com\/product\/yoast-seo-wordpress\/ -->\n<meta name=\"description\" content=\"Entdecken Sie die Statuten der beruflichen Vorsorge, der Stiftung AROMED, Version des Beschlusses des Stiftungsrates, bestehend aus 5 Statuten.BVG, S\u00e4ule...\" \/>\n<meta name=\"robots\" content=\"index, follow, max-snippet:-1, max-image-preview:large, max-video-preview:-1\" \/>\n<link rel=\"canonical\" href=\"https:\/\/aromed.ch\/de\/die-stiftung\/statuten\/\" \/>\n<meta property=\"og:locale\" content=\"de_DE\" \/>\n<meta property=\"og:type\" content=\"article\" \/>\n<meta property=\"og:title\" content=\"Berufliche Vorsorge, verschiedene Status | AROMED Stiftung\" \/>\n<meta property=\"og:description\" content=\"Entdecken Sie die Statuten der beruflichen Vorsorge, der Stiftung AROMED, Version des Beschlusses des Stiftungsrates, bestehend aus 5 Statuten.BVG, S\u00e4ule...\" \/>\n<meta property=\"og:url\" content=\"https:\/\/aromed.ch\/de\/die-stiftung\/statuten\/\" \/>\n<meta property=\"og:site_name\" content=\"Aromed\" \/>\n<meta property=\"article:modified_time\" content=\"2023-06-14T08:37:37+00:00\" \/>\n<meta name=\"twitter:card\" content=\"summary_large_image\" \/>\n<meta name=\"twitter:label1\" content=\"Gesch\u00e4tzte Lesezeit\" \/>\n\t<meta name=\"twitter:data1\" content=\"6\u00a0Minuten\" \/>\n<script type=\"application\/ld+json\" class=\"yoast-schema-graph\">{\"@context\":\"https:\\\/\\\/schema.org\",\"@graph\":[{\"@type\":\"WebPage\",\"@id\":\"https:\\\/\\\/aromed.ch\\\/de\\\/die-stiftung\\\/statuten\\\/\",\"url\":\"https:\\\/\\\/aromed.ch\\\/de\\\/die-stiftung\\\/statuten\\\/\",\"name\":\"Berufliche Vorsorge, verschiedene Status | AROMED Stiftung\",\"isPartOf\":{\"@id\":\"https:\\\/\\\/aromed.ch\\\/de\\\/#website\"},\"datePublished\":\"2023-05-31T14:02:55+00:00\",\"dateModified\":\"2023-06-14T08:37:37+00:00\",\"description\":\"Entdecken Sie die Statuten der beruflichen Vorsorge, der Stiftung AROMED, Version des Beschlusses des Stiftungsrates, bestehend aus 5 Statuten.BVG, S\u00e4ule...\",\"breadcrumb\":{\"@id\":\"https:\\\/\\\/aromed.ch\\\/de\\\/die-stiftung\\\/statuten\\\/#breadcrumb\"},\"inLanguage\":\"de\",\"potentialAction\":[{\"@type\":\"ReadAction\",\"target\":[\"https:\\\/\\\/aromed.ch\\\/de\\\/die-stiftung\\\/statuten\\\/\"]}]},{\"@type\":\"BreadcrumbList\",\"@id\":\"https:\\\/\\\/aromed.ch\\\/de\\\/die-stiftung\\\/statuten\\\/#breadcrumb\",\"itemListElement\":[{\"@type\":\"ListItem\",\"position\":1,\"name\":\"Home\",\"item\":\"https:\\\/\\\/aromed.ch\\\/de\\\/\"},{\"@type\":\"ListItem\",\"position\":2,\"name\":\"Stiftung\",\"item\":\"https:\\\/\\\/aromed.ch\\\/de\\\/die-stiftung\\\/\"},{\"@type\":\"ListItem\",\"position\":3,\"name\":\"Statuten\"}]},{\"@type\":\"WebSite\",\"@id\":\"https:\\\/\\\/aromed.ch\\\/de\\\/#website\",\"url\":\"https:\\\/\\\/aromed.ch\\\/de\\\/\",\"name\":\"Aromed\",\"description\":\"\\\/sc\",\"publisher\":{\"@id\":\"https:\\\/\\\/aromed.ch\\\/de\\\/#organization\"},\"potentialAction\":[{\"@type\":\"SearchAction\",\"target\":{\"@type\":\"EntryPoint\",\"urlTemplate\":\"https:\\\/\\\/aromed.ch\\\/de\\\/?s={search_term_string}\"},\"query-input\":{\"@type\":\"PropertyValueSpecification\",\"valueRequired\":true,\"valueName\":\"search_term_string\"}}],\"inLanguage\":\"de\"},{\"@type\":\"Organization\",\"@id\":\"https:\\\/\\\/aromed.ch\\\/de\\\/#organization\",\"name\":\"Aromed\",\"url\":\"https:\\\/\\\/aromed.ch\\\/de\\\/\",\"logo\":{\"@type\":\"ImageObject\",\"inLanguage\":\"de\",\"@id\":\"https:\\\/\\\/aromed.ch\\\/de\\\/#\\\/schema\\\/logo\\\/image\\\/\",\"url\":\"https:\\\/\\\/aromed.ch\\\/wp-content\\\/uploads\\\/2023\\\/06\\\/aromed-logotype-fondation-de.svg\",\"contentUrl\":\"https:\\\/\\\/aromed.ch\\\/wp-content\\\/uploads\\\/2023\\\/06\\\/aromed-logotype-fondation-de.svg\",\"width\":960,\"height\":83,\"caption\":\"Aromed\"},\"image\":{\"@id\":\"https:\\\/\\\/aromed.ch\\\/de\\\/#\\\/schema\\\/logo\\\/image\\\/\"}}]}<\/script>\n<!-- \/ Yoast SEO plugin. -->","yoast_head_json":{"description":"Entdecken Sie die Statuten der beruflichen Vorsorge, der Stiftung AROMED, Version des Beschlusses des Stiftungsrates, bestehend aus 5 Statuten.BVG, S\u00e4ule...","robots":{"index":"index","follow":"follow","max-snippet":"max-snippet:-1","max-image-preview":"max-image-preview:large","max-video-preview":"max-video-preview:-1"},"canonical":"https:\/\/aromed.ch\/de\/die-stiftung\/statuten\/","og_locale":"de_DE","og_type":"article","og_title":"Berufliche Vorsorge, verschiedene Status | AROMED Stiftung","og_description":"Entdecken Sie die Statuten der beruflichen Vorsorge, der Stiftung AROMED, Version des Beschlusses des Stiftungsrates, bestehend aus 5 Statuten.BVG, S\u00e4ule...","og_url":"https:\/\/aromed.ch\/de\/die-stiftung\/statuten\/","og_site_name":"Aromed","article_modified_time":"2023-06-14T08:37:37+00:00","twitter_card":"summary_large_image","twitter_misc":{"Gesch\u00e4tzte Lesezeit":"6\u00a0Minuten"},"schema":{"@context":"https:\/\/schema.org","@graph":[{"@type":"WebPage","@id":"https:\/\/aromed.ch\/de\/die-stiftung\/statuten\/","url":"https:\/\/aromed.ch\/de\/die-stiftung\/statuten\/","name":"Berufliche Vorsorge, verschiedene Status | AROMED Stiftung","isPartOf":{"@id":"https:\/\/aromed.ch\/de\/#website"},"datePublished":"2023-05-31T14:02:55+00:00","dateModified":"2023-06-14T08:37:37+00:00","description":"Entdecken Sie die Statuten der beruflichen Vorsorge, der Stiftung AROMED, Version des Beschlusses des Stiftungsrates, bestehend aus 5 Statuten.BVG, S\u00e4ule...","breadcrumb":{"@id":"https:\/\/aromed.ch\/de\/die-stiftung\/statuten\/#breadcrumb"},"inLanguage":"de","potentialAction":[{"@type":"ReadAction","target":["https:\/\/aromed.ch\/de\/die-stiftung\/statuten\/"]}]},{"@type":"BreadcrumbList","@id":"https:\/\/aromed.ch\/de\/die-stiftung\/statuten\/#breadcrumb","itemListElement":[{"@type":"ListItem","position":1,"name":"Home","item":"https:\/\/aromed.ch\/de\/"},{"@type":"ListItem","position":2,"name":"Stiftung","item":"https:\/\/aromed.ch\/de\/die-stiftung\/"},{"@type":"ListItem","position":3,"name":"Statuten"}]},{"@type":"WebSite","@id":"https:\/\/aromed.ch\/de\/#website","url":"https:\/\/aromed.ch\/de\/","name":"Aromed","description":"\/sc","publisher":{"@id":"https:\/\/aromed.ch\/de\/#organization"},"potentialAction":[{"@type":"SearchAction","target":{"@type":"EntryPoint","urlTemplate":"https:\/\/aromed.ch\/de\/?s={search_term_string}"},"query-input":{"@type":"PropertyValueSpecification","valueRequired":true,"valueName":"search_term_string"}}],"inLanguage":"de"},{"@type":"Organization","@id":"https:\/\/aromed.ch\/de\/#organization","name":"Aromed","url":"https:\/\/aromed.ch\/de\/","logo":{"@type":"ImageObject","inLanguage":"de","@id":"https:\/\/aromed.ch\/de\/#\/schema\/logo\/image\/","url":"https:\/\/aromed.ch\/wp-content\/uploads\/2023\/06\/aromed-logotype-fondation-de.svg","contentUrl":"https:\/\/aromed.ch\/wp-content\/uploads\/2023\/06\/aromed-logotype-fondation-de.svg","width":960,"height":83,"caption":"Aromed"},"image":{"@id":"https:\/\/aromed.ch\/de\/#\/schema\/logo\/image\/"}}]}},"_links":{"self":[{"href":"https:\/\/aromed.ch\/de\/wp-json\/wp\/v2\/pages\/4447","targetHints":{"allow":["GET"]}}],"collection":[{"href":"https:\/\/aromed.ch\/de\/wp-json\/wp\/v2\/pages"}],"about":[{"href":"https:\/\/aromed.ch\/de\/wp-json\/wp\/v2\/types\/page"}],"author":[{"embeddable":true,"href":"https:\/\/aromed.ch\/de\/wp-json\/wp\/v2\/users\/1"}],"replies":[{"embeddable":true,"href":"https:\/\/aromed.ch\/de\/wp-json\/wp\/v2\/comments?post=4447"}],"version-history":[{"count":11,"href":"https:\/\/aromed.ch\/de\/wp-json\/wp\/v2\/pages\/4447\/revisions"}],"predecessor-version":[{"id":4894,"href":"https:\/\/aromed.ch\/de\/wp-json\/wp\/v2\/pages\/4447\/revisions\/4894"}],"up":[{"embeddable":true,"href":"https:\/\/aromed.ch\/de\/wp-json\/wp\/v2\/pages\/4206"}],"wp:attachment":[{"href":"https:\/\/aromed.ch\/de\/wp-json\/wp\/v2\/media?parent=4447"}],"curies":[{"name":"wp","href":"https:\/\/api.w.org\/{rel}","templated":true}]}}