{"id":4535,"date":"2023-05-16T11:47:46","date_gmt":"2023-05-16T09:47:46","guid":{"rendered":"https:\/\/staging.aromed.ch\/die-stiftung\/votre-prevoyance\/"},"modified":"2025-01-14T11:31:14","modified_gmt":"2025-01-14T10:31:14","slug":"seite-vorsorgeloesungen","status":"publish","type":"page","link":"https:\/\/aromed.ch\/de\/die-stiftung\/seite-vorsorgeloesungen\/","title":{"rendered":"Seite vorsorgel\u00f6sungen"},"content":{"rendered":"\n \n <header class=\"c-page-hero alignfull c-page-hero--has-bg\"  style=\"background-image:url(' https:\/\/aromed.ch\/wp-content\/uploads\/2023\/06\/aromed-bandeau-pages-internes-desktop-4.jpg')\"  >\n    <div class=\"c-page-hero__container\">\n        <!-- <h1 class=\"title__page mb-xs-20\">SEITE VORSORGEL\u00d6SUNGEN<\/h1> -->\n        <h1 class=\"title__page mb-xs-20\"  style=\"color:#4d4e50;\">SEITE VORSORGEL\u00d6SUNGEN<\/h1>\n    <\/div>\n<\/header>\n\n\n\n<div class=\"wp-block-group c-prevoyance-solutions is-layout-constrained wp-block-group-is-layout-constrained\">\n<h2 class=\"c-heading wp-block-heading has-theme-secondary-color has-text-color   \">Die Vorsorgel\u00f6sungen<\/h2>\n\n\n\n<p class=\"\">Die Aromed-Stiftung bietet Vorsorgel\u00f6sungen an, um \u00c4rzte auf ihrem privaten wie auch beruflichen Lebensweg zu begleiten.<\/p>\n\n\n\n<div style=\"height:50px\" aria-hidden=\"true\" class=\"wp-block-spacer  \"><\/div>\n\n\n<div class=\"wp-block-hf-accordion \" data-classNameOnOpen=\"\" data-openChild=\"\" data-onOpenCloseOther=\"1\" data-scrollToOpenedItem=\"1\">            <div class=\"wp-block-hf-accordion-item \">\r\n                <h3 class=\"wp-block-hf-accordion-item-title\" aria-controls=\"panel-d81dbede-b4e9-4b95-baf9-95f9dde8e62c-0\"\r\n                    aria-expanded=\"false\">\r\n                    Balance sicherheit | Start-up                <\/h3 >\r\n                <div class=\"wp-block-hf-accordion-item-content\" id=\"panel-d81dbede-b4e9-4b95-baf9-95f9dde8e62c-0\">\r\n                    <div class=\"wp-block-hf-accordion-item-content-layout is-layout-flow \">\r\n                        \n<h4 class=\"c-heading wp-block-heading   \">F\u00dcR WEN?<\/h4>\n\n<p class=\"\">Alle selbstst\u00e4ndigen Personen, die sich vor dem 50. Geburtstag neu selbstst\u00e4ndig gemacht haben<\/p>\n\n<h4 class=\"c-heading wp-block-heading   \">WICHTIGSTE INFORMATIONEN<\/h4>\n\n<p class=\"\">Der versicherte Risikolohn ist in der Summenversicherung in H\u00f6he von 151.200 CHF (= maximale AHV-Rente (30.240 CHF) x 5).<br>Der versicherte Sparlohn ist auf den versicherten Risikolohn begrenzt, d.h. auf 151.200 CHF (= maximale AHV-Rente (30.240 CHF) x 5).<\/p>\n\n<h4 class=\"c-heading wp-block-heading   \">ALTERSGUTSCHRIFTEN<\/h4>\n\n<p class=\"\">Die j\u00e4hrlichen Altersgutschriften (Sparbeitr\u00e4ge) werden in % des versicherten Sparlohns berechnet. Die Tabelle sieht wie folgt aus:<\/p>\n\n<table style=\"width: 450px; text-align: center;\">\n<thead>\n<tr>\n<th>ALTER<\/th>\n<th>ALTERSGUTSCHRIFTEN<\/th>\n<\/tr>\n<\/thead>\n<tbody>\n<tr>\n<td>18 \u2013 19<\/td>\n<td>0%<\/td>\n<\/tr>\n<tr>\n<td>20 \u2013 34<\/td>\n<td>5%<\/td>\n<\/tr>\n<tr>\n<td>35 \u2013 44<\/td>\n<td>9%<\/td>\n<\/tr>\n<tr>\n<td>45 \u2013 54<\/td>\n<td>13%<\/td>\n<\/tr>\n<tr>\n<td>55 \u2013 70<\/td>\n<td>17%<\/td>\n<\/tr>\n<\/tbody>\n<\/table>\n\n<h4 class=\"c-heading wp-block-heading   \">VERSICHERTE LEISTUNGEN<\/h4>\n\n<p class=\"\">Die versicherten Leistungen sind folgende:<\/p>\n\n<ul class=\"c-list wp-block-list  \">\n<li class=\"\"><strong>Invalidenrente\u00a0<\/strong>(Art. 36): 60% des versicherten Risikolohns, d.h. CHF 90.720.- (im Jahr 2025), Leistung wird nach einer Wartefrist von 24 Monaten ausbezahlt.<\/li>\n\n\n\n<li class=\"\"><strong>Befreiung der Beitragszahlungen<\/strong>&nbsp;(Art. 55): Wartefrist von 3 Monaten. Nach Ablauf der dreimonatigen Frist alimentiert die Stiftung das Altersguthaben auf der Basis des versicherten Risikolohns.<\/li>\n\n\n\n<li class=\"\"><strong>Rente f\u00fcr den \u00fcberlebenden Ehegatten<\/strong>\u00a0(Art. 42)\u00a0<strong>und Rente f\u00fcr den \u00fcberlebenden Konkubinatspartner<\/strong>\u00a0(Art. 44): 30% des versicherten Risikolohns, d.h. CHF 45.360.- (im Jahr 2025).<\/li>\n\n\n\n<li class=\"\"><strong>Invaliden-Kinderrente<\/strong>\u00a0(Art. 41)\u00a0<strong>und Waisenrente<\/strong>\u00a0(Art. 45): 8% des versicherten Risikolohns, d.h. CHF 12.096.- (im Jahr 2025).<\/li>\n\n\n\n<li class=\"\"><strong>Todesfallkapital<\/strong>(Art. 46): Mit R\u00fcckerstattung des zum Zeitpunkt des Todes angesammelten Altersguthabens.<\/li>\n\n\n\n<li class=\"\"><strong>Zus\u00e4tzliches Todesfallkapital<\/strong>\u00a0(Art. 46): 200% des versicherten Risikolohns, d.h. CHF 302.400.- (im Jahr 2025)<\/li>\n<\/ul>\n\n<p class=\"\">Die Leistungen sind bei Krankheit und Unfall gedeckt. Abweichend von den Bestimmungen in Art. 21 werden die versicherten Leistungen nicht wegen der Koordination mit anderen Versicherungen oder wegen \u00dcberentsch\u00e4digung gek\u00fcrzt (Summen- und nicht Schadensversicherung).<\/p>\n\n<h4 class=\"c-heading wp-block-heading   \">DIE VERWALTUNGSKOSTEN<\/h4>\n\n<p class=\"\">W\u00e4hrend der Mitgliedschaft in diesem Plan werden die Verwaltungskosten vollst\u00e4ndig von der Stiftung getragen.<\/p>\n                    <\/div>\r\n                <\/div>\r\n            <\/div>\r\n                        <div class=\"wp-block-hf-accordion-item \">\r\n                <h3 class=\"wp-block-hf-accordion-item-title\" aria-controls=\"panel-d81dbede-b4e9-4b95-baf9-95f9dde8e62c-1\"\r\n                    aria-expanded=\"false\">\r\n                    Smartmed | Plan mit wahlm\u00f6glichkeiten                <\/h3 >\r\n                <div class=\"wp-block-hf-accordion-item-content\" id=\"panel-d81dbede-b4e9-4b95-baf9-95f9dde8e62c-1\">\r\n                    <div class=\"wp-block-hf-accordion-item-content-layout is-layout-flow \">\r\n                        \n<h4 class=\"c-heading wp-block-heading   \">F\u00dcR WEN?<\/h4>\n\n<p class=\"\">Selbstst\u00e4ndige \u00c4rzte einschlie\u00dflich f\u00fcr juristische Personen (AG \/ GmbH)<\/p>\n\n<h4 class=\"c-heading wp-block-heading   \">ALTERSGUTSCHRIFTEN<\/h4>\n\n<p class=\"\">Die j\u00e4hrlichen Altersgutschriften (Sparbeitr\u00e4ge) werden in % des versicherten Sparlohns berechnet. Sie werden in der Mitgliedschaftsvereinbarung nach den 4 Grundmodulen und 2 Zusatzoptionen festgelegt. Die Tabelle sieht wie folgt aus:<\/p>\n\n<table class=\"large\" style=\"width: 100%; text-align: center;\">\n<thead>\n<tr>\n<th>ALTER<\/th>\n<th colspan=\"5\">BASISBONIFIKATIONEN<\/th>\n<th colspan=\"2\">ZUS\u00c4TZLICHE BONIFIKATIONEN (OPTIONAL)<br>\n<\/th>\n<\/tr>\n<\/thead>\n<tbody>\n<tr class=\"blue\">\n<td><\/td>\n<td>modul 1<\/td>\n<td>modul 2*<\/td>\n<td>modul 3<\/td>\n<td>modul 4<\/td>\n<td class=\"border-right\">modul 5<\/td>\n<td>Option +2.5%<\/td>\n<td>Option +5%<\/td>\n<\/tr>\n<tr>\n<td>18 \u2013 19<\/td>\n<td>0%<\/td>\n<td>0%<\/td>\n<td>0%<\/td>\n<td>0%<\/td>\n<td class=\"border-right\">0%<\/td>\n<td>+0%<\/td>\n<td>+0%<\/td>\n<\/tr>\n<tr>\n<td>20 \u2013 24<\/td>\n<td>7%<\/td>\n<td>5%<\/td>\n<td>8%<\/td>\n<td>0%<\/td>\n<td class=\"border-right\">0%<\/td>\n<td>+0%<\/td>\n<td>+0%<\/td>\n<\/tr>\n<tr>\n<td>25 \u2013 34<\/td>\n<td>7%<\/td>\n<td>5%<\/td>\n<td>8%<\/td>\n<td>20%<\/td>\n<td class=\"border-right\">15%<\/td>\n<td>+2.5%<\/td>\n<td>+5%<\/td>\n<\/tr>\n<tr>\n<td>35 \u2013 44<\/td>\n<td>10%<\/td>\n<td>9%<\/td>\n<td>12%<\/td>\n<td>20%<\/td>\n<td class=\"border-right\">15%<\/td>\n<td>+2.5%<\/td>\n<td>+5%<\/td>\n<\/tr>\n<tr>\n<td>45 \u2013 54<\/td>\n<td>15%<\/td>\n<td>13%<\/td>\n<td>16%<\/td>\n<td>20%<\/td>\n<td class=\"border-right\">25%<\/td>\n<td>+2.5%<\/td>\n<td>+5%<\/td>\n<\/tr>\n<tr>\n<td>55 \u2013 70<\/td>\n<td>18%<\/td>\n<td>17%<\/td>\n<td>20%<\/td>\n<td>20%<\/td>\n<td class=\"border-right\">25%<\/td>\n<td>+2.5%<\/td>\n<td>+5%<\/td>\n<\/tr>\n<\/tbody>\n<\/table>\n\n<div style=\"height:20px\" aria-hidden=\"true\" class=\"wp-block-spacer  \"><\/div>\n\n<p class=\"\">*&nbsp;Variante wird nur mit einer zus\u00e4tzlichen Bonifikationsoption akzeptiert oder wenn der versicherte Sparlohn dem Jahreslohn\/-einkommen entspricht.<\/p>\n\n<h4 class=\"c-heading wp-block-heading   \">VERSICHERTE LEISTUNGEN NACH WAHL<\/h4>\n\n<p class=\"\">Die versicherten Leistungen werden in % des versicherten Risikolohns berechnet. Sie werden in der Mitgliedschaftsvereinbarung nach folgenden Optionen festgelegt:<\/p>\n\n<ul class=\"c-list wp-block-list  \">\n<li class=\"\"><strong>Invalidenrente<\/strong>&nbsp;(Art. 36): M\u00f6gliche Skala zwischen 20%* und 70% in Tranchen von 10%, Leistung wird nach einer Wartefrist von 24 Monaten ausbezahlt.<\/li>\n\n\n\n<li class=\"\"><strong>Befreiung der Beitragszahlung<\/strong>&nbsp;(Art. 55): Wartezeit von 3, 6, 12 oder 24 Monaten.<\/li>\n\n\n\n<li class=\"\"><strong>Rente f\u00fcr den \u00fcberlebenden Ehegatten<\/strong>&nbsp;(Art. 42)&nbsp;<strong>und Rente f\u00fcr den \u00fcberlebenden Konkubinatspartner<\/strong>&nbsp;(Art. 44): M\u00f6gliche Skala zwischen 10%* und 60% in Tranchen von 5%.<\/li>\n\n\n\n<li class=\"\"><strong>Invaliden-Kinderrente<\/strong>&nbsp;(Art. 41)&nbsp;<strong>und Waisenrente<\/strong>&nbsp;(Art. 45): M\u00f6gliche Skala zwischen 4%* und 12% in Tranchen von 2%.<\/li>\n\n\n\n<li class=\"\"><strong>Todesfallkapital<\/strong>&nbsp;(Art. 46): Mit oder ohne R\u00fcckerstattung des zum Zeitpunkt des Todes angesammelten Altersguthabens.<\/li>\n\n\n\n<li class=\"\"><strong>Zus\u00e4tzliches Todesfallkapital<\/strong>** (Art. 46): M\u00f6gliche Skala zwischen 0% und 500% in Tranchen von 50%.<\/li>\n<\/ul>\n\n<p class=\"\">* Varianten werden nur akzeptiert, wenn der versicherte Risikolohn dem Jahreslohn\/-einkommen entspricht.<\/p>\n\n<p class=\"\">** Die maximale H\u00f6he des zus\u00e4tzlichen Todesfallkapital liegt bei:<\/p>\n\n<ul class=\"c-list wp-block-list  \">\n<li class=\"\">500%, wenn die versicherte Rente des \u00fcberlebenden Ehegatten\/Lebenspartners h\u00f6chstens 30% betr\u00e4gt,<\/li>\n\n\n\n<li class=\"\">400%, wenn die Rente des \u00fcberlebenden versicherten Ehegatten\/Lebenspartners 35% bis 40% betr\u00e4gt,<\/li>\n\n\n\n<li class=\"\">350%, wenn die Rente des \u00fcberlebenden versicherten Ehegatten\/Lebenspartners 45% bis 50% betr\u00e4gt,<\/li>\n\n\n\n<li class=\"\">300%, wenn die Rente des \u00fcberlebenden versicherten Ehegatten\/Lebenspartners 55% betr\u00e4gt,<\/li>\n\n\n\n<li class=\"\">0%, wenn die Rente des \u00fcberlebenden versicherten Ehegatten\/Lebenspartners 60% betr\u00e4gt.<\/li>\n<\/ul>\n\n<p class=\"\">Die oben genannten Leistungen sind bei Krankheit und Unfall gedeckt. Die Anschlussvereinbarung kann die Deckung bei Unfall ausschlie\u00dfen. In jedem Fall ist die Befreiung von der Beitragszahlung bei Krankheit und Unfall immer gew\u00e4hrleistet.<\/p>\n\n<h4 class=\"c-heading wp-block-heading   \">VERSICHERTE LEISTUNGEN NACH DEM RENTENALTER (ART. 31)<\/h4>\n\n<p class=\"\">Bei Weiterf\u00fchrung der Erwerbst\u00e4tigkeit \u00fcber das ordentliche Rentenalter hinaus, d.h. 64 Jahre f\u00fcr Frauen und 65 Jahre f\u00fcr M\u00e4nner, kann die versicherte Person die Vorsorge bis zur Aufgabe der Erwerbst\u00e4tigkeit, h\u00f6chstens aber bis zum vollendeten 70. Lebensjahr beibehalten. Standardm\u00e4\u00dfig werden w\u00e4hrend dieser Verl\u00e4ngerungsperiode keine Risikoleistungen versichert.<\/p>\n\n<p class=\"\">Die Anschlussvereinbarung kann eine Risikodeckung mit einem Todesfallkapital in der H\u00f6he von 300% des versicherten Sparlohns, jedoch h\u00f6chstens CHF 600.000, vorsehen.<\/p>\n                    <\/div>\r\n                <\/div>\r\n            <\/div>\r\n            <\/div>\n\n\n<p class=\"\"><\/p>\n<\/div>\n","protected":false},"excerpt":{"rendered":"<p>Die Vorsorgel\u00f6sungen Die Aromed-Stiftung bietet Vorsorgel\u00f6sungen an, um \u00c4rzte auf ihrem privaten wie auch beruflichen Lebensweg zu begleiten.<\/p>\n","protected":false},"author":1,"featured_media":0,"parent":4206,"menu_order":0,"comment_status":"closed","ping_status":"closed","template":"","meta":{"_acf_changed":false,"_habefastfse_class":"","footnotes":""},"class_list":["post-4535","page","type-page","status-publish","hentry"],"acf":[],"yoast_head":"<!-- This site is optimized with the Yoast SEO plugin v27.3 - https:\/\/yoast.com\/product\/yoast-seo-wordpress\/ -->\n<meta name=\"description\" content=\"AROMED bietet Vorsorgepl\u00e4ne an, die den Lebensweg des Arztes begleiten: BVG-Leistung, Altersleistung, angepasst an Ihre Situation und Ihr Ziel.\" \/>\n<meta name=\"robots\" content=\"index, follow, max-snippet:-1, max-image-preview:large, max-video-preview:-1\" \/>\n<link rel=\"canonical\" href=\"https:\/\/aromed.ch\/de\/die-stiftung\/seite-vorsorgeloesungen\/\" \/>\n<meta property=\"og:locale\" content=\"de_DE\" \/>\n<meta property=\"og:type\" content=\"article\" \/>\n<meta property=\"og:title\" content=\"Vorsorgeplan, um den Arzt zu begleiten | AROMED Stiftung\" \/>\n<meta property=\"og:description\" content=\"AROMED bietet Vorsorgepl\u00e4ne an, die den Lebensweg des Arztes begleiten: BVG-Leistung, Altersleistung, angepasst an Ihre Situation und Ihr Ziel.\" \/>\n<meta property=\"og:url\" content=\"https:\/\/aromed.ch\/de\/die-stiftung\/seite-vorsorgeloesungen\/\" \/>\n<meta property=\"og:site_name\" content=\"Aromed\" \/>\n<meta property=\"article:modified_time\" content=\"2025-01-14T10:31:14+00:00\" \/>\n<meta name=\"twitter:card\" content=\"summary_large_image\" \/>\n<meta name=\"twitter:label1\" content=\"Gesch\u00e4tzte Lesezeit\" \/>\n\t<meta name=\"twitter:data1\" content=\"4\u00a0Minuten\" \/>\n<script type=\"application\/ld+json\" class=\"yoast-schema-graph\">{\"@context\":\"https:\\\/\\\/schema.org\",\"@graph\":[{\"@type\":\"WebPage\",\"@id\":\"https:\\\/\\\/aromed.ch\\\/de\\\/die-stiftung\\\/seite-vorsorgeloesungen\\\/\",\"url\":\"https:\\\/\\\/aromed.ch\\\/de\\\/die-stiftung\\\/seite-vorsorgeloesungen\\\/\",\"name\":\"Vorsorgeplan, um den Arzt zu begleiten | AROMED Stiftung\",\"isPartOf\":{\"@id\":\"https:\\\/\\\/aromed.ch\\\/de\\\/#website\"},\"datePublished\":\"2023-05-16T09:47:46+00:00\",\"dateModified\":\"2025-01-14T10:31:14+00:00\",\"description\":\"AROMED bietet Vorsorgepl\u00e4ne an, die den Lebensweg des Arztes begleiten: BVG-Leistung, Altersleistung, angepasst an Ihre Situation und Ihr Ziel.\",\"breadcrumb\":{\"@id\":\"https:\\\/\\\/aromed.ch\\\/de\\\/die-stiftung\\\/seite-vorsorgeloesungen\\\/#breadcrumb\"},\"inLanguage\":\"de\",\"potentialAction\":[{\"@type\":\"ReadAction\",\"target\":[\"https:\\\/\\\/aromed.ch\\\/de\\\/die-stiftung\\\/seite-vorsorgeloesungen\\\/\"]}]},{\"@type\":\"BreadcrumbList\",\"@id\":\"https:\\\/\\\/aromed.ch\\\/de\\\/die-stiftung\\\/seite-vorsorgeloesungen\\\/#breadcrumb\",\"itemListElement\":[{\"@type\":\"ListItem\",\"position\":1,\"name\":\"Home\",\"item\":\"https:\\\/\\\/aromed.ch\\\/de\\\/\"},{\"@type\":\"ListItem\",\"position\":2,\"name\":\"Stiftung\",\"item\":\"https:\\\/\\\/aromed.ch\\\/de\\\/die-stiftung\\\/\"},{\"@type\":\"ListItem\",\"position\":3,\"name\":\"Seite vorsorgel\u00f6sungen\"}]},{\"@type\":\"WebSite\",\"@id\":\"https:\\\/\\\/aromed.ch\\\/de\\\/#website\",\"url\":\"https:\\\/\\\/aromed.ch\\\/de\\\/\",\"name\":\"Aromed\",\"description\":\"\\\/sc\",\"publisher\":{\"@id\":\"https:\\\/\\\/aromed.ch\\\/de\\\/#organization\"},\"potentialAction\":[{\"@type\":\"SearchAction\",\"target\":{\"@type\":\"EntryPoint\",\"urlTemplate\":\"https:\\\/\\\/aromed.ch\\\/de\\\/?s={search_term_string}\"},\"query-input\":{\"@type\":\"PropertyValueSpecification\",\"valueRequired\":true,\"valueName\":\"search_term_string\"}}],\"inLanguage\":\"de\"},{\"@type\":\"Organization\",\"@id\":\"https:\\\/\\\/aromed.ch\\\/de\\\/#organization\",\"name\":\"Aromed\",\"url\":\"https:\\\/\\\/aromed.ch\\\/de\\\/\",\"logo\":{\"@type\":\"ImageObject\",\"inLanguage\":\"de\",\"@id\":\"https:\\\/\\\/aromed.ch\\\/de\\\/#\\\/schema\\\/logo\\\/image\\\/\",\"url\":\"https:\\\/\\\/aromed.ch\\\/wp-content\\\/uploads\\\/2023\\\/06\\\/aromed-logotype-fondation-de.svg\",\"contentUrl\":\"https:\\\/\\\/aromed.ch\\\/wp-content\\\/uploads\\\/2023\\\/06\\\/aromed-logotype-fondation-de.svg\",\"width\":960,\"height\":83,\"caption\":\"Aromed\"},\"image\":{\"@id\":\"https:\\\/\\\/aromed.ch\\\/de\\\/#\\\/schema\\\/logo\\\/image\\\/\"}}]}<\/script>\n<!-- \/ Yoast SEO plugin. -->","yoast_head_json":{"description":"AROMED bietet Vorsorgepl\u00e4ne an, die den Lebensweg des Arztes begleiten: BVG-Leistung, Altersleistung, angepasst an Ihre Situation und Ihr Ziel.","robots":{"index":"index","follow":"follow","max-snippet":"max-snippet:-1","max-image-preview":"max-image-preview:large","max-video-preview":"max-video-preview:-1"},"canonical":"https:\/\/aromed.ch\/de\/die-stiftung\/seite-vorsorgeloesungen\/","og_locale":"de_DE","og_type":"article","og_title":"Vorsorgeplan, um den Arzt zu begleiten | AROMED Stiftung","og_description":"AROMED bietet Vorsorgepl\u00e4ne an, die den Lebensweg des Arztes begleiten: BVG-Leistung, Altersleistung, angepasst an Ihre Situation und Ihr Ziel.","og_url":"https:\/\/aromed.ch\/de\/die-stiftung\/seite-vorsorgeloesungen\/","og_site_name":"Aromed","article_modified_time":"2025-01-14T10:31:14+00:00","twitter_card":"summary_large_image","twitter_misc":{"Gesch\u00e4tzte Lesezeit":"4\u00a0Minuten"},"schema":{"@context":"https:\/\/schema.org","@graph":[{"@type":"WebPage","@id":"https:\/\/aromed.ch\/de\/die-stiftung\/seite-vorsorgeloesungen\/","url":"https:\/\/aromed.ch\/de\/die-stiftung\/seite-vorsorgeloesungen\/","name":"Vorsorgeplan, um den Arzt zu begleiten | AROMED Stiftung","isPartOf":{"@id":"https:\/\/aromed.ch\/de\/#website"},"datePublished":"2023-05-16T09:47:46+00:00","dateModified":"2025-01-14T10:31:14+00:00","description":"AROMED bietet Vorsorgepl\u00e4ne an, die den Lebensweg des Arztes begleiten: BVG-Leistung, Altersleistung, angepasst an Ihre Situation und Ihr Ziel.","breadcrumb":{"@id":"https:\/\/aromed.ch\/de\/die-stiftung\/seite-vorsorgeloesungen\/#breadcrumb"},"inLanguage":"de","potentialAction":[{"@type":"ReadAction","target":["https:\/\/aromed.ch\/de\/die-stiftung\/seite-vorsorgeloesungen\/"]}]},{"@type":"BreadcrumbList","@id":"https:\/\/aromed.ch\/de\/die-stiftung\/seite-vorsorgeloesungen\/#breadcrumb","itemListElement":[{"@type":"ListItem","position":1,"name":"Home","item":"https:\/\/aromed.ch\/de\/"},{"@type":"ListItem","position":2,"name":"Stiftung","item":"https:\/\/aromed.ch\/de\/die-stiftung\/"},{"@type":"ListItem","position":3,"name":"Seite vorsorgel\u00f6sungen"}]},{"@type":"WebSite","@id":"https:\/\/aromed.ch\/de\/#website","url":"https:\/\/aromed.ch\/de\/","name":"Aromed","description":"\/sc","publisher":{"@id":"https:\/\/aromed.ch\/de\/#organization"},"potentialAction":[{"@type":"SearchAction","target":{"@type":"EntryPoint","urlTemplate":"https:\/\/aromed.ch\/de\/?s={search_term_string}"},"query-input":{"@type":"PropertyValueSpecification","valueRequired":true,"valueName":"search_term_string"}}],"inLanguage":"de"},{"@type":"Organization","@id":"https:\/\/aromed.ch\/de\/#organization","name":"Aromed","url":"https:\/\/aromed.ch\/de\/","logo":{"@type":"ImageObject","inLanguage":"de","@id":"https:\/\/aromed.ch\/de\/#\/schema\/logo\/image\/","url":"https:\/\/aromed.ch\/wp-content\/uploads\/2023\/06\/aromed-logotype-fondation-de.svg","contentUrl":"https:\/\/aromed.ch\/wp-content\/uploads\/2023\/06\/aromed-logotype-fondation-de.svg","width":960,"height":83,"caption":"Aromed"},"image":{"@id":"https:\/\/aromed.ch\/de\/#\/schema\/logo\/image\/"}}]}},"_links":{"self":[{"href":"https:\/\/aromed.ch\/de\/wp-json\/wp\/v2\/pages\/4535","targetHints":{"allow":["GET"]}}],"collection":[{"href":"https:\/\/aromed.ch\/de\/wp-json\/wp\/v2\/pages"}],"about":[{"href":"https:\/\/aromed.ch\/de\/wp-json\/wp\/v2\/types\/page"}],"author":[{"embeddable":true,"href":"https:\/\/aromed.ch\/de\/wp-json\/wp\/v2\/users\/1"}],"replies":[{"embeddable":true,"href":"https:\/\/aromed.ch\/de\/wp-json\/wp\/v2\/comments?post=4535"}],"version-history":[{"count":21,"href":"https:\/\/aromed.ch\/de\/wp-json\/wp\/v2\/pages\/4535\/revisions"}],"predecessor-version":[{"id":9223,"href":"https:\/\/aromed.ch\/de\/wp-json\/wp\/v2\/pages\/4535\/revisions\/9223"}],"up":[{"embeddable":true,"href":"https:\/\/aromed.ch\/de\/wp-json\/wp\/v2\/pages\/4206"}],"wp:attachment":[{"href":"https:\/\/aromed.ch\/de\/wp-json\/wp\/v2\/media?parent=4535"}],"curies":[{"name":"wp","href":"https:\/\/api.w.org\/{rel}","templated":true}]}}