{"id":5499,"date":"2023-08-04T10:59:17","date_gmt":"2023-08-04T08:59:17","guid":{"rendered":"https:\/\/aromed.ch\/legal-mentions\/"},"modified":"2023-08-04T14:52:22","modified_gmt":"2023-08-04T12:52:22","slug":"rechtliche-erwahnungen","status":"publish","type":"page","link":"https:\/\/aromed.ch\/de\/rechtliche-erwahnungen\/","title":{"rendered":"Rechtliche Erw\u00e4hnungen"},"content":{"rendered":"\n<h1 class=\"c-heading wp-block-heading  \" style=\"padding-top:var(--wp--preset--spacing--50);padding-bottom:var(--wp--preset--spacing--50)\">Rechtliche Erw\u00e4hnungen<\/h1>\n\n\n\n<p class=\"\">Das vorliegende Dokument enth\u00e4lt die rechtlichen Hinweise zur Nutzung der Website https:\/\/aromed.ch (nachfolgend &#8222;die Website&#8220; genannt). Bitte lesen Sie diese rechtlichen Hinweise sorgf\u00e4ltig durch, bevor Sie die Website durchsuchen oder nutzen. Durch den Zugriff auf die Website oder deren Nutzung erkl\u00e4ren Sie sich mit diesen rechtlichen Hinweisen einverstanden. Wenn Sie mit diesen Bedingungen nicht einverstanden sind, stellen Sie die Nutzung der Website bitte umgehend ein.<\/p>\n\n\n\n<h2 class=\"c-heading wp-block-heading  \">Website-Betreiber<\/h2>\n\n\n\n<p class=\"\">Die Website wird betrieben von Association Romande des M\u00e9decins (nachfolgend &#8222;der Betreiber&#8220; genannt). Die Kontaktdaten des Betreibers lauten wie folgt:<\/p>\n\n\n\n<p class=\"\">Association Romande des M\u00e9decins<br>Route des Avouillons 30, 1196 Gland, Schweiz<br>info@aromed.ch<\/p>\n\n\n\n<h2 class=\"c-heading wp-block-heading  \">Hosting<\/h2>\n\n\n\n<p class=\"\">Die Website wird gehostet von Infomaniak (nachfolgend &#8222;der Host&#8220; genannt). Die Kontaktdaten des Hosts lauten wie folgt:<\/p>\n\n\n\n<p class=\"\">Infomaniak<\/p>\n\n\n\n<h2 class=\"c-heading wp-block-heading  \">Datenschutzbeauftragter<\/h2>\n\n\n\n<p class=\"\">Audrey F\u00e9ral<\/p>\n\n\n\n<h2 class=\"c-heading wp-block-heading  \">Website-Inhalt<\/h2>\n\n\n\n<p class=\"\">Alle Marken, Fotografien, Texte, Kommentare, Illustrationen, animierten oder nicht animierten Bilder, Videosequenzen, T\u00f6ne sowie alle Computeranwendungen, die f\u00fcr den Betrieb dieser Website verwendet werden k\u00f6nnten, und allgemein alle auf der Website reproduzierten oder verwendeten Elemente sind durch geltende Gesetze zum geistigen Eigentum gesch\u00fctzt.<\/p>\n\n\n\n<p class=\"\">Sie sind das ausschlie\u00dfliche Eigentum des Herausgebers oder seiner Partner. Jede Reproduktion, Darstellung, Nutzung oder Anpassung, in welcher Form auch immer, ganz oder teilweise dieser Elemente, einschlie\u00dflich der Computeranwendungen, ohne vorherige schriftliche Genehmigung des Herausgebers, ist strengstens untersagt. Das Unterlassen des Herausgebers, Ma\u00dfnahmen bei Kenntnis dieser unberechtigten Nutzungen einzuleiten, bedeutet keine Zustimmung zu diesen Nutzungen und verzichtet nicht auf rechtliche Schritte.<\/p>\n\n\n\n<p class=\"\">Der gesamte Inhalt dieser Website darf ohne vorherige schriftliche Zustimmung nicht ganz oder teilweise in irgendeiner Form oder auf irgendeinem Tr\u00e4ger verwendet und\/oder reproduziert werden. Die auf dieser Website enthaltenen Logos und Marken sind gesch\u00fctzt und d\u00fcrfen ohne Genehmigung nicht reproduziert oder verwendet werden.<\/p>\n\n\n\n<p class=\"\">Die Erstellung von Hypertext-Links zu dieser Website ist nur mit vorheriger schriftlicher Zustimmung des Herausgebers gestattet, der jegliche Verantwortung f\u00fcr den Inhalt von Websites ablehnt, die mit dieser Website verlinkt sind.<\/p>\n\n\n\n<h2 class=\"c-heading wp-block-heading  \">Personenbezogene Daten<\/h2>\n\n\n\n<p class=\"\">Sie haben das Recht auf Zugang, Berichtigung und L\u00f6schung Ihrer personenbezogenen Daten. Sie k\u00f6nnen von diesem Recht Gebrauch machen, indem Sie uns unter folgender E-Mail-Adresse kontaktieren: info@aromed.ch.<\/p>\n\n\n\n<h2 class=\"c-heading wp-block-heading  \">Geistiges Eigentum<\/h2>\n\n\n\n<p class=\"\">Der gesamte Inhalt dieser Website ist das Eigentum des Herausgebers und darf nicht ganz oder teilweise in irgendeiner Form oder auf irgendeinem Tr\u00e4ger ohne vorherige schriftliche Zustimmung verwendet und\/oder reproduziert werden. Die auf dieser Website enthaltenen Logos und Marken sind gesch\u00fctzt und d\u00fcrfen ohne Genehmigung nicht reproduziert oder verwendet werden.<\/p>\n\n\n\n<p class=\"\">Die Erstellung von Hypertext-Links zu dieser Website ist nur mit vorheriger schriftlicher Zustimmung des Herausgebers gestattet, der jegliche Verantwortung f\u00fcr den Inhalt von Websites ablehnt, die mit dieser Website verlinkt sind.<\/p>\n\n\n\n<h2 class=\"c-heading wp-block-heading  \">Cookies<\/h2>\n\n\n\n<p class=\"\">Der Herausgeber beh\u00e4lt sich das Recht vor, beim Verbindungsaufbau Cookies auf den Computer des Nutzers zu \u00fcbertragen. Diese Cookies sind Dateien, die Informationen zur Navigation des Computers auf der Website speichern. Der Besucher kann der Speicherung von Cookies widersprechen, indem er seinen Computer entsprechend konfiguriert.<\/p>\n\n\n\n<h2 class=\"c-heading wp-block-heading  \">Haftung<\/h2>\n\n\n\n<p class=\"\">Association Romande des M\u00e9decins lehnt jegliche Haftung f\u00fcr die Verwendung der auf ihrer Website verbreiteten Informationen ab. Der Inhalt der Website kann technische Ungenauigkeiten, typografische Fehler oder Auslassungen enthalten. Dieser Inhalt kann ohne vorherige Ank\u00fcndigung ge\u00e4ndert oder aktualisiert werden. Etwaige auf der Website vorhandene Hypertext-Links, die die Benutzer zu anderen Websites im Internet f\u00fchren, verpflichten den Betreiber nicht zu deren Inhalt. Association Romande des M\u00e9decins haftet nicht f\u00fcr direkte oder indirekte Sch\u00e4den, die sich aus der Verbreitung von Viren durch Dritte \u00fcber unsere Website ergeben k\u00f6nnen und die das Computersystem oder die Konfiguration des Computers des Benutzers nach einer Verbindung, Nutzung, Navigation oder einem Download auf dieser Website infizieren k\u00f6nnten.<\/p>\n\n\n\n<p class=\"\">Der Herausgeber haftet nicht f\u00fcr Ausf\u00e4lle, St\u00f6rungen oder Unterbrechungen, die den Zugriff auf die Website oder eine ihrer Funktionen verhindern.<\/p>\n\n\n\n<p class=\"\">Die Verbindungsausr\u00fcstung zur Website, die Sie verwenden, liegt in Ihrer Verantwortung. Sie m\u00fcssen alle angemessenen Ma\u00dfnahmen ergreifen, um Ihre Ausr\u00fcstung und Ihre eigenen Daten, insbesondere vor Internet-Virenangriffen, zu sch\u00fctzen. Sie<\/p>\n\n\n\n<p class=\"\">sind auch allein f\u00fcr die Websites und Daten verantwortlich, die Sie einsehen.<\/p>\n\n\n\n<p class=\"\">Der Herausgeber haftet nicht f\u00fcr etwaige rechtliche Schritte gegen Sie:<\/p>\n\n\n\n<ul class=\"c-list wp-block-list\">\n<li class=\"\">wegen der Nutzung der Website oder eines \u00fcber das Internet zug\u00e4nglichen Dienstes<\/li>\n\n\n\n<li class=\"\">aufgrund Ihrer Nichteinhaltung dieser rechtlichen Hinweise<\/li>\n<\/ul>\n\n\n\n<p class=\"\">Der Herausgeber ist nicht f\u00fcr Sch\u00e4den verantwortlich, die Ihnen, Dritten und\/oder Ihrer Ausr\u00fcstung durch Ihre Verbindung oder Nutzung der Website entstehen k\u00f6nnen, und Sie verzichten auf alle Anspr\u00fcche gegen ihn deswegen.<\/p>\n\n\n\n<p class=\"\">Sollte der Herausgeber aufgrund Ihrer Nutzung der Website in ein einvernehmliches oder gerichtliches Verfahren verwickelt werden, kann er sich an Sie wenden, um Schadenersatz f\u00fcr alle Sch\u00e4den, Betr\u00e4ge, Verurteilungen und Kosten zu erhalten, die sich aus diesem Verfahren ergeben k\u00f6nnten.<\/p>\n\n\n\n<h2 class=\"c-heading wp-block-heading  \">Externe Links<\/h2>\n\n\n\n<p class=\"\">Die Website kann Links zu Websites Dritter enthalten. Diese Links werden nur zu Informationszwecken bereitgestellt. Der Betreiber hat keine Kontrolle \u00fcber den Inhalt dieser Websites und lehnt jegliche Verantwortung f\u00fcr deren Inhalt, Richtigkeit oder Rechtm\u00e4\u00dfigkeit ab. Das Setzen von Links zu Drittanbieter-Websites bedeutet keine Genehmigung oder Verbindung mit diesen Websites.<\/p>\n\n\n\n<h2 class=\"c-heading wp-block-heading  \">\u00c4nderungen der rechtlichen Hinweise<\/h2>\n\n\n\n<p class=\"\">Der Betreiber beh\u00e4lt sich das Recht vor, diese rechtlichen Hinweise jederzeit und ohne Vorank\u00fcndigung zu \u00e4ndern. Die \u00c4nderungen treten mit ihrer Ver\u00f6ffentlichung auf der Website in Kraft. Es liegt in Ihrer Verantwortung, die rechtlichen Hinweise regelm\u00e4\u00dfig zu konsultieren, um \u00fcber m\u00f6gliche \u00c4nderungen informiert zu sein.<\/p>\n\n\n\n<h2 class=\"c-heading wp-block-heading  \">Anwendbares Recht und Gerichtsstand<\/h2>\n\n\n\n<p class=\"\">Diese rechtlichen Hinweise unterliegen den geltenden Gesetzen in Schweiz. Alle aus der Nutzung der Website resultierenden Streitigkeiten unterliegen der ausschlie\u00dflichen Zust\u00e4ndigkeit der zust\u00e4ndigen Gerichte in Schweiz.<\/p>\n\n\n\n<p class=\"\">Bei Fragen zu diesen rechtlichen Hinweisen k\u00f6nnen Sie uns unter folgender E-Mail-Adresse kontaktieren: info@aromed.ch.<\/p>\n\n\n\n<p class=\"\" style=\"margin-bottom:var(--wp--preset--spacing--100)\">Letzte Aktualisierung: 4. August 2023.<\/p>\n","protected":false},"excerpt":{"rendered":"<p>Rechtliche Erw\u00e4hnungen Das vorliegende Dokument enth\u00e4lt die rechtlichen Hinweise zur Nutzung der Website (nachfolgend &#8222;die Website&#8220; genannt). Bitte lesen Sie diese rechtlichen Hinweise sorgf\u00e4ltig durch, bevor Sie die Website durchsuchen oder nutzen. Durch den Zugriff auf die Website oder deren Nutzung erkl\u00e4ren Sie sich mit diesen rechtlichen Hinweisen einverstanden. Wenn Sie mit diesen Bedingungen nicht [&hellip;]<\/p>\n","protected":false},"author":1,"featured_media":0,"parent":0,"menu_order":0,"comment_status":"closed","ping_status":"closed","template":"","meta":{"_acf_changed":false,"_habefastfse_class":"","footnotes":""},"class_list":["post-5499","page","type-page","status-publish","hentry"],"acf":[],"yoast_head":"<!-- This site is optimized with the Yoast SEO plugin v27.3 - https:\/\/yoast.com\/product\/yoast-seo-wordpress\/ -->\n<meta name=\"description\" content=\"Sehen Sie sich das Impressum von Aromed an.\" \/>\n<meta name=\"robots\" content=\"index, follow, max-snippet:-1, max-image-preview:large, max-video-preview:-1\" \/>\n<link rel=\"canonical\" href=\"https:\/\/aromed.ch\/de\/rechtliche-erwahnungen\/\" \/>\n<meta property=\"og:locale\" content=\"de_DE\" \/>\n<meta property=\"og:type\" content=\"article\" \/>\n<meta property=\"og:title\" content=\"Rechtliche Erw\u00e4hnungen - Aromed\" \/>\n<meta property=\"og:description\" content=\"Sehen Sie sich das Impressum von Aromed an.\" \/>\n<meta property=\"og:url\" content=\"https:\/\/aromed.ch\/de\/rechtliche-erwahnungen\/\" \/>\n<meta property=\"og:site_name\" content=\"Aromed\" \/>\n<meta property=\"article:modified_time\" content=\"2023-08-04T12:52:22+00:00\" \/>\n<meta name=\"twitter:card\" content=\"summary_large_image\" \/>\n<meta name=\"twitter:label1\" content=\"Gesch\u00e4tzte Lesezeit\" \/>\n\t<meta name=\"twitter:data1\" content=\"5\u00a0Minuten\" \/>\n<script type=\"application\/ld+json\" class=\"yoast-schema-graph\">{\"@context\":\"https:\\\/\\\/schema.org\",\"@graph\":[{\"@type\":\"WebPage\",\"@id\":\"https:\\\/\\\/aromed.ch\\\/de\\\/rechtliche-erwahnungen\\\/\",\"url\":\"https:\\\/\\\/aromed.ch\\\/de\\\/rechtliche-erwahnungen\\\/\",\"name\":\"Rechtliche Erw\u00e4hnungen - Aromed\",\"isPartOf\":{\"@id\":\"https:\\\/\\\/aromed.ch\\\/de\\\/#website\"},\"datePublished\":\"2023-08-04T08:59:17+00:00\",\"dateModified\":\"2023-08-04T12:52:22+00:00\",\"description\":\"Sehen Sie sich das Impressum von Aromed an.\",\"breadcrumb\":{\"@id\":\"https:\\\/\\\/aromed.ch\\\/de\\\/rechtliche-erwahnungen\\\/#breadcrumb\"},\"inLanguage\":\"de\",\"potentialAction\":[{\"@type\":\"ReadAction\",\"target\":[\"https:\\\/\\\/aromed.ch\\\/de\\\/rechtliche-erwahnungen\\\/\"]}]},{\"@type\":\"BreadcrumbList\",\"@id\":\"https:\\\/\\\/aromed.ch\\\/de\\\/rechtliche-erwahnungen\\\/#breadcrumb\",\"itemListElement\":[{\"@type\":\"ListItem\",\"position\":1,\"name\":\"Home\",\"item\":\"https:\\\/\\\/aromed.ch\\\/de\\\/\"},{\"@type\":\"ListItem\",\"position\":2,\"name\":\"Rechtliche Erw\u00e4hnungen\"}]},{\"@type\":\"WebSite\",\"@id\":\"https:\\\/\\\/aromed.ch\\\/de\\\/#website\",\"url\":\"https:\\\/\\\/aromed.ch\\\/de\\\/\",\"name\":\"Aromed\",\"description\":\"\\\/sc\",\"publisher\":{\"@id\":\"https:\\\/\\\/aromed.ch\\\/de\\\/#organization\"},\"potentialAction\":[{\"@type\":\"SearchAction\",\"target\":{\"@type\":\"EntryPoint\",\"urlTemplate\":\"https:\\\/\\\/aromed.ch\\\/de\\\/?s={search_term_string}\"},\"query-input\":{\"@type\":\"PropertyValueSpecification\",\"valueRequired\":true,\"valueName\":\"search_term_string\"}}],\"inLanguage\":\"de\"},{\"@type\":\"Organization\",\"@id\":\"https:\\\/\\\/aromed.ch\\\/de\\\/#organization\",\"name\":\"Aromed\",\"url\":\"https:\\\/\\\/aromed.ch\\\/de\\\/\",\"logo\":{\"@type\":\"ImageObject\",\"inLanguage\":\"de\",\"@id\":\"https:\\\/\\\/aromed.ch\\\/de\\\/#\\\/schema\\\/logo\\\/image\\\/\",\"url\":\"https:\\\/\\\/aromed.ch\\\/wp-content\\\/uploads\\\/2023\\\/06\\\/aromed-logotype-fondation-de.svg\",\"contentUrl\":\"https:\\\/\\\/aromed.ch\\\/wp-content\\\/uploads\\\/2023\\\/06\\\/aromed-logotype-fondation-de.svg\",\"width\":960,\"height\":83,\"caption\":\"Aromed\"},\"image\":{\"@id\":\"https:\\\/\\\/aromed.ch\\\/de\\\/#\\\/schema\\\/logo\\\/image\\\/\"}}]}<\/script>\n<!-- \/ Yoast SEO plugin. -->","yoast_head_json":{"description":"Sehen Sie sich das Impressum von Aromed an.","robots":{"index":"index","follow":"follow","max-snippet":"max-snippet:-1","max-image-preview":"max-image-preview:large","max-video-preview":"max-video-preview:-1"},"canonical":"https:\/\/aromed.ch\/de\/rechtliche-erwahnungen\/","og_locale":"de_DE","og_type":"article","og_title":"Rechtliche Erw\u00e4hnungen - Aromed","og_description":"Sehen Sie sich das Impressum von Aromed an.","og_url":"https:\/\/aromed.ch\/de\/rechtliche-erwahnungen\/","og_site_name":"Aromed","article_modified_time":"2023-08-04T12:52:22+00:00","twitter_card":"summary_large_image","twitter_misc":{"Gesch\u00e4tzte Lesezeit":"5\u00a0Minuten"},"schema":{"@context":"https:\/\/schema.org","@graph":[{"@type":"WebPage","@id":"https:\/\/aromed.ch\/de\/rechtliche-erwahnungen\/","url":"https:\/\/aromed.ch\/de\/rechtliche-erwahnungen\/","name":"Rechtliche Erw\u00e4hnungen - Aromed","isPartOf":{"@id":"https:\/\/aromed.ch\/de\/#website"},"datePublished":"2023-08-04T08:59:17+00:00","dateModified":"2023-08-04T12:52:22+00:00","description":"Sehen Sie sich das Impressum von Aromed an.","breadcrumb":{"@id":"https:\/\/aromed.ch\/de\/rechtliche-erwahnungen\/#breadcrumb"},"inLanguage":"de","potentialAction":[{"@type":"ReadAction","target":["https:\/\/aromed.ch\/de\/rechtliche-erwahnungen\/"]}]},{"@type":"BreadcrumbList","@id":"https:\/\/aromed.ch\/de\/rechtliche-erwahnungen\/#breadcrumb","itemListElement":[{"@type":"ListItem","position":1,"name":"Home","item":"https:\/\/aromed.ch\/de\/"},{"@type":"ListItem","position":2,"name":"Rechtliche Erw\u00e4hnungen"}]},{"@type":"WebSite","@id":"https:\/\/aromed.ch\/de\/#website","url":"https:\/\/aromed.ch\/de\/","name":"Aromed","description":"\/sc","publisher":{"@id":"https:\/\/aromed.ch\/de\/#organization"},"potentialAction":[{"@type":"SearchAction","target":{"@type":"EntryPoint","urlTemplate":"https:\/\/aromed.ch\/de\/?s={search_term_string}"},"query-input":{"@type":"PropertyValueSpecification","valueRequired":true,"valueName":"search_term_string"}}],"inLanguage":"de"},{"@type":"Organization","@id":"https:\/\/aromed.ch\/de\/#organization","name":"Aromed","url":"https:\/\/aromed.ch\/de\/","logo":{"@type":"ImageObject","inLanguage":"de","@id":"https:\/\/aromed.ch\/de\/#\/schema\/logo\/image\/","url":"https:\/\/aromed.ch\/wp-content\/uploads\/2023\/06\/aromed-logotype-fondation-de.svg","contentUrl":"https:\/\/aromed.ch\/wp-content\/uploads\/2023\/06\/aromed-logotype-fondation-de.svg","width":960,"height":83,"caption":"Aromed"},"image":{"@id":"https:\/\/aromed.ch\/de\/#\/schema\/logo\/image\/"}}]}},"_links":{"self":[{"href":"https:\/\/aromed.ch\/de\/wp-json\/wp\/v2\/pages\/5499","targetHints":{"allow":["GET"]}}],"collection":[{"href":"https:\/\/aromed.ch\/de\/wp-json\/wp\/v2\/pages"}],"about":[{"href":"https:\/\/aromed.ch\/de\/wp-json\/wp\/v2\/types\/page"}],"author":[{"embeddable":true,"href":"https:\/\/aromed.ch\/de\/wp-json\/wp\/v2\/users\/1"}],"replies":[{"embeddable":true,"href":"https:\/\/aromed.ch\/de\/wp-json\/wp\/v2\/comments?post=5499"}],"version-history":[{"count":7,"href":"https:\/\/aromed.ch\/de\/wp-json\/wp\/v2\/pages\/5499\/revisions"}],"predecessor-version":[{"id":5555,"href":"https:\/\/aromed.ch\/de\/wp-json\/wp\/v2\/pages\/5499\/revisions\/5555"}],"wp:attachment":[{"href":"https:\/\/aromed.ch\/de\/wp-json\/wp\/v2\/media?parent=5499"}],"curies":[{"name":"wp","href":"https:\/\/api.w.org\/{rel}","templated":true}]}}