{"id":4454,"date":"2023-05-31T16:02:55","date_gmt":"2023-05-31T14:02:55","guid":{"rendered":"https:\/\/staging.aromed.ch\/la-fondazione\/prevoyance-professionnelle-statut-fondation\/"},"modified":"2023-06-14T10:44:26","modified_gmt":"2023-06-14T08:44:26","slug":"statuto","status":"publish","type":"page","link":"https:\/\/aromed.ch\/it\/la-fondazione\/statuto\/","title":{"rendered":"Statuto"},"content":{"rendered":"\n \n <header class=\"c-page-hero alignfull c-page-hero--has-bg\"  style=\"background-image:url(' https:\/\/aromed.ch\/wp-content\/uploads\/2023\/06\/aromed-bandeau-pages-internes-desktop-4.jpg')\"  >\n    <div class=\"c-page-hero__container\">\n        <!-- <h1 class=\"title__page mb-xs-20\">Statuto<\/h1> -->\n        <h1 class=\"title__page mb-xs-20\"  style=\"color:#4d4e50;\">Statuto<\/h1>\n    <\/div>\n<\/header>\n\n\n\n<div class=\"wp-block-group is-layout-constrained wp-block-group-is-layout-constrained\">\n<h2 class=\"c-heading wp-block-heading has-theme-secondary-color has-text-color  \">Statuto della Fondazione di previdenza professionale in favore di AROMED<\/h2>\n\n\n\n<p class=\"\">Versione dello statuto dopo la decisione presa dal Consiglio di Fondazione nella sua seduta del 14 marzo 2013 a Gland.<\/p>\n\n\n\n<div style=\"height:70px\" aria-hidden=\"true\" class=\"wp-block-spacer  \"><\/div>\n\n\n<div class=\"wp-block-hf-accordion  c-accordion-statuts\" data-classNameOnOpen=\"\" data-openChild=\"\" data-onOpenCloseOther=\"1\" data-scrollToOpenedItem=\"1\">            <div class=\"wp-block-hf-accordion-item \">\r\n                <h3 class=\"wp-block-hf-accordion-item-title\" aria-controls=\"panel-025f7d7d-d00e-4294-bed6-2c0db1bd269c-0\"\r\n                    aria-expanded=\"false\">\r\n                    ARTICOLO 1- <span>Nome e sede<\/span>                <\/h3 >\r\n                <div class=\"wp-block-hf-accordion-item-content\" id=\"panel-025f7d7d-d00e-4294-bed6-2c0db1bd269c-0\">\r\n                    <div class=\"wp-block-hf-accordion-item-content-layout is-layout-flow \">\r\n                        \n<h4 class=\"c-heading wp-block-heading  \">1.1 Ragione sociale<\/h4>\n\n<p class=\"\">Sotto la denominazione \u201cFondazione di previdenza professionale in favore di AROMED\u201d, la fondatrice comparante dichiara di costituire una Fondazione disciplinata dagli articoli 80 e seguenti del Codice civile svizzero.<\/p>\n\n<h4 class=\"c-heading wp-block-heading  \">1.2 Sede<\/h4>\n\n<p class=\"\">La Fondazione di previdenza professionale in favore di AROMED ha sede a Gland.<\/p>\n\n<p class=\"\">Il Consiglio di Fondazione pu\u00f2, con l\u2019approvazione dell\u2019Autorit\u00e0 di vigilanza, decidere di trasferire la sede legale in un altro luogo in Svizzera.<\/p>\n\n<h4 class=\"c-heading wp-block-heading  \">1.3 Scopo<\/h4>\n\n<p class=\"\">Lo scopo della Fondazione \u00e8 fornire la previdenza professionale ai membri dell\u2019Associazione dei medici della Svizzera romanda (AROMED), sia dipendenti che indipendenti, e al loro personale.<\/p>\n\n<p class=\"\">I membri di Aromed lavoratori dipendenti sono affiliati quando il loro datore di lavoro (ospedali, societ\u00e0 di capitali) ha aderito alla fondazione.<\/p>\n\n<p class=\"\">Solo un datore di lavoro con uno o pi\u00f9 medici membri di Aromed pu\u00f2 aderire alla Fondazione. I medici dipendenti di un datore di lavoro affiliato devono diventare automaticamente membri di Aromed.<\/p>\n\n<p class=\"\">La Fondazione fornisce prestazioni di previdenza, nell\u2019ambito della LPP e delle sue disposizioni di attuazione, in caso di invalidit\u00e0, decesso e pensionamento.<\/p>\n\n<p class=\"\">Finanzia le sue attivit\u00e0 in particolare attraverso i contributi dei membri affiliati e le entrate del suo patrimonio. Il datore di lavoro \u00e8 tenuto a versare un contributo almeno pari alla somma dei contributi di tutti i medici dipendenti secondo gli articoli 66 LPP e 331 cpv. 3 CO.<\/p>\n\n<p class=\"\">I contributi dei membri affiliati possono essere prelevati, ai sensi dell\u2019articolo 331 cpv. 3 CO, da riserve precedentemente accantonate a tal fine e contabilizzate separatamente.<\/p>\n\n<p class=\"\">La Fondazione pu\u00f2 anche finanziare aumenti delle prestazioni con fondi provenienti da altri istituti di previdenza esenti da imposte o con il proprio patrimonio.<\/p>\n\n<p class=\"\">Per raggiungere il suo scopo, la Fondazione pu\u00f2 stipulare contratti di assicurazione o aderire a contratti esistenti, nel qual caso deve essere contraente e beneficiaria.<\/p>\n\n<h4 class=\"c-heading wp-block-heading  \">1.4 Capitale<\/h4>\n\n<p class=\"\">Il capitale iniziale della Fondazione \u00e8 di cinquemila franchi (CHF 5\u2019000.-) ed \u00e8 depositato su un conto bancario del sottoscritto notaio.<\/p>\n\n<h4 class=\"c-heading wp-block-heading  \">1.5 Durata<\/h4>\n\n<p class=\"\">La durata della Fondazione \u00e8 illimitata. La Fondazione diventa effettiva al momento della sua costituzione.<\/p>\n                    <\/div>\r\n                <\/div>\r\n            <\/div>\r\n                        <div class=\"wp-block-hf-accordion-item \">\r\n                <h3 class=\"wp-block-hf-accordion-item-title\" aria-controls=\"panel-025f7d7d-d00e-4294-bed6-2c0db1bd269c-1\"\r\n                    aria-expanded=\"false\">\r\n                    ARTICOLO 2 &#8211; <span>Il Consiglio di Fondazione<\/span>                <\/h3 >\r\n                <div class=\"wp-block-hf-accordion-item-content\" id=\"panel-025f7d7d-d00e-4294-bed6-2c0db1bd269c-1\">\r\n                    <div class=\"wp-block-hf-accordion-item-content-layout is-layout-flow \">\r\n                        \n<h4 class=\"c-heading wp-block-heading  \">2.1 Attribuzioni<\/h4>\n\n<p class=\"\">Il Consiglio di Fondazione \u00e8 responsabile della gestione della Fondazione conformemente alla legge, al presente Statuto e alle direttive dell\u2019Autorit\u00e0 di vigilanza.<\/p>\n\n<p class=\"\">A tal fine, pu\u00f2 nominare comitati interni e concludere mandati e altri contratti con fornitori di servizi esterni per sostenere il suo lavoro.<\/p>\n\n<h4 class=\"c-heading wp-block-heading  \">2.2. Composizione e organizzazione<\/h4>\n\n<figure class=\"wp-block-table  \"><table><tbody><tr><th>COMPOSIZIONE<\/th><td>Il Consiglio di Fondazione \u00e8 composto da due a venti membri.I nomi dei membri del Consiglio di Fondazione autorizzati a firmare ed eventuali successive modifiche devono essere comunicati al registro di commercio e all\u2019Autorit\u00e0 di vigilanza entro un mese dall\u2019elezione.Met\u00e0 dei membri del Consiglio di Fondazione sono nominati dalla fondatrice e met\u00e0 dai destinatari della Fondazione (medici e loro personale). In ogni caso, sar\u00e0 designato almeno un membro tra i beneficiari della Fondazione.Il Consiglio di Fondazione si costituisce da s\u00e9.<\/td><\/tr><tr><th>QUORUM<\/th><td>Il quorum \u00e8 raggiunto quando \u00e8 presente la maggioranza dei membri. Il Consiglio di Fondazione prende le sue decisioni a maggioranza assoluta. Le decisioni possono anche essere prese per circolazione. In caso di parit\u00e0, decide il Presidente. Il Consiglio di Fondazione redige un verbale delle proprie delibere e decisioni.<\/td><\/tr><tr><th>RAPPRESENTAZIONE<\/th><td>Il Consiglio di Fondazione rappresenta la Fondazione nei confronti dei terzi, nomina le due persone che vincolano congiuntamente la Fondazione dal punto di vista legale e regola le modalit\u00e0 esatte della firma.<\/td><\/tr><\/tbody><\/table><\/figure>\n\n<h4 class=\"c-heading wp-block-heading  \">2.3 Regolamento interno<\/h4>\n\n<p class=\"\">Il Consiglio di Fondazione pu\u00f2 emanare regolamenti, che devono essere sottoposti all\u2019Autorit\u00e0 di vigilanza.<\/p>\n\n<p class=\"\">Il destinatario pu\u00f2 far valere diritti sul patrimonio della Fondazione solo se tali diritti gli sono stati attribuiti dal regolamento o da una decisione.<\/p>\n                    <\/div>\r\n                <\/div>\r\n            <\/div>\r\n                        <div class=\"wp-block-hf-accordion-item \">\r\n                <h3 class=\"wp-block-hf-accordion-item-title\" aria-controls=\"panel-025f7d7d-d00e-4294-bed6-2c0db1bd269c-2\"\r\n                    aria-expanded=\"false\">\r\n                    ARTICOLO 3 &#8211; <span>Il controllore e l\u2019esperto<\/span>                <\/h3 >\r\n                <div class=\"wp-block-hf-accordion-item-content\" id=\"panel-025f7d7d-d00e-4294-bed6-2c0db1bd269c-2\">\r\n                    <div class=\"wp-block-hf-accordion-item-content-layout is-layout-flow \">\r\n                        \n<h4 class=\"c-heading wp-block-heading  \">3.1 Composizione e attribuzioni<\/h4>\n\n<figure class=\"wp-block-table  \"><table><tbody><tr><th>ORGANISMO DI CONTROLLO<\/th><td>Il Consiglio di Fondazione incarica un Organo di controllo di esaminare annualmente la gestione, la contabilit\u00e0 e l\u2019investimento del patrimonio, conformemente alle disposizioni legali applicabili. L\u2019Organo di controllo presenta al Consiglio di Fondazione un rapporto scritto sui risultati del controllo.<\/td><\/tr><tr><th>ESPERTO<\/th><td>Il Consiglio di Fondazione incarica un esperto in materia di previdenza professionale riconosciuto o ammesso dall\u2019Autorit\u00e0 di vigilanza di procedere a un esame periodico dell\u2019istituto di previdenza.<\/td><\/tr><\/tbody><\/table><\/figure>\n                    <\/div>\r\n                <\/div>\r\n            <\/div>\r\n                        <div class=\"wp-block-hf-accordion-item \">\r\n                <h3 class=\"wp-block-hf-accordion-item-title\" aria-controls=\"panel-025f7d7d-d00e-4294-bed6-2c0db1bd269c-3\"\r\n                    aria-expanded=\"false\">\r\n                    ARTICOLO 4 &#8211; <span>Disposizioni finanziarie<\/span>                <\/h3 >\r\n                <div class=\"wp-block-hf-accordion-item-content\" id=\"panel-025f7d7d-d00e-4294-bed6-2c0db1bd269c-3\">\r\n                    <div class=\"wp-block-hf-accordion-item-content-layout is-layout-flow \">\r\n                        \n<h4 class=\"c-heading wp-block-heading  \">4.1 Patrimonio<\/h4>\n\n<p class=\"\">Il patrimonio della Fondazione deve essere investito in modo sicuro, conformemente alle disposizioni legali e in modo tale che la ripartizione dei rischi e il rendimento siano appropriati.<\/p>\n\n<p class=\"\">Il patrimonio della Fondazione pu\u00f2 essere utilizzato solo per fornire prestazioni a scopo di previdenza.<\/p>\n\n<p class=\"\">Nella misura in cui il patrimonio consiste in un credito nei confronti dei medici affiliati, tale credito deve essere remunerato conformemente alle direttive dell\u2019Autorit\u00e0 di vigilanza.<\/p>\n\n<p class=\"\">In ogni caso, devono essere rispettate le norme legali in materia di investimento.<\/p>\n\n<h4 class=\"c-heading wp-block-heading  \">4.2 Contabilit\u00e0<\/h4>\n\n<p class=\"\">I conti vengono chiusi annualmente il trentuno dicembre.<\/p>\n\n<p class=\"\">Per ragioni pratiche, il Consiglio di Fondazione pu\u00f2 posticipare l\u2019inizio e la fine dell\u2019esercizio ad altre date. Tale eventuale rinvio deve essere comunicato all\u2019Autorit\u00e0 di vigilanza con una giustificazione.<\/p>\n\n<p class=\"\">Alla fine dell\u2019esercizio, la Fondazione redige il conto annuale, lo sottopone all\u2019Organo di controllo e quindi lo presenta all\u2019Autorit\u00e0 di vigilanza.<\/p>\n\n<p class=\"\">Le riserve di contribuzione e il patrimonio libero contabilizzato per ciascun medico devono figurare nel conto annuale in modo chiaramente separato e possono essere utilizzati solo per i beneficiari interessati.<\/p>\n                    <\/div>\r\n                <\/div>\r\n            <\/div>\r\n                        <div class=\"wp-block-hf-accordion-item \">\r\n                <h3 class=\"wp-block-hf-accordion-item-title\" aria-controls=\"panel-025f7d7d-d00e-4294-bed6-2c0db1bd269c-4\"\r\n                    aria-expanded=\"false\">\r\n                    ARTICOLO 5 &#8211; <span>Modifica dello statuto e scioglimento della Fondazione<\/span>                <\/h3 >\r\n                <div class=\"wp-block-hf-accordion-item-content\" id=\"panel-025f7d7d-d00e-4294-bed6-2c0db1bd269c-4\">\r\n                    <div class=\"wp-block-hf-accordion-item-content-layout is-layout-flow \">\r\n                        \n<h4 class=\"c-heading wp-block-heading  \">5.1 Modifica dello statuto<\/h4>\n\n<p class=\"\">Lo statuto \u00e8 modificato con decisione dell\u2019Autorit\u00e0 di vigilanza su richiesta del Consiglio di Fondazione.<\/p>\n\n<h4 class=\"c-heading wp-block-heading  \">5.2 Scioglimento della Fondazione o uscita di una societ\u00e0 affiliata<\/h4>\n\n<p class=\"\">All\u2019uscita di un medico o del suo datore di lavoro, una parte del patrimonio libero della Fondazione viene separato a beneficio del medico e del suo personale, se il regolamento sulla liquidazione totale e parziale della Fondazione lo prevede. Tale importo potr\u00e0 quindi essere utilizzato solo nell\u2019ambito della previdenza professionale.<\/p>\n\n<h4 class=\"c-heading wp-block-heading  \">5.3 Successione, scioglimento e liquidazione<\/h4>\n\n<p class=\"\">Quando la fondatrice viene trasferita a un successore o si fonde con un\u2019altra societ\u00e0, la Fondazione segue la fondatrice, a meno che il Consiglio di Fondazione non decida altrimenti.<\/p>\n\n<p class=\"\">I diritti e gli obblighi della fondatrice nei confronti della Fondazione passano al successore.<\/p>\n\n<p class=\"\">In caso di scioglimento della fondatrice o del suo successore, la Fondazione \u00e8 sciolta.<\/p>\n\n<p class=\"\">In caso di scioglimento della Fondazione, il patrimonio della Fondazione deve essere utilizzato a garanzia delle pretese regolamentari dei beneficiari. L\u2019eventuale saldo residuo deve essere utilizzato conformemente allo scopo della Fondazione. La liquidazione \u00e8 realizzata dall\u2019ultimo Consiglio di Fondazione. Quest\u2019ultimo rimane in carica fino al completamento della liquidazione.<\/p>\n\n<p class=\"\">\u00c8 esclusa la restituzione del patrimonio della Fondazione alla fondatrice o al suo successore. \u00c8 altres\u00ec escluso qualsiasi utilizzo non destinato alla previdenza professionale.<\/p>\n\n<p class=\"\">In caso di liquidazione della Fondazione, si applicano le disposizioni del regolamento sulla liquidazione totale e parziale della Fondazione.<\/p>\n                    <\/div>\r\n                <\/div>\r\n            <\/div>\r\n            <\/div><\/div>\n","protected":false},"excerpt":{"rendered":"<p>Statuto della Fondazione di previdenza professionale in favore di AROMED Versione dello statuto dopo la decisione presa dal Consiglio di Fondazione nella sua seduta del 14 marzo 2013 a Gland.<\/p>\n","protected":false},"author":1,"featured_media":0,"parent":4221,"menu_order":0,"comment_status":"closed","ping_status":"closed","template":"","meta":{"_acf_changed":false,"_habefastfse_class":"","footnotes":""},"class_list":["post-4454","page","type-page","status-publish","hentry"],"acf":[],"yoast_head":"<!-- This site is optimized with the Yoast SEO plugin v27.3 - https:\/\/yoast.com\/product\/yoast-seo-wordpress\/ -->\n<meta name=\"description\" content=\"Scoprite lo statuto della previdenza professionale della Fondazione AROMED, una versione della decisione del Consiglio di fondazione che raggruppa 5 statuti: LPP, pilastro...\" \/>\n<meta name=\"robots\" content=\"index, follow, max-snippet:-1, max-image-preview:large, max-video-preview:-1\" \/>\n<link rel=\"canonical\" href=\"https:\/\/aromed.ch\/it\/la-fondazione\/statuto\/\" \/>\n<meta property=\"og:locale\" content=\"it_IT\" \/>\n<meta property=\"og:type\" content=\"article\" \/>\n<meta property=\"og:title\" content=\"Prestazioni professionali, diversi status | Fondazione AROMED\" \/>\n<meta property=\"og:description\" content=\"Scoprite lo statuto della previdenza professionale della Fondazione AROMED, una versione della decisione del Consiglio di fondazione che raggruppa 5 statuti: LPP, pilastro...\" \/>\n<meta property=\"og:url\" content=\"https:\/\/aromed.ch\/it\/la-fondazione\/statuto\/\" \/>\n<meta property=\"og:site_name\" content=\"Aromed\" \/>\n<meta property=\"article:modified_time\" content=\"2023-06-14T08:44:26+00:00\" \/>\n<meta name=\"twitter:card\" content=\"summary_large_image\" \/>\n<meta name=\"twitter:label1\" content=\"Tempo di lettura stimato\" \/>\n\t<meta name=\"twitter:data1\" content=\"6 minuti\" \/>\n<script type=\"application\/ld+json\" class=\"yoast-schema-graph\">{\"@context\":\"https:\\\/\\\/schema.org\",\"@graph\":[{\"@type\":\"WebPage\",\"@id\":\"https:\\\/\\\/aromed.ch\\\/it\\\/la-fondazione\\\/statuto\\\/\",\"url\":\"https:\\\/\\\/aromed.ch\\\/it\\\/la-fondazione\\\/statuto\\\/\",\"name\":\"Prestazioni professionali, diversi status | Fondazione AROMED\",\"isPartOf\":{\"@id\":\"https:\\\/\\\/aromed.ch\\\/it\\\/#website\"},\"datePublished\":\"2023-05-31T14:02:55+00:00\",\"dateModified\":\"2023-06-14T08:44:26+00:00\",\"description\":\"Scoprite lo statuto della previdenza professionale della Fondazione AROMED, una versione della decisione del Consiglio di fondazione che raggruppa 5 statuti: LPP, pilastro...\",\"breadcrumb\":{\"@id\":\"https:\\\/\\\/aromed.ch\\\/it\\\/la-fondazione\\\/statuto\\\/#breadcrumb\"},\"inLanguage\":\"it-IT\",\"potentialAction\":[{\"@type\":\"ReadAction\",\"target\":[\"https:\\\/\\\/aromed.ch\\\/it\\\/la-fondazione\\\/statuto\\\/\"]}]},{\"@type\":\"BreadcrumbList\",\"@id\":\"https:\\\/\\\/aromed.ch\\\/it\\\/la-fondazione\\\/statuto\\\/#breadcrumb\",\"itemListElement\":[{\"@type\":\"ListItem\",\"position\":1,\"name\":\"Home\",\"item\":\"https:\\\/\\\/aromed.ch\\\/it\\\/\"},{\"@type\":\"ListItem\",\"position\":2,\"name\":\"Fondazione\",\"item\":\"https:\\\/\\\/aromed.ch\\\/it\\\/la-fondazione\\\/\"},{\"@type\":\"ListItem\",\"position\":3,\"name\":\"Statuto\"}]},{\"@type\":\"WebSite\",\"@id\":\"https:\\\/\\\/aromed.ch\\\/it\\\/#website\",\"url\":\"https:\\\/\\\/aromed.ch\\\/it\\\/\",\"name\":\"Aromed\",\"description\":\"\\\/sc\",\"publisher\":{\"@id\":\"https:\\\/\\\/aromed.ch\\\/it\\\/#organization\"},\"potentialAction\":[{\"@type\":\"SearchAction\",\"target\":{\"@type\":\"EntryPoint\",\"urlTemplate\":\"https:\\\/\\\/aromed.ch\\\/it\\\/?s={search_term_string}\"},\"query-input\":{\"@type\":\"PropertyValueSpecification\",\"valueRequired\":true,\"valueName\":\"search_term_string\"}}],\"inLanguage\":\"it-IT\"},{\"@type\":\"Organization\",\"@id\":\"https:\\\/\\\/aromed.ch\\\/it\\\/#organization\",\"name\":\"Aromed\",\"url\":\"https:\\\/\\\/aromed.ch\\\/it\\\/\",\"logo\":{\"@type\":\"ImageObject\",\"inLanguage\":\"it-IT\",\"@id\":\"https:\\\/\\\/aromed.ch\\\/it\\\/#\\\/schema\\\/logo\\\/image\\\/\",\"url\":\"https:\\\/\\\/aromed.ch\\\/wp-content\\\/uploads\\\/2023\\\/06\\\/aromed-logotype-fondation-it.svg\",\"contentUrl\":\"https:\\\/\\\/aromed.ch\\\/wp-content\\\/uploads\\\/2023\\\/06\\\/aromed-logotype-fondation-it.svg\",\"width\":960,\"height\":83,\"caption\":\"Aromed\"},\"image\":{\"@id\":\"https:\\\/\\\/aromed.ch\\\/it\\\/#\\\/schema\\\/logo\\\/image\\\/\"}}]}<\/script>\n<!-- \/ Yoast SEO plugin. -->","yoast_head_json":{"description":"Scoprite lo statuto della previdenza professionale della Fondazione AROMED, una versione della decisione del Consiglio di fondazione che raggruppa 5 statuti: LPP, pilastro...","robots":{"index":"index","follow":"follow","max-snippet":"max-snippet:-1","max-image-preview":"max-image-preview:large","max-video-preview":"max-video-preview:-1"},"canonical":"https:\/\/aromed.ch\/it\/la-fondazione\/statuto\/","og_locale":"it_IT","og_type":"article","og_title":"Prestazioni professionali, diversi status | Fondazione AROMED","og_description":"Scoprite lo statuto della previdenza professionale della Fondazione AROMED, una versione della decisione del Consiglio di fondazione che raggruppa 5 statuti: LPP, pilastro...","og_url":"https:\/\/aromed.ch\/it\/la-fondazione\/statuto\/","og_site_name":"Aromed","article_modified_time":"2023-06-14T08:44:26+00:00","twitter_card":"summary_large_image","twitter_misc":{"Tempo di lettura stimato":"6 minuti"},"schema":{"@context":"https:\/\/schema.org","@graph":[{"@type":"WebPage","@id":"https:\/\/aromed.ch\/it\/la-fondazione\/statuto\/","url":"https:\/\/aromed.ch\/it\/la-fondazione\/statuto\/","name":"Prestazioni professionali, diversi status | Fondazione AROMED","isPartOf":{"@id":"https:\/\/aromed.ch\/it\/#website"},"datePublished":"2023-05-31T14:02:55+00:00","dateModified":"2023-06-14T08:44:26+00:00","description":"Scoprite lo statuto della previdenza professionale della Fondazione AROMED, una versione della decisione del Consiglio di fondazione che raggruppa 5 statuti: LPP, pilastro...","breadcrumb":{"@id":"https:\/\/aromed.ch\/it\/la-fondazione\/statuto\/#breadcrumb"},"inLanguage":"it-IT","potentialAction":[{"@type":"ReadAction","target":["https:\/\/aromed.ch\/it\/la-fondazione\/statuto\/"]}]},{"@type":"BreadcrumbList","@id":"https:\/\/aromed.ch\/it\/la-fondazione\/statuto\/#breadcrumb","itemListElement":[{"@type":"ListItem","position":1,"name":"Home","item":"https:\/\/aromed.ch\/it\/"},{"@type":"ListItem","position":2,"name":"Fondazione","item":"https:\/\/aromed.ch\/it\/la-fondazione\/"},{"@type":"ListItem","position":3,"name":"Statuto"}]},{"@type":"WebSite","@id":"https:\/\/aromed.ch\/it\/#website","url":"https:\/\/aromed.ch\/it\/","name":"Aromed","description":"\/sc","publisher":{"@id":"https:\/\/aromed.ch\/it\/#organization"},"potentialAction":[{"@type":"SearchAction","target":{"@type":"EntryPoint","urlTemplate":"https:\/\/aromed.ch\/it\/?s={search_term_string}"},"query-input":{"@type":"PropertyValueSpecification","valueRequired":true,"valueName":"search_term_string"}}],"inLanguage":"it-IT"},{"@type":"Organization","@id":"https:\/\/aromed.ch\/it\/#organization","name":"Aromed","url":"https:\/\/aromed.ch\/it\/","logo":{"@type":"ImageObject","inLanguage":"it-IT","@id":"https:\/\/aromed.ch\/it\/#\/schema\/logo\/image\/","url":"https:\/\/aromed.ch\/wp-content\/uploads\/2023\/06\/aromed-logotype-fondation-it.svg","contentUrl":"https:\/\/aromed.ch\/wp-content\/uploads\/2023\/06\/aromed-logotype-fondation-it.svg","width":960,"height":83,"caption":"Aromed"},"image":{"@id":"https:\/\/aromed.ch\/it\/#\/schema\/logo\/image\/"}}]}},"_links":{"self":[{"href":"https:\/\/aromed.ch\/it\/wp-json\/wp\/v2\/pages\/4454","targetHints":{"allow":["GET"]}}],"collection":[{"href":"https:\/\/aromed.ch\/it\/wp-json\/wp\/v2\/pages"}],"about":[{"href":"https:\/\/aromed.ch\/it\/wp-json\/wp\/v2\/types\/page"}],"author":[{"embeddable":true,"href":"https:\/\/aromed.ch\/it\/wp-json\/wp\/v2\/users\/1"}],"replies":[{"embeddable":true,"href":"https:\/\/aromed.ch\/it\/wp-json\/wp\/v2\/comments?post=4454"}],"version-history":[{"count":10,"href":"https:\/\/aromed.ch\/it\/wp-json\/wp\/v2\/pages\/4454\/revisions"}],"predecessor-version":[{"id":4918,"href":"https:\/\/aromed.ch\/it\/wp-json\/wp\/v2\/pages\/4454\/revisions\/4918"}],"up":[{"embeddable":true,"href":"https:\/\/aromed.ch\/it\/wp-json\/wp\/v2\/pages\/4221"}],"wp:attachment":[{"href":"https:\/\/aromed.ch\/it\/wp-json\/wp\/v2\/media?parent=4454"}],"curies":[{"name":"wp","href":"https:\/\/api.w.org\/{rel}","templated":true}]}}