{"id":5500,"date":"2023-08-04T10:59:17","date_gmt":"2023-08-04T08:59:17","guid":{"rendered":"https:\/\/aromed.ch\/legal-mentions\/"},"modified":"2023-08-04T14:52:59","modified_gmt":"2023-08-04T12:52:59","slug":"informazioni-legali","status":"publish","type":"page","link":"https:\/\/aromed.ch\/it\/informazioni-legali\/","title":{"rendered":"Informazioni legali"},"content":{"rendered":"\n<h1 class=\"c-heading wp-block-heading  \" style=\"padding-top:var(--wp--preset--spacing--50);padding-bottom:var(--wp--preset--spacing--50)\">Informazioni legali<\/h1>\n\n\n\n<p class=\"\">Il presente documento costituisce le note legali che regolano l&#8217;utilizzo del sito web https:\/\/aromed.ch (di seguito denominato &#8220;il Sito&#8221;). Leggere attentamente queste note legali prima di navigare o utilizzare il Sito. Accedendo o utilizzando il Sito, si accettano le presenti note legali. Se non si accettano tali condizioni, si prega di interrompere immediatamente l&#8217;utilizzo del Sito.<\/p>\n\n\n\n<h2 class=\"c-heading wp-block-heading  \">Proprietario del Sito<\/h2>\n\n\n\n<p class=\"\">Il Sito \u00e8 di propriet\u00e0 e gestione di Association Romande des M\u00e9decins (di seguito denominato &#8220;il Proprietario&#8221;). Le informazioni di contatto del Proprietario sono le seguenti:<\/p>\n\n\n\n<p class=\"\">Association Romande des M\u00e9decins<br>Route des Avouillons 30, 1196 Gland, Svizzera<br>info@aromed.ch<\/p>\n\n\n\n<h2 class=\"c-heading wp-block-heading  \">Hosting<\/h2>\n\n\n\n<p class=\"\">Il Sito \u00e8 ospitato da Infomaniak (di seguito denominato &#8220;l&#8217;Host&#8221;). Le informazioni di contatto dell&#8217;Host sono le seguenti:<\/p>\n\n\n\n<p class=\"\">Infomaniak<\/p>\n\n\n\n<h2 class=\"c-heading wp-block-heading  \">Responsabile della Protezione dei Dati<\/h2>\n\n\n\n<p class=\"\">Audrey F\u00e9ral<\/p>\n\n\n\n<h2 class=\"c-heading wp-block-heading  \">Contenuto del Sito<\/h2>\n\n\n\n<p class=\"\">Tutti i marchi, fotografie, testi, commenti, illustrazioni, immagini animate o fisse, sequenze video, suoni e tutte le applicazioni informatiche che potrebbero essere utilizzate per il funzionamento di questo sito e, in generale, tutti gli elementi riprodotti o utilizzati sul Sito sono protetti dalle leggi vigenti in materia di propriet\u00e0 intellettuale.<\/p>\n\n\n\n<p class=\"\">Sono di propriet\u00e0 esclusiva dell&#8217;editore o dei suoi partner. \u00c8 strettamente vietata qualsiasi riproduzione, presentazione, utilizzo o adattamento, in qualsiasi forma, di tutto o parte di questi elementi, comprese le applicazioni informatiche, senza il preventivo e scritto consenso dell&#8217;editore. Il fatto che l&#8217;editore non avvii una procedura al momento della presa di conoscenza di tali utilizzi non autorizzati non costituisce accettazione di tali utilizzi e rinuncia alle azioni legali.<\/p>\n\n\n\n<p class=\"\">L&#8217;intero contenuto di questo sito non pu\u00f2 essere utilizzato e\/o riprodotto in nessuna forma o supporto senza il suo preventivo e scritto consenso. I loghi e i marchi presenti su questo sito sono protetti e non possono essere riprodotti o utilizzati senza autorizzazione.<\/p>\n\n\n\n<p class=\"\">La creazione di collegamenti ipertestuali a questo sito pu\u00f2 essere effettuata solo con il preventivo e scritto consenso dell&#8217;Editore, che declina ogni responsabilit\u00e0 per i contenuti dei siti collegati al presente sito.<\/p>\n\n\n\n<h2 class=\"c-heading wp-block-heading  \">Dati Personali<\/h2>\n\n\n\n<p class=\"\">Hai il diritto di accedere, rettificare e cancellare i dati relativi a te. Puoi esercitare tale diritto inviando una lettera all&#8217;indirizzo seguente: info@aromed.ch.<\/p>\n\n\n\n<h2 class=\"c-heading wp-block-heading  \">Propriet\u00e0 Intellettuale<\/h2>\n\n\n\n<p class=\"\">L&#8217;intero contenuto di questo sito \u00e8 di propriet\u00e0 dell&#8217;Editore e non pu\u00f2 essere utilizzato e\/o riprodotto in nessuna forma o supporto senza il suo preventivo e scritto consenso. I loghi e i marchi presenti su questo sito sono protetti e non possono essere riprodotti o utilizzati senza autorizzazione.<\/p>\n\n\n\n<p class=\"\">La creazione di collegamenti ipertestuali a questo sito pu\u00f2 essere effettuata solo con il preventivo e scritto consenso dell&#8217;Editore, che declina ogni responsabilit\u00e0 per i contenuti dei siti collegati al presente sito.<\/p>\n\n\n\n<h2 class=\"c-heading wp-block-heading  \">Cookie<\/h2>\n\n\n\n<p class=\"\">L&#8217;Editore si riserva la possibilit\u00e0 di inviare cookie al computer dell&#8217;utente durante la connessione. Questi cookie sono file che consentono di registrare le informazioni relative alla navigazione del computer sul sito. Il visitatore pu\u00f2 opporsi alla registrazione dei cookie configurando il proprio computer di conseguenza.<\/p>\n\n\n\n<h2 class=\"c-heading wp-block-heading  \">Responsabilit\u00e0<\/h2>\n\n\n\n<p class=\"\">Association Romande des M\u00e9decins declina ogni responsabilit\u00e0 per l&#8217;uso delle informazioni diffuse sul suo sito. Il contenuto del sito pu\u00f2 contenere inesattezze tecniche, errori tipografici o omissioni. Tale contenuto pu\u00f2 essere modificato o aggiornato senza preav\n\nviso. Eventuali collegamenti ipertestuali presenti sul sito che indirizzano gli utenti verso altri siti Internet non impegnano la responsabilit\u00e0 del Proprietario riguardo ai contenuti degli altri siti. Association Romande des M\u00e9decins non potr\u00e0 essere ritenuto responsabile per eventuali danni diretti o indiretti derivanti o conseguenti alla diffusione di un virus da parte di terzi tramite il nostro sito, che possa infettare il sistema informatico o la configurazione informatica del computer dell&#8217;utente a seguito di una connessione, utilizzo, navigazione o download da questo sito.<\/p>\n\n\n\n<p class=\"\">La responsabilit\u00e0 dell&#8217;editore non pu\u00f2 essere impegnata in caso di guasto, interruzione, difficolt\u00e0 o interruzione del funzionamento che impedisca l&#8217;accesso al sito o a una delle sue funzionalit\u00e0.<\/p>\n\n\n\n<p class=\"\">L&#8217;apparecchiatura di connessione al sito che si sta utilizzando \u00e8 di vostra responsabilit\u00e0. Dovrete prendere tutte le misure adeguate per proteggere la vostra apparecchiatura e i vostri dati da attacchi virali tramite Internet. Inoltre, siete l&#8217;unico responsabile dei siti e dei dati che consultate.<\/p>\n\n\n\n<p class=\"\">L&#8217;editore non potr\u00e0 essere ritenuto responsabile in caso di procedimenti giudiziari a vostro carico:<\/p>\n\n\n\n<ul class=\"c-list wp-block-list\">\n<li class=\"\">per l&#8217;uso del sito o di qualsiasi servizio accessibile tramite Internet<\/li>\n\n\n\n<li class=\"\">per la violazione da parte vostra delle presenti note legali<\/li>\n<\/ul>\n\n\n\n<p class=\"\">L&#8217;editore non \u00e8 responsabile dei danni causati a voi stessi, a terzi e\/o al vostro equipaggiamento a seguito della vostra connessione o utilizzo del sito e rinunciate a qualsiasi azione legale nei suoi confronti per questo motivo.<\/p>\n\n\n\n<p class=\"\">Se l&#8217;editore venisse coinvolto in un procedimento amichevole o giudiziario a causa del vostro utilizzo del sito, potr\u00e0 agire contro di voi per ottenere il risarcimento di tutti i danni, somme, condanne e spese che potrebbero derivare da tale procedimento.<\/p>\n\n\n\n<h2 class=\"c-heading wp-block-heading  \">Collegamenti esterni<\/h2>\n\n\n\n<p class=\"\">Il Sito pu\u00f2 contenere collegamenti a siti internet di terzi. Tali collegamenti sono forniti solo a scopo informativo. Il Proprietario non ha alcun controllo sul contenuto di questi siti e declina ogni responsabilit\u00e0 per il loro contenuto, la loro accuratezza o la loro legalit\u00e0. L&#8217;inclusione di collegamenti a siti terzi non implica un&#8217;approvazione o un&#8217;associazione con tali siti.<\/p>\n\n\n\n<h2 class=\"c-heading wp-block-heading  \">Modifiche alle note legali<\/h2>\n\n\n\n<p class=\"\">Il Proprietario si riserva il diritto di modificare le presenti note legali in qualsiasi momento, senza preavviso. Le modifiche entreranno in vigore al momento della loro pubblicazione sul Sito. \u00c8 di vostra responsabilit\u00e0 consultare regolarmente le note legali per essere informati di eventuali modifiche.<\/p>\n\n\n\n<h2 class=\"c-heading wp-block-heading  \">Legge applicabile e giurisdizione<\/h2>\n\n\n\n<p class=\"\">Le presenti note legali sono regolate dalle leggi vigenti in Svizzera. Qualsiasi controversia derivante dall&#8217;uso del Sito sar\u00e0 sottoposta alla giurisdizione esclusiva dei tribunali competenti di Svizzera.<\/p>\n\n\n\n<p class=\"\">Se avete domande riguardo a queste note legali, vi preghiamo di contattarci all&#8217;indirizzo e-mail seguente: info@aromed.ch.<\/p>\n\n\n\n<p class=\"\" style=\"margin-bottom:var(--wp--preset--spacing--100)\">Ultimo aggiornamento: 4 Agosto 2023.<\/p>\n","protected":false},"excerpt":{"rendered":"<p>Informazioni legali Il presente documento costituisce le note legali che regolano l&#8217;utilizzo del sito web (di seguito denominato &#8220;il Sito&#8221;). Leggere attentamente queste note legali prima di navigare o utilizzare il Sito. Accedendo o utilizzando il Sito, si accettano le presenti note legali. Se non si accettano tali condizioni, si prega di interrompere immediatamente l&#8217;utilizzo [&hellip;]<\/p>\n","protected":false},"author":1,"featured_media":0,"parent":0,"menu_order":0,"comment_status":"closed","ping_status":"closed","template":"","meta":{"_acf_changed":false,"_habefastfse_class":"","footnotes":""},"class_list":["post-5500","page","type-page","status-publish","hentry"],"acf":[],"yoast_head":"<!-- This site is optimized with the Yoast SEO plugin v27.3 - https:\/\/yoast.com\/product\/yoast-seo-wordpress\/ -->\n<meta name=\"description\" content=\"Leggete la nota legale di Aromed.\" \/>\n<meta name=\"robots\" content=\"index, follow, max-snippet:-1, max-image-preview:large, max-video-preview:-1\" \/>\n<link rel=\"canonical\" href=\"https:\/\/aromed.ch\/it\/informazioni-legali\/\" \/>\n<meta property=\"og:locale\" content=\"it_IT\" \/>\n<meta property=\"og:type\" content=\"article\" \/>\n<meta property=\"og:title\" content=\"Informazioni legali - Aromed\" \/>\n<meta property=\"og:description\" content=\"Leggete la nota legale di Aromed.\" \/>\n<meta property=\"og:url\" content=\"https:\/\/aromed.ch\/it\/informazioni-legali\/\" \/>\n<meta property=\"og:site_name\" content=\"Aromed\" \/>\n<meta property=\"article:modified_time\" content=\"2023-08-04T12:52:59+00:00\" \/>\n<meta name=\"twitter:card\" content=\"summary_large_image\" \/>\n<meta name=\"twitter:label1\" content=\"Tempo di lettura stimato\" \/>\n\t<meta name=\"twitter:data1\" content=\"5 minuti\" \/>\n<script type=\"application\/ld+json\" class=\"yoast-schema-graph\">{\"@context\":\"https:\\\/\\\/schema.org\",\"@graph\":[{\"@type\":\"WebPage\",\"@id\":\"https:\\\/\\\/aromed.ch\\\/it\\\/informazioni-legali\\\/\",\"url\":\"https:\\\/\\\/aromed.ch\\\/it\\\/informazioni-legali\\\/\",\"name\":\"Informazioni legali - Aromed\",\"isPartOf\":{\"@id\":\"https:\\\/\\\/aromed.ch\\\/it\\\/#website\"},\"datePublished\":\"2023-08-04T08:59:17+00:00\",\"dateModified\":\"2023-08-04T12:52:59+00:00\",\"description\":\"Leggete la nota legale di Aromed.\",\"breadcrumb\":{\"@id\":\"https:\\\/\\\/aromed.ch\\\/it\\\/informazioni-legali\\\/#breadcrumb\"},\"inLanguage\":\"it-IT\",\"potentialAction\":[{\"@type\":\"ReadAction\",\"target\":[\"https:\\\/\\\/aromed.ch\\\/it\\\/informazioni-legali\\\/\"]}]},{\"@type\":\"BreadcrumbList\",\"@id\":\"https:\\\/\\\/aromed.ch\\\/it\\\/informazioni-legali\\\/#breadcrumb\",\"itemListElement\":[{\"@type\":\"ListItem\",\"position\":1,\"name\":\"Home\",\"item\":\"https:\\\/\\\/aromed.ch\\\/it\\\/\"},{\"@type\":\"ListItem\",\"position\":2,\"name\":\"Informazioni legali\"}]},{\"@type\":\"WebSite\",\"@id\":\"https:\\\/\\\/aromed.ch\\\/it\\\/#website\",\"url\":\"https:\\\/\\\/aromed.ch\\\/it\\\/\",\"name\":\"Aromed\",\"description\":\"\\\/sc\",\"publisher\":{\"@id\":\"https:\\\/\\\/aromed.ch\\\/it\\\/#organization\"},\"potentialAction\":[{\"@type\":\"SearchAction\",\"target\":{\"@type\":\"EntryPoint\",\"urlTemplate\":\"https:\\\/\\\/aromed.ch\\\/it\\\/?s={search_term_string}\"},\"query-input\":{\"@type\":\"PropertyValueSpecification\",\"valueRequired\":true,\"valueName\":\"search_term_string\"}}],\"inLanguage\":\"it-IT\"},{\"@type\":\"Organization\",\"@id\":\"https:\\\/\\\/aromed.ch\\\/it\\\/#organization\",\"name\":\"Aromed\",\"url\":\"https:\\\/\\\/aromed.ch\\\/it\\\/\",\"logo\":{\"@type\":\"ImageObject\",\"inLanguage\":\"it-IT\",\"@id\":\"https:\\\/\\\/aromed.ch\\\/it\\\/#\\\/schema\\\/logo\\\/image\\\/\",\"url\":\"https:\\\/\\\/aromed.ch\\\/wp-content\\\/uploads\\\/2023\\\/06\\\/aromed-logotype-fondation-it.svg\",\"contentUrl\":\"https:\\\/\\\/aromed.ch\\\/wp-content\\\/uploads\\\/2023\\\/06\\\/aromed-logotype-fondation-it.svg\",\"width\":960,\"height\":83,\"caption\":\"Aromed\"},\"image\":{\"@id\":\"https:\\\/\\\/aromed.ch\\\/it\\\/#\\\/schema\\\/logo\\\/image\\\/\"}}]}<\/script>\n<!-- \/ Yoast SEO plugin. -->","yoast_head_json":{"description":"Leggete la nota legale di Aromed.","robots":{"index":"index","follow":"follow","max-snippet":"max-snippet:-1","max-image-preview":"max-image-preview:large","max-video-preview":"max-video-preview:-1"},"canonical":"https:\/\/aromed.ch\/it\/informazioni-legali\/","og_locale":"it_IT","og_type":"article","og_title":"Informazioni legali - Aromed","og_description":"Leggete la nota legale di Aromed.","og_url":"https:\/\/aromed.ch\/it\/informazioni-legali\/","og_site_name":"Aromed","article_modified_time":"2023-08-04T12:52:59+00:00","twitter_card":"summary_large_image","twitter_misc":{"Tempo di lettura stimato":"5 minuti"},"schema":{"@context":"https:\/\/schema.org","@graph":[{"@type":"WebPage","@id":"https:\/\/aromed.ch\/it\/informazioni-legali\/","url":"https:\/\/aromed.ch\/it\/informazioni-legali\/","name":"Informazioni legali - Aromed","isPartOf":{"@id":"https:\/\/aromed.ch\/it\/#website"},"datePublished":"2023-08-04T08:59:17+00:00","dateModified":"2023-08-04T12:52:59+00:00","description":"Leggete la nota legale di Aromed.","breadcrumb":{"@id":"https:\/\/aromed.ch\/it\/informazioni-legali\/#breadcrumb"},"inLanguage":"it-IT","potentialAction":[{"@type":"ReadAction","target":["https:\/\/aromed.ch\/it\/informazioni-legali\/"]}]},{"@type":"BreadcrumbList","@id":"https:\/\/aromed.ch\/it\/informazioni-legali\/#breadcrumb","itemListElement":[{"@type":"ListItem","position":1,"name":"Home","item":"https:\/\/aromed.ch\/it\/"},{"@type":"ListItem","position":2,"name":"Informazioni legali"}]},{"@type":"WebSite","@id":"https:\/\/aromed.ch\/it\/#website","url":"https:\/\/aromed.ch\/it\/","name":"Aromed","description":"\/sc","publisher":{"@id":"https:\/\/aromed.ch\/it\/#organization"},"potentialAction":[{"@type":"SearchAction","target":{"@type":"EntryPoint","urlTemplate":"https:\/\/aromed.ch\/it\/?s={search_term_string}"},"query-input":{"@type":"PropertyValueSpecification","valueRequired":true,"valueName":"search_term_string"}}],"inLanguage":"it-IT"},{"@type":"Organization","@id":"https:\/\/aromed.ch\/it\/#organization","name":"Aromed","url":"https:\/\/aromed.ch\/it\/","logo":{"@type":"ImageObject","inLanguage":"it-IT","@id":"https:\/\/aromed.ch\/it\/#\/schema\/logo\/image\/","url":"https:\/\/aromed.ch\/wp-content\/uploads\/2023\/06\/aromed-logotype-fondation-it.svg","contentUrl":"https:\/\/aromed.ch\/wp-content\/uploads\/2023\/06\/aromed-logotype-fondation-it.svg","width":960,"height":83,"caption":"Aromed"},"image":{"@id":"https:\/\/aromed.ch\/it\/#\/schema\/logo\/image\/"}}]}},"_links":{"self":[{"href":"https:\/\/aromed.ch\/it\/wp-json\/wp\/v2\/pages\/5500","targetHints":{"allow":["GET"]}}],"collection":[{"href":"https:\/\/aromed.ch\/it\/wp-json\/wp\/v2\/pages"}],"about":[{"href":"https:\/\/aromed.ch\/it\/wp-json\/wp\/v2\/types\/page"}],"author":[{"embeddable":true,"href":"https:\/\/aromed.ch\/it\/wp-json\/wp\/v2\/users\/1"}],"replies":[{"embeddable":true,"href":"https:\/\/aromed.ch\/it\/wp-json\/wp\/v2\/comments?post=5500"}],"version-history":[{"count":5,"href":"https:\/\/aromed.ch\/it\/wp-json\/wp\/v2\/pages\/5500\/revisions"}],"predecessor-version":[{"id":5556,"href":"https:\/\/aromed.ch\/it\/wp-json\/wp\/v2\/pages\/5500\/revisions\/5556"}],"wp:attachment":[{"href":"https:\/\/aromed.ch\/it\/wp-json\/wp\/v2\/media?parent=5500"}],"curies":[{"name":"wp","href":"https:\/\/api.w.org\/{rel}","templated":true}]}}